{"id":101,"date":"2020-08-28T14:13:02","date_gmt":"2020-08-28T12:13:02","guid":{"rendered":"https:\/\/www.sv-moetzingen.de\/svm\/?page_id=101"},"modified":"2020-08-28T14:37:43","modified_gmt":"2020-08-28T12:37:43","slug":"foerderverein","status":"publish","type":"page","link":"https:\/\/www.sv-moetzingen.de\/svm\/foerderverein\/","title":{"rendered":"F\u00d6RDERVEREIN BLAU\/WEISS M\u00d6TZINGEN E.V."},"content":{"rendered":"\n<h2 class=\"wp-block-heading\">Gr\u00fcndung<\/h2>\n\n\n\n<p class=\"has-drop-cap\">Die Gr\u00fcndungsversammlung fand am 15.12.1992 im Sportheim M\u00f6tzingen statt. Der Protokollf\u00fchrer Frank Baitinger hatte als Beginn der Versammlung 19:30 Uhr notiert. Geschlossen wurde die Gr\u00fcndungsversammlung um 21:00 Uhr. Helmut Stoll wurde von den Anwesenden Gr\u00fcndungsmitgliedern als Versammlungsleiter bestimmt. Der wichtigste Tagesordnungspunkt war die Beschlussfassung \u00fcber die Konstituierung des F\u00f6rdervereins Blau\/Weiss M\u00f6tzingen, sowie die Beschlussfassung \u00fcber die Gr\u00fcndungssatzung.<br>Bei der Gr\u00fcndungsversammlung wurden folgende Personen gew\u00e4hlt:<\/p>\n\n\n\n<div class=\"wp-block-group\"><div class=\"wp-block-group__inner-container is-layout-flow wp-block-group-is-layout-flow\">\n<p>1. Vorsitzender: Helmut Stoll<br>2. Vorsitzender: Rolf Harter<br>Schriftf\u00fchrer: Frank Baitinger<br>Kassenwart: Manfred Teufel<br>Kassenpr\u00fcfer: Erhard Fauss<br>Kassenpr\u00fcfer: Rainer Sindlinger<br>Pressewart: Wolfgang Sindlinger<br>Beisitzer: Manfred Harr<br>Beisitzer: Matthias Sch\u00f6ck<br>Beisitzer: G\u00fcnther Deuble<\/p>\n<\/div><\/div>\n\n\n\n<p>Der F\u00f6rderverein wurde gegr\u00fcndet, um die 60.000 DM-Grenze (Umsatz) nochmals auszusch\u00f6pfen. SV M\u00f6tzingen 60.000 DM und F\u00f6rderverein 60.000 DM, somit konnten pro Jahr 60.000 DM umgesetzt werden, ohne Steuern zu zahlen.<br>Der F\u00f6rderverein ist aufgrund des geringen Umsatz (Kleinunternehmen) auch von der Umsatzsteuer befreit.<br>Der damalige Finanzminister Gerhard Mayer-Vorfelder hat zu diesem Thema in der Sch\u00f6nbronner Halle einen Vortrag gehalten. Mit Dabei waren u.a. Finanzexperten der OFD Karlsruhe.<\/p>\n\n\n\n<h2 class=\"wp-block-heading\">Zweck des Vereins<\/h2>\n\n\n\n<p>Zweck des Vereins ist die Beschaffung von Mitteln zur Weiterleitung an den SV M\u00f6tzingen. Dieser darf die Mittel ausschlie\u00dflich f\u00fcr den Neu- oder Umbau von Sportplatzanlagen verwenden. Dabei hat der Sportverein M\u00f6tzingen zu gew\u00e4hrleisten, dass die Mittel f\u00fcr solche Bauteile verwendet werden, welche den als gemeinn\u00fctzige Zwecken des Vereins dienen.<br>Der Zweck des F\u00f6rdervereins wurde am 05.02.1999 wie folgt erweitert:<br>Die Ausbildung und die T\u00e4tigkeit der \u00dcbungsleiter der Fu\u00dfballjugend, sowie die Beschaffung von Sportger\u00e4ten und Sportkleidung der Fu\u00dfballjugend.<\/p>\n\n\n\n<h2 class=\"wp-block-heading\">Eintragung des Vereins beim AG<\/h2>\n\n\n\n<p>Der F\u00f6rderverein Blau\/Weiss M\u00f6tzingen wurde am 08.04.1993 beim Vereinsregister des Amtsgericht B\u00f6blingen unter der Nummer VR1197 eingetragen.<br>Folgende Vorstandsmitglieder im Sinne des \u00a7 26 BGB wurden bisher beim AG eingetragen:<\/p>\n\n\n\n<figure class=\"wp-block-table\"><table class=\"has-fixed-layout\"><thead><tr><th>Erster Vorstand<\/th><th>Zweiter Vorstand<\/th><th>Kassier<\/th><\/tr><\/thead><tbody><tr><td>Helmut Stoll (1992-2002)<\/td><td>Rolf Harter (1992-1996)<\/td><td>Manfred Teufel(1992-2016)<\/td><\/tr><tr><td>J\u00fcrgen Haarer (2002-2008)<\/td><td>Rolf Stoll (1996-2002)<\/td><td>Steffen Mayer (seit 2016)<\/td><\/tr><tr><td>Egon Stoll (2008-2010)<\/td><td>Volker Meixner (2002-2004)<\/td><td><\/td><\/tr><tr><td>Ulrich Jahn (2010-2012)<\/td><td>Rainer Sindlinger (2004-2007)<\/td><td><\/td><\/tr><tr><td>Holger Frank (seit 2012)<\/td><td>Egon Stoll (2007-2008)<\/td><td><\/td><\/tr><tr><td><\/td><td>J\u00fcrgen Lutz (2008-2010)<\/td><td><\/td><\/tr><tr><td><\/td><td>Christian Luginsland (2010-2012)<\/td><td><\/td><\/tr><tr><td><\/td><td>Frank Babenst\u00fcber (2012-2014)<\/td><td><\/td><\/tr><tr><td><\/td><td>Patrick Roller (seit 2014)<\/td><td><\/td><\/tr><\/tbody><\/table><\/figure>\n\n\n\n<h2 class=\"wp-block-heading\">Erstes F\u00f6rderziel<\/h2>\n\n\n\n<p>Umbau des Hartplatzes in ein Rasenspielfeld:<br>Der Umbau des Hartplatzes (Rote Erde) wurde im Jahr 1997 abgeschlossen und man konnte den Rasenplatz mit einem Spiel gegen die VfB-Traiditionself einweihen. B\u00fcrgermeister Thomas Spri\u00dfler hielt die Einweihungsrede und begr\u00fc\u00dfte dabei auch das VfB-Team um Buffy Ettmayer. Die Finanzierung des Umbaus erfolgte durch den F\u00f6rderverein und den SV M\u00f6tzingen. Der W.L.S.B. Stgt unterst\u00fctzte die Ma\u00dfnahme mit einem erheblichen Betrag. Ein Zuschuss der Gemeinde erfolgte f\u00fcr diesen Sportplatzumbau nicht. Doch gleichzeitig mit unserer Umbauma\u00dfnahme baute die Gemeinde M\u00f6tzingen eine 100-m-Laufbahn. F\u00fcr die gesamten Kosten dieser Laufbahn kam die Gemeinde auf.<\/p>\n\n\n\n<h2 class=\"wp-block-heading\">Weiteres F\u00f6rderziel<\/h2>\n\n\n\n<p>Der F\u00f6rderverein unterst\u00fctzt die Fu\u00dfballjugend des SV M\u00f6tzingen. Dabei stellt der F\u00f6rderverein alle seine Geldmittel der SVM-Jugend zur Verf\u00fcgung. B\u00e4lle, Trikots, Sportger\u00e4te u.s.w. werden mit diesen erwirtschafteten Geldmitteln bezahlt. Weiterhin unterst\u00fctzt der F\u00f6rderverein die Aus- bzw. Weiterbildung der Jugendbetreuer. Hierbei werden Seminarkosten beim W.F.V. \u00fcbernommen, sowie die Kosten f\u00fcr den Erwerb einer Lizenz.<\/p>\n\n\n\n<h2 class=\"wp-block-heading\">Finanzierung des Vereins<\/h2>\n\n\n\n<p>Der Verein finanziert sich durch Veranstaltungen in Zusammenarbeit mit dem SVM. Weitere Einnahmen sind Spenden, Mitgliedsbeitr\u00e4ge und Einnahmen aus Bandenwerbungen an dem Hauptspielfeld des SV M\u00f6tzingen. Die Bandenwerbung wird seit 2012 betrieben, an dem Spielfeld gibt es jedoch noch gen\u00fcgend Platz f\u00fcr Werbetafeln. Hier bem\u00fcht sich der F\u00f6rderverein, noch weitere Firmen zu bekommen, die eine Werbetafel an dem Rasenspielfeld anbringen lassen.<\/p>\n\n\n\n<h2 class=\"wp-block-heading\">Vorstandsmitglieder des F\u00f6rdervereins<\/h2>\n\n\n\n<p>Die Vorstandschaft des F\u00f6rdervereins setzt sich wie folgt zusammen: (Stand M\u00e4rz 2016)<\/p>\n\n\n\n<p>1. Vorsitzender: Holger Frank<br>2. Vorsitzender: Patrick Roller<br>Kassier: Steffen Mayer<br>Schriftf\u00fchrer: Michael Landenberger<br>Beisitzer: Andrea Frank<br>Beisitzer: Andreas M\u00e4hler<\/p>\n\n\n\n<h2 class=\"wp-block-heading\">Mitglieder<\/h2>\n\n\n\n<p>Der F\u00f6rderverein hat (Stand 31.12.2015) 85 Vereinsmitglieder.<\/p>\n","protected":false},"excerpt":{"rendered":"<p>Gr\u00fcndung Die Gr\u00fcndungsversammlung fand am 15.12.1992 im Sportheim M\u00f6tzingen statt. Der Protokollf\u00fchrer Frank Baitinger hatte als Beginn der Versammlung 19:30 Uhr notiert. Geschlossen wurde die Gr\u00fcndungsversammlung um 21:00 Uhr. Helmut Stoll wurde von den Anwesenden Gr\u00fcndungsmitgliedern als Versammlungsleiter bestimmt. Der<\/p>\n","protected":false},"author":1,"featured_media":0,"parent":0,"menu_order":0,"comment_status":"closed","ping_status":"closed","template":"","meta":{"footnotes":""},"class_list":["post-101","page","type-page","status-publish","hentry"],"yoast_head":"<!-- This site is optimized with the Yoast SEO plugin v27.4 - https:\/\/yoast.com\/product\/yoast-seo-wordpress\/ -->\n<title>F\u00d6RDERVEREIN BLAU\/WEISS M\u00d6TZINGEN E.V. &#8211; SV M\u00f6tzingen<\/title>\n<meta name=\"robots\" content=\"index, follow, max-snippet:-1, max-image-preview:large, max-video-preview:-1\" \/>\n<link rel=\"canonical\" href=\"https:\/\/www.sv-moetzingen.de\/svm\/foerderverein\/\" \/>\n<meta property=\"og:locale\" content=\"de_DE\" \/>\n<meta property=\"og:type\" content=\"article\" \/>\n<meta property=\"og:title\" content=\"F\u00d6RDERVEREIN BLAU\/WEISS M\u00d6TZINGEN E.V. &#8211; SV M\u00f6tzingen\" \/>\n<meta property=\"og:description\" content=\"Gr\u00fcndung Die Gr\u00fcndungsversammlung fand am 15.12.1992 im Sportheim M\u00f6tzingen statt. Der Protokollf\u00fchrer Frank Baitinger hatte als Beginn der Versammlung 19:30 Uhr notiert. Geschlossen wurde die Gr\u00fcndungsversammlung um 21:00 Uhr. Helmut Stoll wurde von den Anwesenden Gr\u00fcndungsmitgliedern als Versammlungsleiter bestimmt. Der\" \/>\n<meta property=\"og:url\" content=\"https:\/\/www.sv-moetzingen.de\/svm\/foerderverein\/\" \/>\n<meta property=\"og:site_name\" content=\"SV M\u00f6tzingen\" \/>\n<meta property=\"article:publisher\" content=\"https:\/\/www.facebook.com\/SV-M%c3%b6tzingen-1925-eV-1475445622769203\" \/>\n<meta property=\"article:modified_time\" content=\"2020-08-28T12:37:43+00:00\" \/>\n<meta name=\"twitter:card\" content=\"summary_large_image\" \/>\n<meta name=\"twitter:label1\" content=\"Gesch\u00e4tzte Lesezeit\" \/>\n\t<meta name=\"twitter:data1\" content=\"3\u00a0Minuten\" \/>\n<script type=\"application\/ld+json\" class=\"yoast-schema-graph\">{\"@context\":\"https:\\\/\\\/schema.org\",\"@graph\":[{\"@type\":\"WebPage\",\"@id\":\"https:\\\/\\\/www.sv-moetzingen.de\\\/svm\\\/foerderverein\\\/\",\"url\":\"https:\\\/\\\/www.sv-moetzingen.de\\\/svm\\\/foerderverein\\\/\",\"name\":\"F\u00d6RDERVEREIN BLAU\\\/WEISS M\u00d6TZINGEN E.V. &#8211; SV M\u00f6tzingen\",\"isPartOf\":{\"@id\":\"https:\\\/\\\/www.sv-moetzingen.de\\\/svm\\\/#website\"},\"datePublished\":\"2020-08-28T12:13:02+00:00\",\"dateModified\":\"2020-08-28T12:37:43+00:00\",\"breadcrumb\":{\"@id\":\"https:\\\/\\\/www.sv-moetzingen.de\\\/svm\\\/foerderverein\\\/#breadcrumb\"},\"inLanguage\":\"de\",\"potentialAction\":[{\"@type\":\"ReadAction\",\"target\":[\"https:\\\/\\\/www.sv-moetzingen.de\\\/svm\\\/foerderverein\\\/\"]}]},{\"@type\":\"BreadcrumbList\",\"@id\":\"https:\\\/\\\/www.sv-moetzingen.de\\\/svm\\\/foerderverein\\\/#breadcrumb\",\"itemListElement\":[{\"@type\":\"ListItem\",\"position\":1,\"name\":\"Startseite\",\"item\":\"https:\\\/\\\/www.sv-moetzingen.de\\\/svm\\\/\"},{\"@type\":\"ListItem\",\"position\":2,\"name\":\"F\u00d6RDERVEREIN BLAU\\\/WEISS M\u00d6TZINGEN E.V.\"}]},{\"@type\":\"WebSite\",\"@id\":\"https:\\\/\\\/www.sv-moetzingen.de\\\/svm\\\/#website\",\"url\":\"https:\\\/\\\/www.sv-moetzingen.de\\\/svm\\\/\",\"name\":\"SV M\u00f6tzingen 1925 e.V.\",\"description\":\"\",\"publisher\":{\"@id\":\"https:\\\/\\\/www.sv-moetzingen.de\\\/svm\\\/#organization\"},\"potentialAction\":[{\"@type\":\"SearchAction\",\"target\":{\"@type\":\"EntryPoint\",\"urlTemplate\":\"https:\\\/\\\/www.sv-moetzingen.de\\\/svm\\\/?s={search_term_string}\"},\"query-input\":{\"@type\":\"PropertyValueSpecification\",\"valueRequired\":true,\"valueName\":\"search_term_string\"}}],\"inLanguage\":\"de\"},{\"@type\":\"Organization\",\"@id\":\"https:\\\/\\\/www.sv-moetzingen.de\\\/svm\\\/#organization\",\"name\":\"SV M\u00f6tzingen 1925 e.V.\",\"url\":\"https:\\\/\\\/www.sv-moetzingen.de\\\/svm\\\/\",\"logo\":{\"@type\":\"ImageObject\",\"inLanguage\":\"de\",\"@id\":\"https:\\\/\\\/www.sv-moetzingen.de\\\/svm\\\/#\\\/schema\\\/logo\\\/image\\\/\",\"url\":\"\",\"contentUrl\":\"\",\"caption\":\"SV M\u00f6tzingen 1925 e.V.\"},\"image\":{\"@id\":\"https:\\\/\\\/www.sv-moetzingen.de\\\/svm\\\/#\\\/schema\\\/logo\\\/image\\\/\"},\"sameAs\":[\"https:\\\/\\\/www.facebook.com\\\/SV-M\u00f6tzingen-1925-eV-1475445622769203\"]}]}<\/script>\n<!-- \/ Yoast SEO plugin. -->","yoast_head_json":{"title":"F\u00d6RDERVEREIN BLAU\/WEISS M\u00d6TZINGEN E.V. &#8211; SV M\u00f6tzingen","robots":{"index":"index","follow":"follow","max-snippet":"max-snippet:-1","max-image-preview":"max-image-preview:large","max-video-preview":"max-video-preview:-1"},"canonical":"https:\/\/www.sv-moetzingen.de\/svm\/foerderverein\/","og_locale":"de_DE","og_type":"article","og_title":"F\u00d6RDERVEREIN BLAU\/WEISS M\u00d6TZINGEN E.V. &#8211; SV M\u00f6tzingen","og_description":"Gr\u00fcndung Die Gr\u00fcndungsversammlung fand am 15.12.1992 im Sportheim M\u00f6tzingen statt. Der Protokollf\u00fchrer Frank Baitinger hatte als Beginn der Versammlung 19:30 Uhr notiert. Geschlossen wurde die Gr\u00fcndungsversammlung um 21:00 Uhr. Helmut Stoll wurde von den Anwesenden Gr\u00fcndungsmitgliedern als Versammlungsleiter bestimmt. Der","og_url":"https:\/\/www.sv-moetzingen.de\/svm\/foerderverein\/","og_site_name":"SV M\u00f6tzingen","article_publisher":"https:\/\/www.facebook.com\/SV-M%c3%b6tzingen-1925-eV-1475445622769203","article_modified_time":"2020-08-28T12:37:43+00:00","twitter_card":"summary_large_image","twitter_misc":{"Gesch\u00e4tzte Lesezeit":"3\u00a0Minuten"},"schema":{"@context":"https:\/\/schema.org","@graph":[{"@type":"WebPage","@id":"https:\/\/www.sv-moetzingen.de\/svm\/foerderverein\/","url":"https:\/\/www.sv-moetzingen.de\/svm\/foerderverein\/","name":"F\u00d6RDERVEREIN BLAU\/WEISS M\u00d6TZINGEN E.V. &#8211; SV M\u00f6tzingen","isPartOf":{"@id":"https:\/\/www.sv-moetzingen.de\/svm\/#website"},"datePublished":"2020-08-28T12:13:02+00:00","dateModified":"2020-08-28T12:37:43+00:00","breadcrumb":{"@id":"https:\/\/www.sv-moetzingen.de\/svm\/foerderverein\/#breadcrumb"},"inLanguage":"de","potentialAction":[{"@type":"ReadAction","target":["https:\/\/www.sv-moetzingen.de\/svm\/foerderverein\/"]}]},{"@type":"BreadcrumbList","@id":"https:\/\/www.sv-moetzingen.de\/svm\/foerderverein\/#breadcrumb","itemListElement":[{"@type":"ListItem","position":1,"name":"Startseite","item":"https:\/\/www.sv-moetzingen.de\/svm\/"},{"@type":"ListItem","position":2,"name":"F\u00d6RDERVEREIN BLAU\/WEISS M\u00d6TZINGEN E.V."}]},{"@type":"WebSite","@id":"https:\/\/www.sv-moetzingen.de\/svm\/#website","url":"https:\/\/www.sv-moetzingen.de\/svm\/","name":"SV M\u00f6tzingen 1925 e.V.","description":"","publisher":{"@id":"https:\/\/www.sv-moetzingen.de\/svm\/#organization"},"potentialAction":[{"@type":"SearchAction","target":{"@type":"EntryPoint","urlTemplate":"https:\/\/www.sv-moetzingen.de\/svm\/?s={search_term_string}"},"query-input":{"@type":"PropertyValueSpecification","valueRequired":true,"valueName":"search_term_string"}}],"inLanguage":"de"},{"@type":"Organization","@id":"https:\/\/www.sv-moetzingen.de\/svm\/#organization","name":"SV M\u00f6tzingen 1925 e.V.","url":"https:\/\/www.sv-moetzingen.de\/svm\/","logo":{"@type":"ImageObject","inLanguage":"de","@id":"https:\/\/www.sv-moetzingen.de\/svm\/#\/schema\/logo\/image\/","url":"","contentUrl":"","caption":"SV M\u00f6tzingen 1925 e.V."},"image":{"@id":"https:\/\/www.sv-moetzingen.de\/svm\/#\/schema\/logo\/image\/"},"sameAs":["https:\/\/www.facebook.com\/SV-M\u00f6tzingen-1925-eV-1475445622769203"]}]}},"rttpg_featured_image_url":null,"rttpg_author":{"display_name":"sira","author_link":"https:\/\/www.sv-moetzingen.de\/svm\/author\/sira\/"},"rttpg_comment":0,"rttpg_category":null,"rttpg_excerpt":"Gr\u00fcndung Die Gr\u00fcndungsversammlung fand am 15.12.1992 im Sportheim M\u00f6tzingen statt. Der Protokollf\u00fchrer Frank Baitinger hatte als Beginn der Versammlung 19:30 Uhr notiert. Geschlossen wurde die Gr\u00fcndungsversammlung um 21:00 Uhr. Helmut Stoll wurde von den Anwesenden Gr\u00fcndungsmitgliedern als Versammlungsleiter bestimmt. Der","_links":{"self":[{"href":"https:\/\/www.sv-moetzingen.de\/svm\/wp-json\/wp\/v2\/pages\/101","targetHints":{"allow":["GET"]}}],"collection":[{"href":"https:\/\/www.sv-moetzingen.de\/svm\/wp-json\/wp\/v2\/pages"}],"about":[{"href":"https:\/\/www.sv-moetzingen.de\/svm\/wp-json\/wp\/v2\/types\/page"}],"author":[{"embeddable":true,"href":"https:\/\/www.sv-moetzingen.de\/svm\/wp-json\/wp\/v2\/users\/1"}],"replies":[{"embeddable":true,"href":"https:\/\/www.sv-moetzingen.de\/svm\/wp-json\/wp\/v2\/comments?post=101"}],"version-history":[{"count":2,"href":"https:\/\/www.sv-moetzingen.de\/svm\/wp-json\/wp\/v2\/pages\/101\/revisions"}],"predecessor-version":[{"id":119,"href":"https:\/\/www.sv-moetzingen.de\/svm\/wp-json\/wp\/v2\/pages\/101\/revisions\/119"}],"wp:attachment":[{"href":"https:\/\/www.sv-moetzingen.de\/svm\/wp-json\/wp\/v2\/media?parent=101"}],"curies":[{"name":"wp","href":"https:\/\/api.w.org\/{rel}","templated":true}]}}