{"id":1676,"date":"2022-12-09T17:22:51","date_gmt":"2022-12-09T16:22:51","guid":{"rendered":"https:\/\/www.sv-moetzingen.de\/svm\/?page_id=1676"},"modified":"2022-12-09T17:35:06","modified_gmt":"2022-12-09T16:35:06","slug":"ah-berichte2022","status":"publish","type":"page","link":"https:\/\/www.sv-moetzingen.de\/svm\/ah-berichte2022\/","title":{"rendered":"AH-Berichte2022"},"content":{"rendered":"\n<p>Hier die \u00dcbersicht f\u00fcr 2022:<\/p>\n\n\n\n<ul class=\"wp-block-list\">\n<li><a href=\"#bericht1\">Freundschaftsspiel gegen Oberjettingen am 13.05.2022<\/a><\/li>\n\n\n\n<li><a href=\"#bericht2\">Freundschaftsspiel gegen SpVgg Wart\/Ebershardt am 25.06.2022<\/a><\/li>\n<\/ul>\n\n\n\n<h3 class=\"wp-block-heading\" id=\"bericht1\">Freundschaftsspiel gegen Oberjettingen am 13.05.2022<\/h3>\n\n\n\n<p>VFL Oberjettingen \u2013 SV M\u00f6tzingen 2:2\u00a0\u00a0\u00a0\u00a0Tore: Benjamin Schiebel, Sch\u00fctze aus Oberjettingen<\/p>\n\n\n\n<p>Nach 2 Jahren Spielpause fand endlich mal wieder ein Freundschaftsspiel statt. Dieses Mal ging es gegen Oberjettingen. Corona hat Spuren hinterlassen und den Kader ziemlich dezimiert. Mit M\u00fche und Not bekammen wir 11 Spieler zusammen. Da aber Michael Manhalter nicht rechtzeitig Feierabend hatte begannen wir mit 10 M\u00f6tzinger und einem Oberjettinger Spieler.<\/p>\n\n\n\n<p>Trotz der langen Pause fanden beide Mannschaften gut ins Spiel. Die Vorgabe war zuerst devensiv gut zu stehen und dann versuchen mit schnellen Kontern die Oberjettinger zu \u00fcberraschen. Dies gelang uns auch sehr gut und Moritz Blaskow in seinem ersten AH Spiel hatte gleich zu Beginn die erste gro\u00dfe Chance. Er wurde geschickt vorne angespielt und sein Fernschuss aus 20 Meter klatschte leider nur an den Pfosten. Die Oberjettinger waren nun gewarnt und fanden nun besser ins Spiel. Aus einem Abwehrfehler gingen die Oberjettinger Mannschaft nach einem sch\u00f6nen Doppelpass mit 1:0 in F\u00fchrung. Aber wir lie\u00dfen uns nicht davon beeindrucken und spielten weiter sch\u00f6nen Konterfu\u00dfball. Durch einen sch\u00f6nen Kopfball ins lange Eck von Benjamin Schiebel nach einem Freisto\u00df glichen wir noch kurz vor der Halbzeit zum verdienten 1:1 Halbzeitstand aus.<\/p>\n\n\n\n<p>Obwohl die Beine jetzt schwerer wurden spielten wir in der 2.Halbzeit weiter munter nach vorne. Die gr\u00f6\u00dfte Chance im Spiel hatte wieder Moritz Blaskow, der leider frei vor dem Torwart vergab. Besser machte es dann der Oberjettinger Spieler der f\u00fcr uns spielte er versenkte einen Fernschuss sauber ins Eck zur 2:1 F\u00fchrung f\u00fcr den SVM. Nachdem Frank Dettling und Rainer Bertsch verletzungsbedingt ausfielen und wir mehrmals umstellen mussten, verloren wir die Ordnung im Mittelfeld und die Oberjettinger Mannschaft dr\u00fcckte uns in die Defensive. Daher viel auch kurz vor Schluss durch einen planzierten Schuss der Ausgleichstreffer f\u00fcr Oberjettinger. Es blieb beim leistungsgerechten Unentschieden.<\/p>\n\n\n\n<p>Fazit:<br>Das erste Spiel nach einer so langen Zwangspause ist richtig gut gelaufen. Es hat sich keiner schwerer verletzt, es hat allen Spa\u00df gemacht. Durch eine bessere Chancenverwertung w\u00e4re eventuell sogar ein Sieg m\u00f6glich gewesen.<\/p>\n\n\n\n<p>Aufstellung:<br>Andreas M\u00e4hler, Michael Manhalter, Frank Dettling, Heinz Ku\u00dfmaul, Michael Hiller, Thomas M\u00fcller, Benjamin Schiebel, Daniel G\u00e4rtner, Ayman Ghazi, Moritz Blaskow, Rainer Bertsch<\/p>\n\n\n\n<p><\/p>\n\n\n\n<h3 class=\"wp-block-heading\" id=\"bericht2\">Freundschaftsspeil gegen Wart\/Ebershardt am 26.05.2022<\/h3>\n\n\n\n<p>Wart-Ebershardt \u2013 SV M\u00f6tzingen \u00a0\u00a0\u00a0 \u00a0\u00a0\u00a0\u00a0\u00a0\u00a0\u00a0\u00a0\u00a0\u00a0\u00a0 4:1\u00a0\u00a0\u00a0\u00a0Tor: Rainer Bertsch<\/p>\n\n\n\n<p>Im Rahmen vom Jubil\u00e4um von Wart-Ebershardt fand ein Festspiel zwischen M\u00f6tzingen und Wart -Ebershardt statt. Dieses Mal hatten wir viele Spieler dabei \u2013 insgesamt 15 Spieler und konnten somit oft wechseln um die konditionellen M\u00e4ngel auszugleichen. Wir kamen gut ins Spiel und hatten auch nach ein paar Minuten schon die ersten Chancen. Nach einem dummen Fehlpass im Mittelfeld bekamen wir durch einen sch\u00f6n herausgespielten Konter das 1:0. Dies lie\u00df uns nicht aus der Ruhe bringen und wir verst\u00e4rkten unsere Angriffsbem\u00fchungen. Dies hatte auch Erfolg. Aus einer Standardsituation geschlagen durch Benni Schiebel stieg Rainer Bertsch am h\u00f6chsten und erzielte einen sch\u00f6nen Kopfballtreffer. In dieser Phase waren wir hoch \u00fcberlegen und hatten die Ebershardter voll im Griff. Leider vergaben wir in den letzten 20 Minuten 3-4 100 prozentige Chancen und h\u00e4tten locker mit 3 oder 4:1 in die Kabine gehen m\u00fcssen.<\/p>\n\n\n\n<p>In der 2. Halbzeit war das Spiel dann lange Zeit ausgeglichen. Je l\u00e4nger die Spielzeit ging umso mehr schwanden beim SVM die Kr\u00e4fte. Der Gegner hatte mehr Reserven und erzielte daraufhin 2 unhaltbare Tore zum 3:1. Danach versuchten wir nochmal alles aber es wollte einfach kein Tor mehr fallen. Stattdessen waren wir hinten dann anf\u00e4lliger und kassierten auch noch kurz vor Schluss das 4:1. Dieses Ergebnis war um 1-2 Tore zu hoch.<\/p>\n\n\n\n<p>Fazit:<br>H\u00e4tten wir unsere Chancen in der ersten Halbzeit konsequent genutzt w\u00e4re ein Unentschieden m\u00f6glich gewesen. Es hat aber allen Spa\u00df gemacht und keiner hat sich verletzt!<\/p>\n\n\n\n<p>Aufstellung: <br>Andreas M\u00e4hler, Michael Manhalter, Frank Dettling, Frank Babenst\u00fcber, Heinz Ku\u00dfmaul, Michael Hiller, Thomas M\u00fcller, Benjamin Schiebel, Daniel G\u00e4rtner, Ayman Ghazi, Moritz Blaskow, Rainer Bertsch, Georgious Papandreous, Mario Klauss, Martin R\u00f6hm, Marc Gordano, Michael Landenberger<\/p>\n\n\n\n<p><\/p>\n","protected":false},"excerpt":{"rendered":"<p>Hier die \u00dcbersicht f\u00fcr 2022: Freundschaftsspiel gegen Oberjettingen am 13.05.2022 VFL Oberjettingen \u2013 SV M\u00f6tzingen 2:2\u00a0\u00a0\u00a0\u00a0Tore: Benjamin Schiebel, Sch\u00fctze aus Oberjettingen Nach 2 Jahren Spielpause fand endlich mal wieder ein Freundschaftsspiel statt. Dieses Mal ging es gegen Oberjettingen. Corona hat<\/p>\n","protected":false},"author":1,"featured_media":0,"parent":0,"menu_order":0,"comment_status":"closed","ping_status":"closed","template":"","meta":{"footnotes":""},"class_list":["post-1676","page","type-page","status-publish","hentry"],"yoast_head":"<!-- This site is optimized with the Yoast SEO plugin v27.4 - https:\/\/yoast.com\/product\/yoast-seo-wordpress\/ -->\n<title>AH-Berichte2022 &#8211; SV M\u00f6tzingen<\/title>\n<meta name=\"robots\" content=\"index, follow, max-snippet:-1, max-image-preview:large, max-video-preview:-1\" \/>\n<link rel=\"canonical\" href=\"https:\/\/www.sv-moetzingen.de\/svm\/ah-berichte2022\/\" \/>\n<meta property=\"og:locale\" content=\"de_DE\" \/>\n<meta property=\"og:type\" content=\"article\" \/>\n<meta property=\"og:title\" content=\"AH-Berichte2022 &#8211; SV M\u00f6tzingen\" \/>\n<meta property=\"og:description\" content=\"Hier die \u00dcbersicht f\u00fcr 2022: Freundschaftsspiel gegen Oberjettingen am 13.05.2022 VFL Oberjettingen \u2013 SV M\u00f6tzingen 2:2\u00a0\u00a0\u00a0\u00a0Tore: Benjamin Schiebel, Sch\u00fctze aus Oberjettingen Nach 2 Jahren Spielpause fand endlich mal wieder ein Freundschaftsspiel statt. Dieses Mal ging es gegen Oberjettingen. Corona hat\" \/>\n<meta property=\"og:url\" content=\"https:\/\/www.sv-moetzingen.de\/svm\/ah-berichte2022\/\" \/>\n<meta property=\"og:site_name\" content=\"SV M\u00f6tzingen\" \/>\n<meta property=\"article:publisher\" content=\"https:\/\/www.facebook.com\/SV-M%c3%b6tzingen-1925-eV-1475445622769203\" \/>\n<meta property=\"article:modified_time\" content=\"2022-12-09T16:35:06+00:00\" \/>\n<meta name=\"twitter:card\" content=\"summary_large_image\" \/>\n<meta name=\"twitter:label1\" content=\"Gesch\u00e4tzte Lesezeit\" \/>\n\t<meta name=\"twitter:data1\" content=\"4\u00a0Minuten\" \/>\n<script type=\"application\/ld+json\" class=\"yoast-schema-graph\">{\"@context\":\"https:\\\/\\\/schema.org\",\"@graph\":[{\"@type\":\"WebPage\",\"@id\":\"https:\\\/\\\/www.sv-moetzingen.de\\\/svm\\\/ah-berichte2022\\\/\",\"url\":\"https:\\\/\\\/www.sv-moetzingen.de\\\/svm\\\/ah-berichte2022\\\/\",\"name\":\"AH-Berichte2022 &#8211; SV M\u00f6tzingen\",\"isPartOf\":{\"@id\":\"https:\\\/\\\/www.sv-moetzingen.de\\\/svm\\\/#website\"},\"datePublished\":\"2022-12-09T16:22:51+00:00\",\"dateModified\":\"2022-12-09T16:35:06+00:00\",\"breadcrumb\":{\"@id\":\"https:\\\/\\\/www.sv-moetzingen.de\\\/svm\\\/ah-berichte2022\\\/#breadcrumb\"},\"inLanguage\":\"de\",\"potentialAction\":[{\"@type\":\"ReadAction\",\"target\":[\"https:\\\/\\\/www.sv-moetzingen.de\\\/svm\\\/ah-berichte2022\\\/\"]}]},{\"@type\":\"BreadcrumbList\",\"@id\":\"https:\\\/\\\/www.sv-moetzingen.de\\\/svm\\\/ah-berichte2022\\\/#breadcrumb\",\"itemListElement\":[{\"@type\":\"ListItem\",\"position\":1,\"name\":\"Startseite\",\"item\":\"https:\\\/\\\/www.sv-moetzingen.de\\\/svm\\\/\"},{\"@type\":\"ListItem\",\"position\":2,\"name\":\"AH-Berichte2022\"}]},{\"@type\":\"WebSite\",\"@id\":\"https:\\\/\\\/www.sv-moetzingen.de\\\/svm\\\/#website\",\"url\":\"https:\\\/\\\/www.sv-moetzingen.de\\\/svm\\\/\",\"name\":\"SV M\u00f6tzingen 1925 e.V.\",\"description\":\"\",\"publisher\":{\"@id\":\"https:\\\/\\\/www.sv-moetzingen.de\\\/svm\\\/#organization\"},\"potentialAction\":[{\"@type\":\"SearchAction\",\"target\":{\"@type\":\"EntryPoint\",\"urlTemplate\":\"https:\\\/\\\/www.sv-moetzingen.de\\\/svm\\\/?s={search_term_string}\"},\"query-input\":{\"@type\":\"PropertyValueSpecification\",\"valueRequired\":true,\"valueName\":\"search_term_string\"}}],\"inLanguage\":\"de\"},{\"@type\":\"Organization\",\"@id\":\"https:\\\/\\\/www.sv-moetzingen.de\\\/svm\\\/#organization\",\"name\":\"SV M\u00f6tzingen 1925 e.V.\",\"url\":\"https:\\\/\\\/www.sv-moetzingen.de\\\/svm\\\/\",\"logo\":{\"@type\":\"ImageObject\",\"inLanguage\":\"de\",\"@id\":\"https:\\\/\\\/www.sv-moetzingen.de\\\/svm\\\/#\\\/schema\\\/logo\\\/image\\\/\",\"url\":\"\",\"contentUrl\":\"\",\"caption\":\"SV M\u00f6tzingen 1925 e.V.\"},\"image\":{\"@id\":\"https:\\\/\\\/www.sv-moetzingen.de\\\/svm\\\/#\\\/schema\\\/logo\\\/image\\\/\"},\"sameAs\":[\"https:\\\/\\\/www.facebook.com\\\/SV-M\u00f6tzingen-1925-eV-1475445622769203\"]}]}<\/script>\n<!-- \/ Yoast SEO plugin. -->","yoast_head_json":{"title":"AH-Berichte2022 &#8211; SV M\u00f6tzingen","robots":{"index":"index","follow":"follow","max-snippet":"max-snippet:-1","max-image-preview":"max-image-preview:large","max-video-preview":"max-video-preview:-1"},"canonical":"https:\/\/www.sv-moetzingen.de\/svm\/ah-berichte2022\/","og_locale":"de_DE","og_type":"article","og_title":"AH-Berichte2022 &#8211; SV M\u00f6tzingen","og_description":"Hier die \u00dcbersicht f\u00fcr 2022: Freundschaftsspiel gegen Oberjettingen am 13.05.2022 VFL Oberjettingen \u2013 SV M\u00f6tzingen 2:2\u00a0\u00a0\u00a0\u00a0Tore: Benjamin Schiebel, Sch\u00fctze aus Oberjettingen Nach 2 Jahren Spielpause fand endlich mal wieder ein Freundschaftsspiel statt. Dieses Mal ging es gegen Oberjettingen. Corona hat","og_url":"https:\/\/www.sv-moetzingen.de\/svm\/ah-berichte2022\/","og_site_name":"SV M\u00f6tzingen","article_publisher":"https:\/\/www.facebook.com\/SV-M%c3%b6tzingen-1925-eV-1475445622769203","article_modified_time":"2022-12-09T16:35:06+00:00","twitter_card":"summary_large_image","twitter_misc":{"Gesch\u00e4tzte Lesezeit":"4\u00a0Minuten"},"schema":{"@context":"https:\/\/schema.org","@graph":[{"@type":"WebPage","@id":"https:\/\/www.sv-moetzingen.de\/svm\/ah-berichte2022\/","url":"https:\/\/www.sv-moetzingen.de\/svm\/ah-berichte2022\/","name":"AH-Berichte2022 &#8211; SV M\u00f6tzingen","isPartOf":{"@id":"https:\/\/www.sv-moetzingen.de\/svm\/#website"},"datePublished":"2022-12-09T16:22:51+00:00","dateModified":"2022-12-09T16:35:06+00:00","breadcrumb":{"@id":"https:\/\/www.sv-moetzingen.de\/svm\/ah-berichte2022\/#breadcrumb"},"inLanguage":"de","potentialAction":[{"@type":"ReadAction","target":["https:\/\/www.sv-moetzingen.de\/svm\/ah-berichte2022\/"]}]},{"@type":"BreadcrumbList","@id":"https:\/\/www.sv-moetzingen.de\/svm\/ah-berichte2022\/#breadcrumb","itemListElement":[{"@type":"ListItem","position":1,"name":"Startseite","item":"https:\/\/www.sv-moetzingen.de\/svm\/"},{"@type":"ListItem","position":2,"name":"AH-Berichte2022"}]},{"@type":"WebSite","@id":"https:\/\/www.sv-moetzingen.de\/svm\/#website","url":"https:\/\/www.sv-moetzingen.de\/svm\/","name":"SV M\u00f6tzingen 1925 e.V.","description":"","publisher":{"@id":"https:\/\/www.sv-moetzingen.de\/svm\/#organization"},"potentialAction":[{"@type":"SearchAction","target":{"@type":"EntryPoint","urlTemplate":"https:\/\/www.sv-moetzingen.de\/svm\/?s={search_term_string}"},"query-input":{"@type":"PropertyValueSpecification","valueRequired":true,"valueName":"search_term_string"}}],"inLanguage":"de"},{"@type":"Organization","@id":"https:\/\/www.sv-moetzingen.de\/svm\/#organization","name":"SV M\u00f6tzingen 1925 e.V.","url":"https:\/\/www.sv-moetzingen.de\/svm\/","logo":{"@type":"ImageObject","inLanguage":"de","@id":"https:\/\/www.sv-moetzingen.de\/svm\/#\/schema\/logo\/image\/","url":"","contentUrl":"","caption":"SV M\u00f6tzingen 1925 e.V."},"image":{"@id":"https:\/\/www.sv-moetzingen.de\/svm\/#\/schema\/logo\/image\/"},"sameAs":["https:\/\/www.facebook.com\/SV-M\u00f6tzingen-1925-eV-1475445622769203"]}]}},"rttpg_featured_image_url":null,"rttpg_author":{"display_name":"sira","author_link":"https:\/\/www.sv-moetzingen.de\/svm\/author\/sira\/"},"rttpg_comment":0,"rttpg_category":null,"rttpg_excerpt":"Hier die \u00dcbersicht f\u00fcr 2022: Freundschaftsspiel gegen Oberjettingen am 13.05.2022 VFL Oberjettingen \u2013 SV M\u00f6tzingen 2:2\u00a0\u00a0\u00a0\u00a0Tore: Benjamin Schiebel, Sch\u00fctze aus Oberjettingen Nach 2 Jahren Spielpause fand endlich mal wieder ein Freundschaftsspiel statt. Dieses Mal ging es gegen Oberjettingen. Corona hat","_links":{"self":[{"href":"https:\/\/www.sv-moetzingen.de\/svm\/wp-json\/wp\/v2\/pages\/1676","targetHints":{"allow":["GET"]}}],"collection":[{"href":"https:\/\/www.sv-moetzingen.de\/svm\/wp-json\/wp\/v2\/pages"}],"about":[{"href":"https:\/\/www.sv-moetzingen.de\/svm\/wp-json\/wp\/v2\/types\/page"}],"author":[{"embeddable":true,"href":"https:\/\/www.sv-moetzingen.de\/svm\/wp-json\/wp\/v2\/users\/1"}],"replies":[{"embeddable":true,"href":"https:\/\/www.sv-moetzingen.de\/svm\/wp-json\/wp\/v2\/comments?post=1676"}],"version-history":[{"count":3,"href":"https:\/\/www.sv-moetzingen.de\/svm\/wp-json\/wp\/v2\/pages\/1676\/revisions"}],"predecessor-version":[{"id":1681,"href":"https:\/\/www.sv-moetzingen.de\/svm\/wp-json\/wp\/v2\/pages\/1676\/revisions\/1681"}],"wp:attachment":[{"href":"https:\/\/www.sv-moetzingen.de\/svm\/wp-json\/wp\/v2\/media?parent=1676"}],"curies":[{"name":"wp","href":"https:\/\/api.w.org\/{rel}","templated":true}]}}