{"id":1814,"date":"2023-09-02T12:28:27","date_gmt":"2023-09-02T10:28:27","guid":{"rendered":"https:\/\/www.sv-moetzingen.de\/svm\/?page_id=1814"},"modified":"2026-04-21T17:03:28","modified_gmt":"2026-04-21T15:03:28","slug":"veranstaltungshinweise-9m-turnier","status":"publish","type":"page","link":"https:\/\/www.sv-moetzingen.de\/svm\/veranstaltungshinweise-9m-turnier\/","title":{"rendered":"Veranstaltungshinweise 9m-Turnier"},"content":{"rendered":"\n<h2 class=\"wp-block-heading\" id=\"datenschutzhinweise\">Datenschutzhinweise<\/h2>\n\n\n\n<p>Es gelten unsere generellen <a href=\"https:\/\/www.sv-moetzingen.de\/svm\/datenschutz\/\">Datenschutzhinweise<\/a>. Zudem weisen wir daraufhin, dass die durch das Anmeldeformular erhobenen Daten ausschlie\u00dflich f\u00fcr die Anmeldung bzw. f\u00fcr die Durchf\u00fchrung der Aktion erhoben und verarbeitet werden. Dar\u00fcber hinaus werden die Daten <strong>nicht<\/strong> weitergegeben oder weiterverwendet und unmittelbar nach der Aktion gel\u00f6scht.<\/p>\n\n\n\n<p>Die genauen Veranstaltungshinweise findet ihr in diesem <a href=\"https:\/\/www.sv-moetzingen.de\/svm\/wp-content\/uploads\/2026\/04\/Einladung-9-Meter-Turnier.pdf\" target=\"_blank\" rel=\"noreferrer noopener\">PDF<\/a><\/p>\n\n\n\n<p><\/p>\n","protected":false},"excerpt":{"rendered":"<p>Datenschutzhinweise Es gelten unsere generellen Datenschutzhinweise. Zudem weisen wir daraufhin, dass die durch das Anmeldeformular erhobenen Daten ausschlie\u00dflich f\u00fcr die Anmeldung bzw. f\u00fcr die Durchf\u00fchrung der Aktion erhoben und verarbeitet werden. Dar\u00fcber hinaus werden die Daten nicht weitergegeben oder weiterverwendet<\/p>\n","protected":false},"author":1,"featured_media":0,"parent":0,"menu_order":0,"comment_status":"closed","ping_status":"closed","template":"","meta":{"footnotes":""},"class_list":["post-1814","page","type-page","status-publish","hentry"],"yoast_head":"<!-- This site is optimized with the Yoast SEO plugin v27.4 - https:\/\/yoast.com\/product\/yoast-seo-wordpress\/ -->\n<title>Veranstaltungshinweise 9m-Turnier &#8211; SV M\u00f6tzingen<\/title>\n<meta name=\"robots\" content=\"index, follow, max-snippet:-1, max-image-preview:large, max-video-preview:-1\" \/>\n<link rel=\"canonical\" href=\"https:\/\/www.sv-moetzingen.de\/svm\/veranstaltungshinweise-9m-turnier\/\" \/>\n<meta property=\"og:locale\" content=\"de_DE\" \/>\n<meta property=\"og:type\" content=\"article\" \/>\n<meta property=\"og:title\" content=\"Veranstaltungshinweise 9m-Turnier &#8211; SV M\u00f6tzingen\" \/>\n<meta property=\"og:description\" content=\"Datenschutzhinweise Es gelten unsere generellen Datenschutzhinweise. Zudem weisen wir daraufhin, dass die durch das Anmeldeformular erhobenen Daten ausschlie\u00dflich f\u00fcr die Anmeldung bzw. f\u00fcr die Durchf\u00fchrung der Aktion erhoben und verarbeitet werden. Dar\u00fcber hinaus werden die Daten nicht weitergegeben oder weiterverwendet\" \/>\n<meta property=\"og:url\" content=\"https:\/\/www.sv-moetzingen.de\/svm\/veranstaltungshinweise-9m-turnier\/\" \/>\n<meta property=\"og:site_name\" content=\"SV M\u00f6tzingen\" \/>\n<meta property=\"article:publisher\" content=\"https:\/\/www.facebook.com\/SV-M%c3%b6tzingen-1925-eV-1475445622769203\" \/>\n<meta property=\"article:modified_time\" content=\"2026-04-21T15:03:28+00:00\" \/>\n<meta name=\"twitter:card\" content=\"summary_large_image\" \/>\n<meta name=\"twitter:label1\" content=\"Gesch\u00e4tzte Lesezeit\" \/>\n\t<meta name=\"twitter:data1\" content=\"1\u00a0Minute\" \/>\n<script type=\"application\/ld+json\" class=\"yoast-schema-graph\">{\"@context\":\"https:\\\/\\\/schema.org\",\"@graph\":[{\"@type\":\"WebPage\",\"@id\":\"https:\\\/\\\/www.sv-moetzingen.de\\\/svm\\\/veranstaltungshinweise-9m-turnier\\\/\",\"url\":\"https:\\\/\\\/www.sv-moetzingen.de\\\/svm\\\/veranstaltungshinweise-9m-turnier\\\/\",\"name\":\"Veranstaltungshinweise 9m-Turnier &#8211; SV M\u00f6tzingen\",\"isPartOf\":{\"@id\":\"https:\\\/\\\/www.sv-moetzingen.de\\\/svm\\\/#website\"},\"datePublished\":\"2023-09-02T10:28:27+00:00\",\"dateModified\":\"2026-04-21T15:03:28+00:00\",\"breadcrumb\":{\"@id\":\"https:\\\/\\\/www.sv-moetzingen.de\\\/svm\\\/veranstaltungshinweise-9m-turnier\\\/#breadcrumb\"},\"inLanguage\":\"de\",\"potentialAction\":[{\"@type\":\"ReadAction\",\"target\":[\"https:\\\/\\\/www.sv-moetzingen.de\\\/svm\\\/veranstaltungshinweise-9m-turnier\\\/\"]}]},{\"@type\":\"BreadcrumbList\",\"@id\":\"https:\\\/\\\/www.sv-moetzingen.de\\\/svm\\\/veranstaltungshinweise-9m-turnier\\\/#breadcrumb\",\"itemListElement\":[{\"@type\":\"ListItem\",\"position\":1,\"name\":\"Startseite\",\"item\":\"https:\\\/\\\/www.sv-moetzingen.de\\\/svm\\\/\"},{\"@type\":\"ListItem\",\"position\":2,\"name\":\"Veranstaltungshinweise 9m-Turnier\"}]},{\"@type\":\"WebSite\",\"@id\":\"https:\\\/\\\/www.sv-moetzingen.de\\\/svm\\\/#website\",\"url\":\"https:\\\/\\\/www.sv-moetzingen.de\\\/svm\\\/\",\"name\":\"SV M\u00f6tzingen 1925 e.V.\",\"description\":\"\",\"publisher\":{\"@id\":\"https:\\\/\\\/www.sv-moetzingen.de\\\/svm\\\/#organization\"},\"potentialAction\":[{\"@type\":\"SearchAction\",\"target\":{\"@type\":\"EntryPoint\",\"urlTemplate\":\"https:\\\/\\\/www.sv-moetzingen.de\\\/svm\\\/?s={search_term_string}\"},\"query-input\":{\"@type\":\"PropertyValueSpecification\",\"valueRequired\":true,\"valueName\":\"search_term_string\"}}],\"inLanguage\":\"de\"},{\"@type\":\"Organization\",\"@id\":\"https:\\\/\\\/www.sv-moetzingen.de\\\/svm\\\/#organization\",\"name\":\"SV M\u00f6tzingen 1925 e.V.\",\"url\":\"https:\\\/\\\/www.sv-moetzingen.de\\\/svm\\\/\",\"logo\":{\"@type\":\"ImageObject\",\"inLanguage\":\"de\",\"@id\":\"https:\\\/\\\/www.sv-moetzingen.de\\\/svm\\\/#\\\/schema\\\/logo\\\/image\\\/\",\"url\":\"\",\"contentUrl\":\"\",\"caption\":\"SV M\u00f6tzingen 1925 e.V.\"},\"image\":{\"@id\":\"https:\\\/\\\/www.sv-moetzingen.de\\\/svm\\\/#\\\/schema\\\/logo\\\/image\\\/\"},\"sameAs\":[\"https:\\\/\\\/www.facebook.com\\\/SV-M\u00f6tzingen-1925-eV-1475445622769203\"]}]}<\/script>\n<!-- \/ Yoast SEO plugin. -->","yoast_head_json":{"title":"Veranstaltungshinweise 9m-Turnier &#8211; SV M\u00f6tzingen","robots":{"index":"index","follow":"follow","max-snippet":"max-snippet:-1","max-image-preview":"max-image-preview:large","max-video-preview":"max-video-preview:-1"},"canonical":"https:\/\/www.sv-moetzingen.de\/svm\/veranstaltungshinweise-9m-turnier\/","og_locale":"de_DE","og_type":"article","og_title":"Veranstaltungshinweise 9m-Turnier &#8211; SV M\u00f6tzingen","og_description":"Datenschutzhinweise Es gelten unsere generellen Datenschutzhinweise. Zudem weisen wir daraufhin, dass die durch das Anmeldeformular erhobenen Daten ausschlie\u00dflich f\u00fcr die Anmeldung bzw. f\u00fcr die Durchf\u00fchrung der Aktion erhoben und verarbeitet werden. Dar\u00fcber hinaus werden die Daten nicht weitergegeben oder weiterverwendet","og_url":"https:\/\/www.sv-moetzingen.de\/svm\/veranstaltungshinweise-9m-turnier\/","og_site_name":"SV M\u00f6tzingen","article_publisher":"https:\/\/www.facebook.com\/SV-M%c3%b6tzingen-1925-eV-1475445622769203","article_modified_time":"2026-04-21T15:03:28+00:00","twitter_card":"summary_large_image","twitter_misc":{"Gesch\u00e4tzte Lesezeit":"1\u00a0Minute"},"schema":{"@context":"https:\/\/schema.org","@graph":[{"@type":"WebPage","@id":"https:\/\/www.sv-moetzingen.de\/svm\/veranstaltungshinweise-9m-turnier\/","url":"https:\/\/www.sv-moetzingen.de\/svm\/veranstaltungshinweise-9m-turnier\/","name":"Veranstaltungshinweise 9m-Turnier &#8211; SV M\u00f6tzingen","isPartOf":{"@id":"https:\/\/www.sv-moetzingen.de\/svm\/#website"},"datePublished":"2023-09-02T10:28:27+00:00","dateModified":"2026-04-21T15:03:28+00:00","breadcrumb":{"@id":"https:\/\/www.sv-moetzingen.de\/svm\/veranstaltungshinweise-9m-turnier\/#breadcrumb"},"inLanguage":"de","potentialAction":[{"@type":"ReadAction","target":["https:\/\/www.sv-moetzingen.de\/svm\/veranstaltungshinweise-9m-turnier\/"]}]},{"@type":"BreadcrumbList","@id":"https:\/\/www.sv-moetzingen.de\/svm\/veranstaltungshinweise-9m-turnier\/#breadcrumb","itemListElement":[{"@type":"ListItem","position":1,"name":"Startseite","item":"https:\/\/www.sv-moetzingen.de\/svm\/"},{"@type":"ListItem","position":2,"name":"Veranstaltungshinweise 9m-Turnier"}]},{"@type":"WebSite","@id":"https:\/\/www.sv-moetzingen.de\/svm\/#website","url":"https:\/\/www.sv-moetzingen.de\/svm\/","name":"SV M\u00f6tzingen 1925 e.V.","description":"","publisher":{"@id":"https:\/\/www.sv-moetzingen.de\/svm\/#organization"},"potentialAction":[{"@type":"SearchAction","target":{"@type":"EntryPoint","urlTemplate":"https:\/\/www.sv-moetzingen.de\/svm\/?s={search_term_string}"},"query-input":{"@type":"PropertyValueSpecification","valueRequired":true,"valueName":"search_term_string"}}],"inLanguage":"de"},{"@type":"Organization","@id":"https:\/\/www.sv-moetzingen.de\/svm\/#organization","name":"SV M\u00f6tzingen 1925 e.V.","url":"https:\/\/www.sv-moetzingen.de\/svm\/","logo":{"@type":"ImageObject","inLanguage":"de","@id":"https:\/\/www.sv-moetzingen.de\/svm\/#\/schema\/logo\/image\/","url":"","contentUrl":"","caption":"SV M\u00f6tzingen 1925 e.V."},"image":{"@id":"https:\/\/www.sv-moetzingen.de\/svm\/#\/schema\/logo\/image\/"},"sameAs":["https:\/\/www.facebook.com\/SV-M\u00f6tzingen-1925-eV-1475445622769203"]}]}},"rttpg_featured_image_url":null,"rttpg_author":{"display_name":"sira","author_link":"https:\/\/www.sv-moetzingen.de\/svm\/author\/sira\/"},"rttpg_comment":0,"rttpg_category":null,"rttpg_excerpt":"Datenschutzhinweise Es gelten unsere generellen Datenschutzhinweise. Zudem weisen wir daraufhin, dass die durch das Anmeldeformular erhobenen Daten ausschlie\u00dflich f\u00fcr die Anmeldung bzw. f\u00fcr die Durchf\u00fchrung der Aktion erhoben und verarbeitet werden. Dar\u00fcber hinaus werden die Daten nicht weitergegeben oder weiterverwendet","_links":{"self":[{"href":"https:\/\/www.sv-moetzingen.de\/svm\/wp-json\/wp\/v2\/pages\/1814","targetHints":{"allow":["GET"]}}],"collection":[{"href":"https:\/\/www.sv-moetzingen.de\/svm\/wp-json\/wp\/v2\/pages"}],"about":[{"href":"https:\/\/www.sv-moetzingen.de\/svm\/wp-json\/wp\/v2\/types\/page"}],"author":[{"embeddable":true,"href":"https:\/\/www.sv-moetzingen.de\/svm\/wp-json\/wp\/v2\/users\/1"}],"replies":[{"embeddable":true,"href":"https:\/\/www.sv-moetzingen.de\/svm\/wp-json\/wp\/v2\/comments?post=1814"}],"version-history":[{"count":8,"href":"https:\/\/www.sv-moetzingen.de\/svm\/wp-json\/wp\/v2\/pages\/1814\/revisions"}],"predecessor-version":[{"id":2814,"href":"https:\/\/www.sv-moetzingen.de\/svm\/wp-json\/wp\/v2\/pages\/1814\/revisions\/2814"}],"wp:attachment":[{"href":"https:\/\/www.sv-moetzingen.de\/svm\/wp-json\/wp\/v2\/media?parent=1814"}],"curies":[{"name":"wp","href":"https:\/\/api.w.org\/{rel}","templated":true}]}}