{"id":199,"date":"2020-08-31T14:00:41","date_gmt":"2020-08-31T12:00:41","guid":{"rendered":"https:\/\/www.sv-moetzingen.de\/svm\/?page_id=199"},"modified":"2020-08-31T14:00:41","modified_gmt":"2020-08-31T12:00:41","slug":"impressum","status":"publish","type":"page","link":"https:\/\/www.sv-moetzingen.de\/svm\/impressum\/","title":{"rendered":"IMPRESSUM"},"content":{"rendered":"\n<p><strong>SV M\u00f6tzingen e.V.<br><\/strong><br>Vereinsregister Amtsgericht Stuttgart, Registernummer VR240335<br>Sitz: Wengenweg 15, 71159 M\u00f6tzingen<br>E-Mail: info<img decoding=\"async\" alt=\"\" src=\"https:\/\/www.sv-moetzingen.de\/images\/klammeraffe.gif\">sv-moetzingen<img decoding=\"async\" alt=\"\" src=\"https:\/\/www.sv-moetzingen.de\/images\/punkt.gif\">de<\/p>\n\n\n\n<p><strong>Vertretungsberechtigte Personen<br><\/strong><br>1.Vorstand und 2.Vorstand (einzelvertretungsbefugt)<br>Kontakte der Vorst\u00e4nde finden Sie in der Navigation unter &#8218;Adressen&#8216;<br><br><strong>Datenschutzerkl\u00e4rung<\/strong><\/p>\n\n\n\n<p>Unsere aktuelle Datenschutzerkl\u00e4rung finden Sie&nbsp;<a href=\"https:\/\/www.sv-moetzingen.de\/inhalt\/Datenschutzerklaerung_SVM.htm\">hier<\/a><br><\/p>\n\n\n\n<p><strong>Verantwortlich f\u00fcr redaktionelle Inhalte<br><\/strong><br>Ralph Sindlinger (Schriftf\u00fchrer des SV M\u00f6tzingen)<br>Wengenweg 15, 71159 M\u00f6tzingen<br>E-Mail: info<img decoding=\"async\" alt=\"\" src=\"https:\/\/www.sv-moetzingen.de\/images\/klammeraffe.gif\">sv-moetzingen<img decoding=\"async\" alt=\"\" src=\"https:\/\/www.sv-moetzingen.de\/images\/punkt.gif\">de<br><br><br><strong>weitere Ansprechpartner und Adressen<\/strong><\/p>\n\n\n\n<p>Ansprechpartner und Adressen finden Sie in der Navigation unter &#8218;Adressen&#8216;<br><br><strong>Technische Umsetzung<\/strong><\/p>\n\n\n\n<p>info<img decoding=\"async\" alt=\"\" src=\"https:\/\/www.sv-moetzingen.de\/images\/klammeraffe.gif\">sv-moetzingen<img decoding=\"async\" alt=\"\" src=\"https:\/\/www.sv-moetzingen.de\/images\/punkt.gif\">de<br><br><strong>Bildnachweis<\/strong><\/p>\n\n\n\n<p>Die Bilder auf www.sv-moetzingen.de wurden von Privatpersonen zur Verf\u00fcgung gestellt.<\/p>\n\n\n\n<p><strong>Haftungshinweis<\/strong><\/p>\n\n\n\n<p>Trotz sorgf\u00e4ltiger inhaltlicher Kontrolle \u00fcbernehmen wir keine Haftung f\u00fcr die Inhalte externer Links.<br>F\u00fcr den Inhalt der verlinkten Seiten sind ausschlie\u00dflich deren Betreiber verantwortlich.<br>Desweiteren kann die Web-Seite ohne unser Wissen von anderen Seiten mittels sog. Links angelinkt werden.<br>Der Betreiber \u00fcbernimmt keine Verantwortung f\u00fcr Darstellungen, Inhalt oder irgendeine Verbindung zu dieser<br>Web-Seite in Web-Seiten Dritter. F\u00fcr fremde Inhalte ist der Betreiber nur dann verantwortlich, wenn von ihnen<br>(d.h. auch von einem rechtswidrigen oder strafbaren Inhalt) positive Kenntnis vorliegt und es technisch m\u00f6glich<br>und zumutbar ist, deren Nutzung zu verhindern.<br>Der Betreiber ist nach dem Teledienstegesetz jedoch nicht verpflichtet,die fremden Inhalte st\u00e4ndig zu \u00fcberpr\u00fcfen.<\/p>\n\n\n\n<p><strong>Urheberrecht<\/strong><\/p>\n\n\n\n<p>Alle Informationen dieser Web-Seite werden wie angegeben ohne Anspruch auf Richtigkeit, Vollst\u00e4ndigkeit<br>oder Aktualit\u00e4t zur Verf\u00fcgung gestellt.<br>Wenn nicht ausdr\u00fccklich anderweitig in dieser Publikation zu verstehen gegeben, und zwar in Zusammenhang<br>mit einem bestimmten Ausschnitt, einer Datei, oder einem Dokument, ist jedermann dazu berechtigt,<br>dieses Dokument anzusehen, zu kopieren, zu drucken und zu verteilen, unter den folgenden Bedingungen:<br>Das Dokument darf nur f\u00fcr nichtkommerzielle Informationszwecke genutzt werden. Jede Kopie dieses Dokuments oder eines Teils davon muss diese urheberrechtliche Erkl\u00e4rung und das urheberrechtliche Schutzzeichen des Betreibers enthalten. Das Dokument, jede Kopie des Dokuments oder eines Teils davon d\u00fcrfen nicht ohne schriftliche Zustimmung des Betreibers ver\u00e4ndert werden. Der Betreiber beh\u00e4lt sich das Recht vor, diese Genehmigung jederzeit zu widerrufen, und jede Nutzung muss sofort eingestellt werden, sobald eine schriftliche Bekanntmachung seitens des Betreibers ver\u00f6ffentlicht wird.<\/p>\n\n\n\n<p><strong>Verzichterkl\u00e4rung<\/strong><\/p>\n\n\n\n<p>Die Betreiber \u00fcbernehmen keinerlei Gew\u00e4hr f\u00fcr Richtigkeit der enthaltenen Informationen, Verf\u00fcgbarkeit der Dienste, Verlust von auf\u00a0sv-moetzingen.de abgespeicherten Daten oder Nutzbarkeit f\u00fcr irgendeinen bestimmten Zweck.<br>Die Betreiber haften auch nicht f\u00fcr Folgesch\u00e4den, die auf einer Nutzung des Angebotes beruhen.<br>Soweit ein Haftungsausschluss nicht in Betracht kommt, haften die Betreiber lediglich f\u00fcr grobe Fahrl\u00e4ssigkeit und Vorsatz. Produkt- und Firmennamen sind Marken der jeweiligen Eigent\u00fcmer und werden auf diesen Seiten ausschliesslich zu Informationszwecken eingesetzt.<br>Diese Publikation k\u00f6nnte technische oder andere Ungenauigkeiten enthalten oder Schreib- oder Tippfehler. Von Zeit zu Zeit werden der vorliegenden Information \u00c4nderungen hinzugef\u00fcgt; diese \u00c4nderungen werden in neuen Ausgaben der Publikation eingef\u00fcgt. Der Betreiber kann jederzeit Verbesserungen und\/oder Ver\u00e4nderungen an den Angeboten vornehmen, die in dieser Publikation beschrieben werden.<\/p>\n\n\n\n<p><strong>Rechtswirksamkeit<\/strong><\/p>\n\n\n\n<p>Sofern Teile oder einzelne Formulierungen dieses Textes der geltenden Rechtslage nicht, nicht mehr oder nicht vollst\u00e4ndig entsprechen sollten, bleiben die \u00fcbrigen Teile des Dokumentes in ihrem Inhalt und ihrer G\u00fcltigkeit davon unber\u00fchrt.<\/p>\n","protected":false},"excerpt":{"rendered":"<p>SV M\u00f6tzingen e.V.Vereinsregister Amtsgericht Stuttgart, Registernummer VR240335Sitz: Wengenweg 15, 71159 M\u00f6tzingenE-Mail: infosv-moetzingende Vertretungsberechtigte Personen1.Vorstand und 2.Vorstand (einzelvertretungsbefugt)Kontakte der Vorst\u00e4nde finden Sie in der Navigation unter &#8218;Adressen&#8216; Datenschutzerkl\u00e4rung Unsere aktuelle Datenschutzerkl\u00e4rung finden Sie&nbsp;hier Verantwortlich f\u00fcr redaktionelle InhalteRalph Sindlinger (Schriftf\u00fchrer des SV<\/p>\n","protected":false},"author":1,"featured_media":0,"parent":0,"menu_order":0,"comment_status":"closed","ping_status":"closed","template":"","meta":{"footnotes":""},"class_list":["post-199","page","type-page","status-publish","hentry"],"yoast_head":"<!-- This site is optimized with the Yoast SEO plugin v27.4 - https:\/\/yoast.com\/product\/yoast-seo-wordpress\/ -->\n<title>IMPRESSUM &#8211; SV M\u00f6tzingen<\/title>\n<meta name=\"robots\" content=\"index, follow, max-snippet:-1, max-image-preview:large, max-video-preview:-1\" \/>\n<link rel=\"canonical\" href=\"https:\/\/www.sv-moetzingen.de\/svm\/impressum\/\" \/>\n<meta property=\"og:locale\" content=\"de_DE\" \/>\n<meta property=\"og:type\" content=\"article\" \/>\n<meta property=\"og:title\" content=\"IMPRESSUM &#8211; SV M\u00f6tzingen\" \/>\n<meta property=\"og:description\" content=\"SV M\u00f6tzingen e.V.Vereinsregister Amtsgericht Stuttgart, Registernummer VR240335Sitz: Wengenweg 15, 71159 M\u00f6tzingenE-Mail: infosv-moetzingende Vertretungsberechtigte Personen1.Vorstand und 2.Vorstand (einzelvertretungsbefugt)Kontakte der Vorst\u00e4nde finden Sie in der Navigation unter &#8218;Adressen&#8216; Datenschutzerkl\u00e4rung Unsere aktuelle Datenschutzerkl\u00e4rung finden Sie&nbsp;hier Verantwortlich f\u00fcr redaktionelle InhalteRalph Sindlinger (Schriftf\u00fchrer des SV\" \/>\n<meta property=\"og:url\" content=\"https:\/\/www.sv-moetzingen.de\/svm\/impressum\/\" \/>\n<meta property=\"og:site_name\" content=\"SV M\u00f6tzingen\" \/>\n<meta property=\"article:publisher\" content=\"https:\/\/www.facebook.com\/SV-M%c3%b6tzingen-1925-eV-1475445622769203\" \/>\n<meta property=\"og:image\" content=\"https:\/\/www.sv-moetzingen.de\/images\/klammeraffe.gif\" \/>\n<meta name=\"twitter:card\" content=\"summary_large_image\" \/>\n<meta name=\"twitter:label1\" content=\"Gesch\u00e4tzte Lesezeit\" \/>\n\t<meta name=\"twitter:data1\" content=\"3\u00a0Minuten\" \/>\n<script type=\"application\/ld+json\" class=\"yoast-schema-graph\">{\"@context\":\"https:\\\/\\\/schema.org\",\"@graph\":[{\"@type\":\"WebPage\",\"@id\":\"https:\\\/\\\/www.sv-moetzingen.de\\\/svm\\\/impressum\\\/\",\"url\":\"https:\\\/\\\/www.sv-moetzingen.de\\\/svm\\\/impressum\\\/\",\"name\":\"IMPRESSUM &#8211; SV M\u00f6tzingen\",\"isPartOf\":{\"@id\":\"https:\\\/\\\/www.sv-moetzingen.de\\\/svm\\\/#website\"},\"primaryImageOfPage\":{\"@id\":\"https:\\\/\\\/www.sv-moetzingen.de\\\/svm\\\/impressum\\\/#primaryimage\"},\"image\":{\"@id\":\"https:\\\/\\\/www.sv-moetzingen.de\\\/svm\\\/impressum\\\/#primaryimage\"},\"thumbnailUrl\":\"https:\\\/\\\/www.sv-moetzingen.de\\\/images\\\/klammeraffe.gif\",\"datePublished\":\"2020-08-31T12:00:41+00:00\",\"breadcrumb\":{\"@id\":\"https:\\\/\\\/www.sv-moetzingen.de\\\/svm\\\/impressum\\\/#breadcrumb\"},\"inLanguage\":\"de\",\"potentialAction\":[{\"@type\":\"ReadAction\",\"target\":[\"https:\\\/\\\/www.sv-moetzingen.de\\\/svm\\\/impressum\\\/\"]}]},{\"@type\":\"ImageObject\",\"inLanguage\":\"de\",\"@id\":\"https:\\\/\\\/www.sv-moetzingen.de\\\/svm\\\/impressum\\\/#primaryimage\",\"url\":\"https:\\\/\\\/www.sv-moetzingen.de\\\/images\\\/klammeraffe.gif\",\"contentUrl\":\"https:\\\/\\\/www.sv-moetzingen.de\\\/images\\\/klammeraffe.gif\"},{\"@type\":\"BreadcrumbList\",\"@id\":\"https:\\\/\\\/www.sv-moetzingen.de\\\/svm\\\/impressum\\\/#breadcrumb\",\"itemListElement\":[{\"@type\":\"ListItem\",\"position\":1,\"name\":\"Startseite\",\"item\":\"https:\\\/\\\/www.sv-moetzingen.de\\\/svm\\\/\"},{\"@type\":\"ListItem\",\"position\":2,\"name\":\"IMPRESSUM\"}]},{\"@type\":\"WebSite\",\"@id\":\"https:\\\/\\\/www.sv-moetzingen.de\\\/svm\\\/#website\",\"url\":\"https:\\\/\\\/www.sv-moetzingen.de\\\/svm\\\/\",\"name\":\"SV M\u00f6tzingen 1925 e.V.\",\"description\":\"\",\"publisher\":{\"@id\":\"https:\\\/\\\/www.sv-moetzingen.de\\\/svm\\\/#organization\"},\"potentialAction\":[{\"@type\":\"SearchAction\",\"target\":{\"@type\":\"EntryPoint\",\"urlTemplate\":\"https:\\\/\\\/www.sv-moetzingen.de\\\/svm\\\/?s={search_term_string}\"},\"query-input\":{\"@type\":\"PropertyValueSpecification\",\"valueRequired\":true,\"valueName\":\"search_term_string\"}}],\"inLanguage\":\"de\"},{\"@type\":\"Organization\",\"@id\":\"https:\\\/\\\/www.sv-moetzingen.de\\\/svm\\\/#organization\",\"name\":\"SV M\u00f6tzingen 1925 e.V.\",\"url\":\"https:\\\/\\\/www.sv-moetzingen.de\\\/svm\\\/\",\"logo\":{\"@type\":\"ImageObject\",\"inLanguage\":\"de\",\"@id\":\"https:\\\/\\\/www.sv-moetzingen.de\\\/svm\\\/#\\\/schema\\\/logo\\\/image\\\/\",\"url\":\"\",\"contentUrl\":\"\",\"caption\":\"SV M\u00f6tzingen 1925 e.V.\"},\"image\":{\"@id\":\"https:\\\/\\\/www.sv-moetzingen.de\\\/svm\\\/#\\\/schema\\\/logo\\\/image\\\/\"},\"sameAs\":[\"https:\\\/\\\/www.facebook.com\\\/SV-M\u00f6tzingen-1925-eV-1475445622769203\"]}]}<\/script>\n<!-- \/ Yoast SEO plugin. -->","yoast_head_json":{"title":"IMPRESSUM &#8211; SV M\u00f6tzingen","robots":{"index":"index","follow":"follow","max-snippet":"max-snippet:-1","max-image-preview":"max-image-preview:large","max-video-preview":"max-video-preview:-1"},"canonical":"https:\/\/www.sv-moetzingen.de\/svm\/impressum\/","og_locale":"de_DE","og_type":"article","og_title":"IMPRESSUM &#8211; SV M\u00f6tzingen","og_description":"SV M\u00f6tzingen e.V.Vereinsregister Amtsgericht Stuttgart, Registernummer VR240335Sitz: Wengenweg 15, 71159 M\u00f6tzingenE-Mail: infosv-moetzingende Vertretungsberechtigte Personen1.Vorstand und 2.Vorstand (einzelvertretungsbefugt)Kontakte der Vorst\u00e4nde finden Sie in der Navigation unter &#8218;Adressen&#8216; Datenschutzerkl\u00e4rung Unsere aktuelle Datenschutzerkl\u00e4rung finden Sie&nbsp;hier Verantwortlich f\u00fcr redaktionelle InhalteRalph Sindlinger (Schriftf\u00fchrer des SV","og_url":"https:\/\/www.sv-moetzingen.de\/svm\/impressum\/","og_site_name":"SV M\u00f6tzingen","article_publisher":"https:\/\/www.facebook.com\/SV-M%c3%b6tzingen-1925-eV-1475445622769203","og_image":[{"url":"https:\/\/www.sv-moetzingen.de\/images\/klammeraffe.gif","type":"","width":"","height":""}],"twitter_card":"summary_large_image","twitter_misc":{"Gesch\u00e4tzte Lesezeit":"3\u00a0Minuten"},"schema":{"@context":"https:\/\/schema.org","@graph":[{"@type":"WebPage","@id":"https:\/\/www.sv-moetzingen.de\/svm\/impressum\/","url":"https:\/\/www.sv-moetzingen.de\/svm\/impressum\/","name":"IMPRESSUM &#8211; SV M\u00f6tzingen","isPartOf":{"@id":"https:\/\/www.sv-moetzingen.de\/svm\/#website"},"primaryImageOfPage":{"@id":"https:\/\/www.sv-moetzingen.de\/svm\/impressum\/#primaryimage"},"image":{"@id":"https:\/\/www.sv-moetzingen.de\/svm\/impressum\/#primaryimage"},"thumbnailUrl":"https:\/\/www.sv-moetzingen.de\/images\/klammeraffe.gif","datePublished":"2020-08-31T12:00:41+00:00","breadcrumb":{"@id":"https:\/\/www.sv-moetzingen.de\/svm\/impressum\/#breadcrumb"},"inLanguage":"de","potentialAction":[{"@type":"ReadAction","target":["https:\/\/www.sv-moetzingen.de\/svm\/impressum\/"]}]},{"@type":"ImageObject","inLanguage":"de","@id":"https:\/\/www.sv-moetzingen.de\/svm\/impressum\/#primaryimage","url":"https:\/\/www.sv-moetzingen.de\/images\/klammeraffe.gif","contentUrl":"https:\/\/www.sv-moetzingen.de\/images\/klammeraffe.gif"},{"@type":"BreadcrumbList","@id":"https:\/\/www.sv-moetzingen.de\/svm\/impressum\/#breadcrumb","itemListElement":[{"@type":"ListItem","position":1,"name":"Startseite","item":"https:\/\/www.sv-moetzingen.de\/svm\/"},{"@type":"ListItem","position":2,"name":"IMPRESSUM"}]},{"@type":"WebSite","@id":"https:\/\/www.sv-moetzingen.de\/svm\/#website","url":"https:\/\/www.sv-moetzingen.de\/svm\/","name":"SV M\u00f6tzingen 1925 e.V.","description":"","publisher":{"@id":"https:\/\/www.sv-moetzingen.de\/svm\/#organization"},"potentialAction":[{"@type":"SearchAction","target":{"@type":"EntryPoint","urlTemplate":"https:\/\/www.sv-moetzingen.de\/svm\/?s={search_term_string}"},"query-input":{"@type":"PropertyValueSpecification","valueRequired":true,"valueName":"search_term_string"}}],"inLanguage":"de"},{"@type":"Organization","@id":"https:\/\/www.sv-moetzingen.de\/svm\/#organization","name":"SV M\u00f6tzingen 1925 e.V.","url":"https:\/\/www.sv-moetzingen.de\/svm\/","logo":{"@type":"ImageObject","inLanguage":"de","@id":"https:\/\/www.sv-moetzingen.de\/svm\/#\/schema\/logo\/image\/","url":"","contentUrl":"","caption":"SV M\u00f6tzingen 1925 e.V."},"image":{"@id":"https:\/\/www.sv-moetzingen.de\/svm\/#\/schema\/logo\/image\/"},"sameAs":["https:\/\/www.facebook.com\/SV-M\u00f6tzingen-1925-eV-1475445622769203"]}]}},"rttpg_featured_image_url":null,"rttpg_author":{"display_name":"sira","author_link":"https:\/\/www.sv-moetzingen.de\/svm\/author\/sira\/"},"rttpg_comment":0,"rttpg_category":null,"rttpg_excerpt":"SV M\u00f6tzingen e.V.Vereinsregister Amtsgericht Stuttgart, Registernummer VR240335Sitz: Wengenweg 15, 71159 M\u00f6tzingenE-Mail: infosv-moetzingende Vertretungsberechtigte Personen1.Vorstand und 2.Vorstand (einzelvertretungsbefugt)Kontakte der Vorst\u00e4nde finden Sie in der Navigation unter &#8218;Adressen&#8216; Datenschutzerkl\u00e4rung Unsere aktuelle Datenschutzerkl\u00e4rung finden Sie&nbsp;hier Verantwortlich f\u00fcr redaktionelle InhalteRalph Sindlinger (Schriftf\u00fchrer des SV","_links":{"self":[{"href":"https:\/\/www.sv-moetzingen.de\/svm\/wp-json\/wp\/v2\/pages\/199","targetHints":{"allow":["GET"]}}],"collection":[{"href":"https:\/\/www.sv-moetzingen.de\/svm\/wp-json\/wp\/v2\/pages"}],"about":[{"href":"https:\/\/www.sv-moetzingen.de\/svm\/wp-json\/wp\/v2\/types\/page"}],"author":[{"embeddable":true,"href":"https:\/\/www.sv-moetzingen.de\/svm\/wp-json\/wp\/v2\/users\/1"}],"replies":[{"embeddable":true,"href":"https:\/\/www.sv-moetzingen.de\/svm\/wp-json\/wp\/v2\/comments?post=199"}],"version-history":[{"count":1,"href":"https:\/\/www.sv-moetzingen.de\/svm\/wp-json\/wp\/v2\/pages\/199\/revisions"}],"predecessor-version":[{"id":200,"href":"https:\/\/www.sv-moetzingen.de\/svm\/wp-json\/wp\/v2\/pages\/199\/revisions\/200"}],"wp:attachment":[{"href":"https:\/\/www.sv-moetzingen.de\/svm\/wp-json\/wp\/v2\/media?parent=199"}],"curies":[{"name":"wp","href":"https:\/\/api.w.org\/{rel}","templated":true}]}}