{"id":2353,"date":"2025-02-14T16:52:14","date_gmt":"2025-02-14T15:52:14","guid":{"rendered":"https:\/\/www.sv-moetzingen.de\/svm\/?page_id=2353"},"modified":"2026-04-21T17:07:46","modified_gmt":"2026-04-21T15:07:46","slug":"9m-schiessen","status":"publish","type":"page","link":"https:\/\/www.sv-moetzingen.de\/svm\/9m-schiessen\/","title":{"rendered":"9m-Schiessen"},"content":{"rendered":"\n<h4 class=\"wp-block-heading\"><strong>9m-Turnier am Freitag, 10..Juli 2026<\/strong><\/h4>\n\n\n\n<figure class=\"wp-block-image size-large is-resized\"><img loading=\"lazy\" decoding=\"async\" width=\"1024\" height=\"473\" src=\"https:\/\/www.sv-moetzingen.de\/svm\/wp-content\/uploads\/2025\/02\/penalty-1024x473.jpg\" alt=\"\" class=\"wp-image-2355\" style=\"width:786px;height:auto\" srcset=\"https:\/\/www.sv-moetzingen.de\/svm\/wp-content\/uploads\/2025\/02\/penalty-1024x473.jpg 1024w, https:\/\/www.sv-moetzingen.de\/svm\/wp-content\/uploads\/2025\/02\/penalty-300x139.jpg 300w, https:\/\/www.sv-moetzingen.de\/svm\/wp-content\/uploads\/2025\/02\/penalty-768x355.jpg 768w, https:\/\/www.sv-moetzingen.de\/svm\/wp-content\/uploads\/2025\/02\/penalty-1536x709.jpg 1536w, https:\/\/www.sv-moetzingen.de\/svm\/wp-content\/uploads\/2025\/02\/penalty-2048x946.jpg 2048w\" sizes=\"auto, (max-width: 1024px) 100vw, 1024px\" \/><\/figure>\n\n\n\n<p><strong>Neun-Meter-Turnier des SV M\u00f6tzingen<\/strong><br><strong>Freitag, 10. Juli 2026 \u2502 18:30 Uhr \u2502 Sportgel\u00e4nde M\u00f6tzingen<\/strong><\/p>\n\n\n\n<p id=\"anmeldung\">Wir m\u00f6chten wir Euch recht herzlich zu unserem Neun-Meter-Turnier<br>am <strong>Freitag, den 10. Juli 2026<\/strong> beim SV M\u00f6tzingen einladen.<br><br><strong>Kurz die wichtigsten Infos:<\/strong><br>Teilnahmeberechtigt sind alle Mannschaften, die Lust auf einen sch\u00f6nen Abend haben.<br>Mannschaften k\u00f6nnen individuell zusammengestellt werden (gemischte Mannschaften, reine M\u00e4nner- \/ Frauenmannschaften, Stra\u03b2enteams, Vereinsteams, Familienteams, etc.).<br>Eine Mannschaft besteht aus 5 Sch\u00fctzen.<br>Die Startgeb\u00fchr betr\u00e4gt 25 \u20ac, welche vor Ort bezahlt wird \/ bei der Anmeldung zu \u00fcberweisen ist.<br><br>Des Weiteren erh\u00e4lt der Erstplatzierte 100\u20ac, der Zweitplatzierte 75\u20ac und der Drittplatzierte 50\u20ac Preisgeld.<br>F\u00fcr das leibliche Wohl wird bestens gesorgt sein.<br><br><strong>Anmeldeschluss ist der 03.07.2026.<\/strong><br><br><a href=\"https:\/\/www.sv-moetzingen.de\/svm\/wp-content\/uploads\/2026\/04\/Einladung-9-Meter-Turnier.pdf\" target=\"_blank\" rel=\"noreferrer noopener\">ALLE TURNIER-INFOS HIER<\/a><\/p>\n\n\n\n<h4 class=\"wp-block-heading\" id=\"anmeldeformular\">DIREKT ZUM <strong><a href=\"https:\/\/sv-moetzingen.de\/9mturniermanagement\/anmeldung.php\" target=\"_blank\" rel=\"noreferrer noopener\">ANMELDEFORMULAR<\/a><\/strong><\/h4>\n\n\n\n<p><\/p>\n","protected":false},"excerpt":{"rendered":"<p>9m-Turnier am Freitag, 10..Juli 2026 Neun-Meter-Turnier des SV M\u00f6tzingenFreitag, 10. Juli 2026 \u2502 18:30 Uhr \u2502 Sportgel\u00e4nde M\u00f6tzingen Wir m\u00f6chten wir Euch recht herzlich zu unserem Neun-Meter-Turnieram Freitag, den 10. Juli 2026 beim SV M\u00f6tzingen einladen. Kurz die wichtigsten Infos:Teilnahmeberechtigt<\/p>\n","protected":false},"author":1,"featured_media":0,"parent":0,"menu_order":0,"comment_status":"closed","ping_status":"closed","template":"","meta":{"footnotes":""},"class_list":["post-2353","page","type-page","status-publish","hentry"],"yoast_head":"<!-- This site is optimized with the Yoast SEO plugin v27.4 - https:\/\/yoast.com\/product\/yoast-seo-wordpress\/ -->\n<title>9m-Schiessen &#8211; SV M\u00f6tzingen<\/title>\n<meta name=\"robots\" content=\"index, follow, max-snippet:-1, max-image-preview:large, max-video-preview:-1\" \/>\n<link rel=\"canonical\" href=\"https:\/\/www.sv-moetzingen.de\/svm\/9m-schiessen\/\" \/>\n<meta property=\"og:locale\" content=\"de_DE\" \/>\n<meta property=\"og:type\" content=\"article\" \/>\n<meta property=\"og:title\" content=\"9m-Schiessen &#8211; SV M\u00f6tzingen\" \/>\n<meta property=\"og:description\" content=\"9m-Turnier am Freitag, 10..Juli 2026 Neun-Meter-Turnier des SV M\u00f6tzingenFreitag, 10. Juli 2026 \u2502 18:30 Uhr \u2502 Sportgel\u00e4nde M\u00f6tzingen Wir m\u00f6chten wir Euch recht herzlich zu unserem Neun-Meter-Turnieram Freitag, den 10. Juli 2026 beim SV M\u00f6tzingen einladen. Kurz die wichtigsten Infos:Teilnahmeberechtigt\" \/>\n<meta property=\"og:url\" content=\"https:\/\/www.sv-moetzingen.de\/svm\/9m-schiessen\/\" \/>\n<meta property=\"og:site_name\" content=\"SV M\u00f6tzingen\" \/>\n<meta property=\"article:publisher\" content=\"https:\/\/www.facebook.com\/SV-M%c3%b6tzingen-1925-eV-1475445622769203\" \/>\n<meta property=\"article:modified_time\" content=\"2026-04-21T15:07:46+00:00\" \/>\n<meta property=\"og:image\" content=\"https:\/\/www.sv-moetzingen.de\/svm\/wp-content\/uploads\/2025\/02\/penalty-scaled.jpg\" \/>\n\t<meta property=\"og:image:width\" content=\"2560\" \/>\n\t<meta property=\"og:image:height\" content=\"1182\" \/>\n\t<meta property=\"og:image:type\" content=\"image\/jpeg\" \/>\n<meta name=\"twitter:card\" content=\"summary_large_image\" \/>\n<meta name=\"twitter:label1\" content=\"Gesch\u00e4tzte Lesezeit\" \/>\n\t<meta name=\"twitter:data1\" content=\"1\u00a0Minute\" \/>\n<script type=\"application\/ld+json\" class=\"yoast-schema-graph\">{\"@context\":\"https:\\\/\\\/schema.org\",\"@graph\":[{\"@type\":\"WebPage\",\"@id\":\"https:\\\/\\\/www.sv-moetzingen.de\\\/svm\\\/9m-schiessen\\\/\",\"url\":\"https:\\\/\\\/www.sv-moetzingen.de\\\/svm\\\/9m-schiessen\\\/\",\"name\":\"9m-Schiessen &#8211; SV M\u00f6tzingen\",\"isPartOf\":{\"@id\":\"https:\\\/\\\/www.sv-moetzingen.de\\\/svm\\\/#website\"},\"primaryImageOfPage\":{\"@id\":\"https:\\\/\\\/www.sv-moetzingen.de\\\/svm\\\/9m-schiessen\\\/#primaryimage\"},\"image\":{\"@id\":\"https:\\\/\\\/www.sv-moetzingen.de\\\/svm\\\/9m-schiessen\\\/#primaryimage\"},\"thumbnailUrl\":\"https:\\\/\\\/www.sv-moetzingen.de\\\/svm\\\/wp-content\\\/uploads\\\/2025\\\/02\\\/penalty-1024x473.jpg\",\"datePublished\":\"2025-02-14T15:52:14+00:00\",\"dateModified\":\"2026-04-21T15:07:46+00:00\",\"breadcrumb\":{\"@id\":\"https:\\\/\\\/www.sv-moetzingen.de\\\/svm\\\/9m-schiessen\\\/#breadcrumb\"},\"inLanguage\":\"de\",\"potentialAction\":[{\"@type\":\"ReadAction\",\"target\":[\"https:\\\/\\\/www.sv-moetzingen.de\\\/svm\\\/9m-schiessen\\\/\"]}]},{\"@type\":\"ImageObject\",\"inLanguage\":\"de\",\"@id\":\"https:\\\/\\\/www.sv-moetzingen.de\\\/svm\\\/9m-schiessen\\\/#primaryimage\",\"url\":\"https:\\\/\\\/www.sv-moetzingen.de\\\/svm\\\/wp-content\\\/uploads\\\/2025\\\/02\\\/penalty-scaled.jpg\",\"contentUrl\":\"https:\\\/\\\/www.sv-moetzingen.de\\\/svm\\\/wp-content\\\/uploads\\\/2025\\\/02\\\/penalty-scaled.jpg\",\"width\":2560,\"height\":1182},{\"@type\":\"BreadcrumbList\",\"@id\":\"https:\\\/\\\/www.sv-moetzingen.de\\\/svm\\\/9m-schiessen\\\/#breadcrumb\",\"itemListElement\":[{\"@type\":\"ListItem\",\"position\":1,\"name\":\"Startseite\",\"item\":\"https:\\\/\\\/www.sv-moetzingen.de\\\/svm\\\/\"},{\"@type\":\"ListItem\",\"position\":2,\"name\":\"9m-Schiessen\"}]},{\"@type\":\"WebSite\",\"@id\":\"https:\\\/\\\/www.sv-moetzingen.de\\\/svm\\\/#website\",\"url\":\"https:\\\/\\\/www.sv-moetzingen.de\\\/svm\\\/\",\"name\":\"SV M\u00f6tzingen 1925 e.V.\",\"description\":\"\",\"publisher\":{\"@id\":\"https:\\\/\\\/www.sv-moetzingen.de\\\/svm\\\/#organization\"},\"potentialAction\":[{\"@type\":\"SearchAction\",\"target\":{\"@type\":\"EntryPoint\",\"urlTemplate\":\"https:\\\/\\\/www.sv-moetzingen.de\\\/svm\\\/?s={search_term_string}\"},\"query-input\":{\"@type\":\"PropertyValueSpecification\",\"valueRequired\":true,\"valueName\":\"search_term_string\"}}],\"inLanguage\":\"de\"},{\"@type\":\"Organization\",\"@id\":\"https:\\\/\\\/www.sv-moetzingen.de\\\/svm\\\/#organization\",\"name\":\"SV M\u00f6tzingen 1925 e.V.\",\"url\":\"https:\\\/\\\/www.sv-moetzingen.de\\\/svm\\\/\",\"logo\":{\"@type\":\"ImageObject\",\"inLanguage\":\"de\",\"@id\":\"https:\\\/\\\/www.sv-moetzingen.de\\\/svm\\\/#\\\/schema\\\/logo\\\/image\\\/\",\"url\":\"\",\"contentUrl\":\"\",\"caption\":\"SV M\u00f6tzingen 1925 e.V.\"},\"image\":{\"@id\":\"https:\\\/\\\/www.sv-moetzingen.de\\\/svm\\\/#\\\/schema\\\/logo\\\/image\\\/\"},\"sameAs\":[\"https:\\\/\\\/www.facebook.com\\\/SV-M\u00f6tzingen-1925-eV-1475445622769203\"]}]}<\/script>\n<!-- \/ Yoast SEO plugin. -->","yoast_head_json":{"title":"9m-Schiessen &#8211; SV M\u00f6tzingen","robots":{"index":"index","follow":"follow","max-snippet":"max-snippet:-1","max-image-preview":"max-image-preview:large","max-video-preview":"max-video-preview:-1"},"canonical":"https:\/\/www.sv-moetzingen.de\/svm\/9m-schiessen\/","og_locale":"de_DE","og_type":"article","og_title":"9m-Schiessen &#8211; SV M\u00f6tzingen","og_description":"9m-Turnier am Freitag, 10..Juli 2026 Neun-Meter-Turnier des SV M\u00f6tzingenFreitag, 10. Juli 2026 \u2502 18:30 Uhr \u2502 Sportgel\u00e4nde M\u00f6tzingen Wir m\u00f6chten wir Euch recht herzlich zu unserem Neun-Meter-Turnieram Freitag, den 10. Juli 2026 beim SV M\u00f6tzingen einladen. Kurz die wichtigsten Infos:Teilnahmeberechtigt","og_url":"https:\/\/www.sv-moetzingen.de\/svm\/9m-schiessen\/","og_site_name":"SV M\u00f6tzingen","article_publisher":"https:\/\/www.facebook.com\/SV-M%c3%b6tzingen-1925-eV-1475445622769203","article_modified_time":"2026-04-21T15:07:46+00:00","og_image":[{"width":2560,"height":1182,"url":"https:\/\/www.sv-moetzingen.de\/svm\/wp-content\/uploads\/2025\/02\/penalty-scaled.jpg","type":"image\/jpeg"}],"twitter_card":"summary_large_image","twitter_misc":{"Gesch\u00e4tzte Lesezeit":"1\u00a0Minute"},"schema":{"@context":"https:\/\/schema.org","@graph":[{"@type":"WebPage","@id":"https:\/\/www.sv-moetzingen.de\/svm\/9m-schiessen\/","url":"https:\/\/www.sv-moetzingen.de\/svm\/9m-schiessen\/","name":"9m-Schiessen &#8211; SV M\u00f6tzingen","isPartOf":{"@id":"https:\/\/www.sv-moetzingen.de\/svm\/#website"},"primaryImageOfPage":{"@id":"https:\/\/www.sv-moetzingen.de\/svm\/9m-schiessen\/#primaryimage"},"image":{"@id":"https:\/\/www.sv-moetzingen.de\/svm\/9m-schiessen\/#primaryimage"},"thumbnailUrl":"https:\/\/www.sv-moetzingen.de\/svm\/wp-content\/uploads\/2025\/02\/penalty-1024x473.jpg","datePublished":"2025-02-14T15:52:14+00:00","dateModified":"2026-04-21T15:07:46+00:00","breadcrumb":{"@id":"https:\/\/www.sv-moetzingen.de\/svm\/9m-schiessen\/#breadcrumb"},"inLanguage":"de","potentialAction":[{"@type":"ReadAction","target":["https:\/\/www.sv-moetzingen.de\/svm\/9m-schiessen\/"]}]},{"@type":"ImageObject","inLanguage":"de","@id":"https:\/\/www.sv-moetzingen.de\/svm\/9m-schiessen\/#primaryimage","url":"https:\/\/www.sv-moetzingen.de\/svm\/wp-content\/uploads\/2025\/02\/penalty-scaled.jpg","contentUrl":"https:\/\/www.sv-moetzingen.de\/svm\/wp-content\/uploads\/2025\/02\/penalty-scaled.jpg","width":2560,"height":1182},{"@type":"BreadcrumbList","@id":"https:\/\/www.sv-moetzingen.de\/svm\/9m-schiessen\/#breadcrumb","itemListElement":[{"@type":"ListItem","position":1,"name":"Startseite","item":"https:\/\/www.sv-moetzingen.de\/svm\/"},{"@type":"ListItem","position":2,"name":"9m-Schiessen"}]},{"@type":"WebSite","@id":"https:\/\/www.sv-moetzingen.de\/svm\/#website","url":"https:\/\/www.sv-moetzingen.de\/svm\/","name":"SV M\u00f6tzingen 1925 e.V.","description":"","publisher":{"@id":"https:\/\/www.sv-moetzingen.de\/svm\/#organization"},"potentialAction":[{"@type":"SearchAction","target":{"@type":"EntryPoint","urlTemplate":"https:\/\/www.sv-moetzingen.de\/svm\/?s={search_term_string}"},"query-input":{"@type":"PropertyValueSpecification","valueRequired":true,"valueName":"search_term_string"}}],"inLanguage":"de"},{"@type":"Organization","@id":"https:\/\/www.sv-moetzingen.de\/svm\/#organization","name":"SV M\u00f6tzingen 1925 e.V.","url":"https:\/\/www.sv-moetzingen.de\/svm\/","logo":{"@type":"ImageObject","inLanguage":"de","@id":"https:\/\/www.sv-moetzingen.de\/svm\/#\/schema\/logo\/image\/","url":"","contentUrl":"","caption":"SV M\u00f6tzingen 1925 e.V."},"image":{"@id":"https:\/\/www.sv-moetzingen.de\/svm\/#\/schema\/logo\/image\/"},"sameAs":["https:\/\/www.facebook.com\/SV-M\u00f6tzingen-1925-eV-1475445622769203"]}]}},"rttpg_featured_image_url":null,"rttpg_author":{"display_name":"sira","author_link":"https:\/\/www.sv-moetzingen.de\/svm\/author\/sira\/"},"rttpg_comment":0,"rttpg_category":null,"rttpg_excerpt":"9m-Turnier am Freitag, 10..Juli 2026 Neun-Meter-Turnier des SV M\u00f6tzingenFreitag, 10. Juli 2026 \u2502 18:30 Uhr \u2502 Sportgel\u00e4nde M\u00f6tzingen Wir m\u00f6chten wir Euch recht herzlich zu unserem Neun-Meter-Turnieram Freitag, den 10. Juli 2026 beim SV M\u00f6tzingen einladen. Kurz die wichtigsten Infos:Teilnahmeberechtigt","_links":{"self":[{"href":"https:\/\/www.sv-moetzingen.de\/svm\/wp-json\/wp\/v2\/pages\/2353","targetHints":{"allow":["GET"]}}],"collection":[{"href":"https:\/\/www.sv-moetzingen.de\/svm\/wp-json\/wp\/v2\/pages"}],"about":[{"href":"https:\/\/www.sv-moetzingen.de\/svm\/wp-json\/wp\/v2\/types\/page"}],"author":[{"embeddable":true,"href":"https:\/\/www.sv-moetzingen.de\/svm\/wp-json\/wp\/v2\/users\/1"}],"replies":[{"embeddable":true,"href":"https:\/\/www.sv-moetzingen.de\/svm\/wp-json\/wp\/v2\/comments?post=2353"}],"version-history":[{"count":20,"href":"https:\/\/www.sv-moetzingen.de\/svm\/wp-json\/wp\/v2\/pages\/2353\/revisions"}],"predecessor-version":[{"id":2815,"href":"https:\/\/www.sv-moetzingen.de\/svm\/wp-json\/wp\/v2\/pages\/2353\/revisions\/2815"}],"wp:attachment":[{"href":"https:\/\/www.sv-moetzingen.de\/svm\/wp-json\/wp\/v2\/media?parent=2353"}],"curies":[{"name":"wp","href":"https:\/\/api.w.org\/{rel}","templated":true}]}}