{"id":2600,"date":"2025-06-06T13:48:54","date_gmt":"2025-06-06T11:48:54","guid":{"rendered":"https:\/\/www.sv-moetzingen.de\/svm\/?page_id=2600"},"modified":"2026-01-03T07:42:36","modified_gmt":"2026-01-03T06:42:36","slug":"ah-berichte2025","status":"publish","type":"page","link":"https:\/\/www.sv-moetzingen.de\/svm\/ah-berichte2025\/","title":{"rendered":"AH-Berichte2025"},"content":{"rendered":"\n<p><strong>AH Turnier in Weitingen am 18.05.2025 &#8211;&nbsp;&nbsp; 4.Platz<\/strong><br><br>SVM \u2013 SV Dettensee &nbsp;&nbsp;&nbsp;&nbsp;&nbsp;&nbsp;&nbsp;&nbsp;&nbsp;&nbsp;&nbsp; &nbsp;&nbsp;&nbsp;&nbsp;&nbsp;&nbsp;&nbsp;&nbsp;&nbsp;&nbsp;&nbsp;1:2&nbsp;&nbsp;&nbsp;&nbsp;&nbsp;&nbsp; Marc Wagner&nbsp;&nbsp;&nbsp;&nbsp;<br>SVM \u2013 FC Tailfingen&nbsp;&nbsp;&nbsp;&nbsp;&nbsp;&nbsp;&nbsp;&nbsp;&nbsp;&nbsp;&nbsp;&nbsp; &nbsp;&nbsp;&nbsp;&nbsp; &nbsp;&nbsp;&nbsp;&nbsp;&nbsp;&nbsp;0:0<br>SVM \u2013 SV Eutingen&nbsp; &nbsp;&nbsp;&nbsp;&nbsp;&nbsp;&nbsp;&nbsp;&nbsp;&nbsp;&nbsp;&nbsp; &nbsp;&nbsp;&nbsp;&nbsp;&nbsp;&nbsp;&nbsp;&nbsp;&nbsp;&nbsp;&nbsp;1:0&nbsp;&nbsp;&nbsp;&nbsp;&nbsp;&nbsp; Frank Babenst\u00fcber<br>SVM \u2013 SV Weitingen&nbsp;&nbsp;&nbsp;&nbsp;&nbsp;&nbsp;&nbsp;&nbsp;&nbsp;&nbsp;&nbsp;&nbsp;&nbsp;&nbsp;&nbsp;&nbsp;&nbsp;&nbsp;&nbsp;&nbsp;&nbsp;&nbsp;&nbsp;0:1&nbsp;&nbsp;&nbsp;&nbsp;<br>SVM \u2013 TV Altdorf&nbsp;&nbsp;&nbsp;&nbsp;&nbsp;&nbsp;&nbsp;&nbsp;&nbsp;&nbsp;&nbsp;&nbsp;&nbsp;&nbsp;&nbsp;&nbsp;&nbsp;&nbsp;&nbsp;&nbsp;&nbsp;&nbsp;&nbsp;&nbsp;&nbsp;&nbsp;&nbsp; 1:1&nbsp;&nbsp;&nbsp;&nbsp;&nbsp;&nbsp; Benny Schiebel&nbsp;<a>&nbsp;&nbsp;&nbsp;<\/a><br>SVM \u2013 TSV Kiebingen&nbsp;&nbsp;&nbsp;&nbsp;&nbsp;&nbsp;&nbsp;&nbsp;&nbsp;&nbsp;&nbsp;&nbsp;&nbsp;&nbsp;&nbsp;&nbsp;&nbsp;&nbsp;&nbsp;&nbsp; 2:1&nbsp;&nbsp;&nbsp;&nbsp;&nbsp;&nbsp; Marc Wagner, Ilir Hoxhaj&nbsp;&nbsp;&nbsp;&nbsp;<br><br>Fazit:<br>Es war ein sch\u00f6nes Turnier. Es hat allen Spa\u00df gemacht. Mit dem 4.Platz k\u00f6nnen wir zufrieden sein.<\/p>\n\n\n\n<figure class=\"wp-block-image size-full\"><img loading=\"lazy\" decoding=\"async\" width=\"643\" height=\"428\" src=\"https:\/\/www.sv-moetzingen.de\/svm\/wp-content\/uploads\/2025\/06\/Bild2.jpg\" alt=\"\" class=\"wp-image-2605\" srcset=\"https:\/\/www.sv-moetzingen.de\/svm\/wp-content\/uploads\/2025\/06\/Bild2.jpg 643w, https:\/\/www.sv-moetzingen.de\/svm\/wp-content\/uploads\/2025\/06\/Bild2-300x200.jpg 300w, https:\/\/www.sv-moetzingen.de\/svm\/wp-content\/uploads\/2025\/06\/Bild2-360x240.jpg 360w\" sizes=\"auto, (max-width: 643px) 100vw, 643px\" \/><\/figure>\n\n\n\n<p>Aufstellung: Andy M\u00e4hler, Frank Dettling, Ilir Hoxhaj, Marc Wagner, Frank Babenst\u00fcber, Moritz Blaskow,&nbsp; Benny Schiebel, Robert Vidovic, Stefano Doddo, Steffen Schiebel<\/p>\n\n\n\n<p><strong>9 Meter Turnier am Freitag, 04.07.2025\u00a0<\/strong>&#8211; <strong>AH M\u00f6tzingen 1.Platz<\/strong><\/p>\n\n\n\n<figure class=\"wp-block-image size-full\"><img loading=\"lazy\" decoding=\"async\" width=\"579\" height=\"462\" src=\"https:\/\/www.sv-moetzingen.de\/svm\/wp-content\/uploads\/2026\/01\/image.jpeg\" alt=\"\" class=\"wp-image-2738\" srcset=\"https:\/\/www.sv-moetzingen.de\/svm\/wp-content\/uploads\/2026\/01\/image.jpeg 579w, https:\/\/www.sv-moetzingen.de\/svm\/wp-content\/uploads\/2026\/01\/image-300x239.jpeg 300w\" sizes=\"auto, (max-width: 579px) 100vw, 579px\" \/><\/figure>\n\n\n\n<p>Aufstellung: Ilir Hoxhaj, Frank Babenst\u00fcber, Marc Wagner, Martin R\u00f6hm, Heinz Ku\u00dfmaul,\u00a0Andy M\u00e4hler, Michael Manhalter<\/p>\n\n\n\n<p><strong>AH-Kleinfeldturnier am 05.07.2025 in M\u00f6tzingen &#8211;\u00a03.Platz<\/strong><\/p>\n\n\n\n<figure class=\"wp-block-image size-full\"><img loading=\"lazy\" decoding=\"async\" width=\"619\" height=\"429\" src=\"https:\/\/www.sv-moetzingen.de\/svm\/wp-content\/uploads\/2026\/01\/image-1.jpeg\" alt=\"\" class=\"wp-image-2740\" srcset=\"https:\/\/www.sv-moetzingen.de\/svm\/wp-content\/uploads\/2026\/01\/image-1.jpeg 619w, https:\/\/www.sv-moetzingen.de\/svm\/wp-content\/uploads\/2026\/01\/image-1-300x208.jpeg 300w\" sizes=\"auto, (max-width: 619px) 100vw, 619px\" \/><\/figure>\n\n\n\n<p>Aufstellung: Michael Manhalter, Jochen Benner, Heinz Ku\u00dfmaul, Frank Babenst\u00fcber, Daniel Lomba, Moritz Blaskow, Nico Charalambus, Ilir Hoxhaj, Thomas M\u00fcller, Lucian Comanelea, Mihael Mihaljevic<\/p>\n\n\n\n<p><strong>AH-Kegeln am Samstag, den 25.10.2024<\/strong><br><br>13 hochmotivierte, jung, dynamische, aktive sowie passive Ah-ler traten beim Kegelabend gegeneinander an.<br>Nach den ersten 10 W\u00fcrfen in die \u201eVollen\u201c f\u00fchrte Andy M\u00e4hler die Spitze des hart umk\u00e4mpften Teilnehmerfeldes an.<br>Im 2. Durchgang, dem Abr\u00e4umen, brachte Andy M\u00e4hler trotz R\u00fcckenprobleme seine langj\u00e4hrige Erfahrung mit ins Spiel.<br>Er setzte sich in der Endabrechnung mit 2 Punkten Vorsprung durch und gewann somit den hei\u00dfbegehrten neuen Kegelpokal der AH.<br>Mario Klauss und Volker Eisenmann vervollst\u00e4ndigten das Siegerpodest mit den Pl\u00e4tzen 2 und 3.<br><br><strong>Gratulation an Andy zum 1.Platz!<\/strong><br><br>Dank auch an unseren AH-Fotografen Steffen Mayer, der diesen ausgelassenen und hochspannenden Abend auf seinen Bildern festhielt.<\/p>\n\n\n\n<figure class=\"wp-block-image size-full\"><img loading=\"lazy\" decoding=\"async\" width=\"623\" height=\"415\" src=\"https:\/\/www.sv-moetzingen.de\/svm\/wp-content\/uploads\/2026\/01\/image-2.jpeg\" alt=\"\" class=\"wp-image-2741\" srcset=\"https:\/\/www.sv-moetzingen.de\/svm\/wp-content\/uploads\/2026\/01\/image-2.jpeg 623w, https:\/\/www.sv-moetzingen.de\/svm\/wp-content\/uploads\/2026\/01\/image-2-300x200.jpeg 300w, https:\/\/www.sv-moetzingen.de\/svm\/wp-content\/uploads\/2026\/01\/image-2-360x240.jpeg 360w\" sizes=\"auto, (max-width: 623px) 100vw, 623px\" \/><\/figure>\n\n\n\n<p><strong>Ergebnisse<\/strong><\/p>\n\n\n\n<figure class=\"wp-block-image size-full is-resized\"><img loading=\"lazy\" decoding=\"async\" width=\"974\" height=\"649\" src=\"https:\/\/www.sv-moetzingen.de\/svm\/wp-content\/uploads\/2026\/01\/grafik.png\" alt=\"\" class=\"wp-image-2747\" style=\"aspect-ratio:1.500770912592158;width:620px;height:auto\" srcset=\"https:\/\/www.sv-moetzingen.de\/svm\/wp-content\/uploads\/2026\/01\/grafik.png 974w, https:\/\/www.sv-moetzingen.de\/svm\/wp-content\/uploads\/2026\/01\/grafik-300x200.png 300w, https:\/\/www.sv-moetzingen.de\/svm\/wp-content\/uploads\/2026\/01\/grafik-768x512.png 768w, https:\/\/www.sv-moetzingen.de\/svm\/wp-content\/uploads\/2026\/01\/grafik-360x240.png 360w\" sizes=\"auto, (max-width: 974px) 100vw, 974px\" \/><\/figure>\n\n\n\n<figure class=\"wp-block-image size-full\"><img loading=\"lazy\" decoding=\"async\" width=\"623\" height=\"415\" src=\"https:\/\/www.sv-moetzingen.de\/svm\/wp-content\/uploads\/2026\/01\/image.png\" alt=\"\" class=\"wp-image-2743\" srcset=\"https:\/\/www.sv-moetzingen.de\/svm\/wp-content\/uploads\/2026\/01\/image.png 623w, https:\/\/www.sv-moetzingen.de\/svm\/wp-content\/uploads\/2026\/01\/image-300x200.png 300w, https:\/\/www.sv-moetzingen.de\/svm\/wp-content\/uploads\/2026\/01\/image-360x240.png 360w\" sizes=\"auto, (max-width: 623px) 100vw, 623px\" \/><\/figure>\n\n\n\n<p><strong>AH-Ausflug vom 26.-28.09.2025 Seeg \/ Allg\u00e4u<\/strong><\/p>\n\n\n\n<figure class=\"wp-block-image size-full\"><img loading=\"lazy\" decoding=\"async\" width=\"482\" height=\"643\" src=\"https:\/\/www.sv-moetzingen.de\/svm\/wp-content\/uploads\/2026\/01\/image-8.jpeg\" alt=\"\" class=\"wp-image-2752\" srcset=\"https:\/\/www.sv-moetzingen.de\/svm\/wp-content\/uploads\/2026\/01\/image-8.jpeg 482w, https:\/\/www.sv-moetzingen.de\/svm\/wp-content\/uploads\/2026\/01\/image-8-225x300.jpeg 225w\" sizes=\"auto, (max-width: 482px) 100vw, 482px\" \/><\/figure>\n\n\n\n<figure class=\"wp-block-image size-full\"><img loading=\"lazy\" decoding=\"async\" width=\"482\" height=\"643\" src=\"https:\/\/www.sv-moetzingen.de\/svm\/wp-content\/uploads\/2026\/01\/image-7.jpeg\" alt=\"\" class=\"wp-image-2751\" srcset=\"https:\/\/www.sv-moetzingen.de\/svm\/wp-content\/uploads\/2026\/01\/image-7.jpeg 482w, https:\/\/www.sv-moetzingen.de\/svm\/wp-content\/uploads\/2026\/01\/image-7-225x300.jpeg 225w\" sizes=\"auto, (max-width: 482px) 100vw, 482px\" \/><\/figure>\n\n\n\n<figure class=\"wp-block-image size-full\"><img loading=\"lazy\" decoding=\"async\" width=\"549\" height=\"412\" src=\"https:\/\/www.sv-moetzingen.de\/svm\/wp-content\/uploads\/2026\/01\/image-3.png\" alt=\"\" class=\"wp-image-2753\" srcset=\"https:\/\/www.sv-moetzingen.de\/svm\/wp-content\/uploads\/2026\/01\/image-3.png 549w, https:\/\/www.sv-moetzingen.de\/svm\/wp-content\/uploads\/2026\/01\/image-3-300x225.png 300w\" sizes=\"auto, (max-width: 549px) 100vw, 549px\" \/><\/figure>\n\n\n\n<figure class=\"wp-block-image size-full\"><img loading=\"lazy\" decoding=\"async\" width=\"638\" height=\"478\" src=\"https:\/\/www.sv-moetzingen.de\/svm\/wp-content\/uploads\/2026\/01\/image-6.jpeg\" alt=\"\" class=\"wp-image-2750\" srcset=\"https:\/\/www.sv-moetzingen.de\/svm\/wp-content\/uploads\/2026\/01\/image-6.jpeg 638w, https:\/\/www.sv-moetzingen.de\/svm\/wp-content\/uploads\/2026\/01\/image-6-300x225.jpeg 300w\" sizes=\"auto, (max-width: 638px) 100vw, 638px\" \/><\/figure>\n\n\n\n<figure class=\"wp-block-image size-full\"><img loading=\"lazy\" decoding=\"async\" width=\"386\" height=\"515\" src=\"https:\/\/www.sv-moetzingen.de\/svm\/wp-content\/uploads\/2026\/01\/image-5.jpeg\" alt=\"\" class=\"wp-image-2749\" srcset=\"https:\/\/www.sv-moetzingen.de\/svm\/wp-content\/uploads\/2026\/01\/image-5.jpeg 386w, https:\/\/www.sv-moetzingen.de\/svm\/wp-content\/uploads\/2026\/01\/image-5-225x300.jpeg 225w\" sizes=\"auto, (max-width: 386px) 100vw, 386px\" \/><\/figure>\n\n\n\n<figure class=\"wp-block-image size-full\"><img loading=\"lazy\" decoding=\"async\" width=\"482\" height=\"392\" src=\"https:\/\/www.sv-moetzingen.de\/svm\/wp-content\/uploads\/2026\/01\/image-4.jpeg\" alt=\"\" class=\"wp-image-2748\" srcset=\"https:\/\/www.sv-moetzingen.de\/svm\/wp-content\/uploads\/2026\/01\/image-4.jpeg 482w, https:\/\/www.sv-moetzingen.de\/svm\/wp-content\/uploads\/2026\/01\/image-4-300x244.jpeg 300w\" sizes=\"auto, (max-width: 482px) 100vw, 482px\" \/><\/figure>\n","protected":false},"excerpt":{"rendered":"<p>AH Turnier in Weitingen am 18.05.2025 &#8211;&nbsp;&nbsp; 4.Platz SVM \u2013 SV Dettensee &nbsp;&nbsp;&nbsp;&nbsp;&nbsp;&nbsp;&nbsp;&nbsp;&nbsp;&nbsp;&nbsp; &nbsp;&nbsp;&nbsp;&nbsp;&nbsp;&nbsp;&nbsp;&nbsp;&nbsp;&nbsp;&nbsp;1:2&nbsp;&nbsp;&nbsp;&nbsp;&nbsp;&nbsp; Marc Wagner&nbsp;&nbsp;&nbsp;&nbsp;SVM \u2013 FC Tailfingen&nbsp;&nbsp;&nbsp;&nbsp;&nbsp;&nbsp;&nbsp;&nbsp;&nbsp;&nbsp;&nbsp;&nbsp; &nbsp;&nbsp;&nbsp;&nbsp; &nbsp;&nbsp;&nbsp;&nbsp;&nbsp;&nbsp;0:0SVM \u2013 SV Eutingen&nbsp; &nbsp;&nbsp;&nbsp;&nbsp;&nbsp;&nbsp;&nbsp;&nbsp;&nbsp;&nbsp;&nbsp; &nbsp;&nbsp;&nbsp;&nbsp;&nbsp;&nbsp;&nbsp;&nbsp;&nbsp;&nbsp;&nbsp;1:0&nbsp;&nbsp;&nbsp;&nbsp;&nbsp;&nbsp; Frank Babenst\u00fcberSVM \u2013 SV Weitingen&nbsp;&nbsp;&nbsp;&nbsp;&nbsp;&nbsp;&nbsp;&nbsp;&nbsp;&nbsp;&nbsp;&nbsp;&nbsp;&nbsp;&nbsp;&nbsp;&nbsp;&nbsp;&nbsp;&nbsp;&nbsp;&nbsp;&nbsp;0:1&nbsp;&nbsp;&nbsp;&nbsp;SVM \u2013 TV Altdorf&nbsp;&nbsp;&nbsp;&nbsp;&nbsp;&nbsp;&nbsp;&nbsp;&nbsp;&nbsp;&nbsp;&nbsp;&nbsp;&nbsp;&nbsp;&nbsp;&nbsp;&nbsp;&nbsp;&nbsp;&nbsp;&nbsp;&nbsp;&nbsp;&nbsp;&nbsp;&nbsp; 1:1&nbsp;&nbsp;&nbsp;&nbsp;&nbsp;&nbsp; Benny Schiebel&nbsp;&nbsp;&nbsp;&nbsp;SVM \u2013 TSV Kiebingen&nbsp;&nbsp;&nbsp;&nbsp;&nbsp;&nbsp;&nbsp;&nbsp;&nbsp;&nbsp;&nbsp;&nbsp;&nbsp;&nbsp;&nbsp;&nbsp;&nbsp;&nbsp;&nbsp;&nbsp;<\/p>\n","protected":false},"author":1,"featured_media":0,"parent":0,"menu_order":0,"comment_status":"closed","ping_status":"closed","template":"","meta":{"footnotes":""},"class_list":["post-2600","page","type-page","status-publish","hentry"],"yoast_head":"<!-- This site is optimized with the Yoast SEO plugin v27.6 - https:\/\/yoast.com\/product\/yoast-seo-wordpress\/ -->\n<title>AH-Berichte2025 &#8211; SV M\u00f6tzingen<\/title>\n<meta name=\"robots\" content=\"index, follow, max-snippet:-1, max-image-preview:large, max-video-preview:-1\" \/>\n<link rel=\"canonical\" href=\"https:\/\/www.sv-moetzingen.de\/svm\/ah-berichte2025\/\" \/>\n<meta property=\"og:locale\" content=\"de_DE\" \/>\n<meta property=\"og:type\" content=\"article\" \/>\n<meta property=\"og:title\" content=\"AH-Berichte2025 &#8211; SV M\u00f6tzingen\" \/>\n<meta property=\"og:description\" content=\"AH Turnier in Weitingen am 18.05.2025 &#8211;&nbsp;&nbsp; 4.Platz SVM \u2013 SV Dettensee &nbsp;&nbsp;&nbsp;&nbsp;&nbsp;&nbsp;&nbsp;&nbsp;&nbsp;&nbsp;&nbsp; &nbsp;&nbsp;&nbsp;&nbsp;&nbsp;&nbsp;&nbsp;&nbsp;&nbsp;&nbsp;&nbsp;1:2&nbsp;&nbsp;&nbsp;&nbsp;&nbsp;&nbsp; Marc Wagner&nbsp;&nbsp;&nbsp;&nbsp;SVM \u2013 FC Tailfingen&nbsp;&nbsp;&nbsp;&nbsp;&nbsp;&nbsp;&nbsp;&nbsp;&nbsp;&nbsp;&nbsp;&nbsp; &nbsp;&nbsp;&nbsp;&nbsp; &nbsp;&nbsp;&nbsp;&nbsp;&nbsp;&nbsp;0:0SVM \u2013 SV Eutingen&nbsp; &nbsp;&nbsp;&nbsp;&nbsp;&nbsp;&nbsp;&nbsp;&nbsp;&nbsp;&nbsp;&nbsp; &nbsp;&nbsp;&nbsp;&nbsp;&nbsp;&nbsp;&nbsp;&nbsp;&nbsp;&nbsp;&nbsp;1:0&nbsp;&nbsp;&nbsp;&nbsp;&nbsp;&nbsp; Frank Babenst\u00fcberSVM \u2013 SV Weitingen&nbsp;&nbsp;&nbsp;&nbsp;&nbsp;&nbsp;&nbsp;&nbsp;&nbsp;&nbsp;&nbsp;&nbsp;&nbsp;&nbsp;&nbsp;&nbsp;&nbsp;&nbsp;&nbsp;&nbsp;&nbsp;&nbsp;&nbsp;0:1&nbsp;&nbsp;&nbsp;&nbsp;SVM \u2013 TV Altdorf&nbsp;&nbsp;&nbsp;&nbsp;&nbsp;&nbsp;&nbsp;&nbsp;&nbsp;&nbsp;&nbsp;&nbsp;&nbsp;&nbsp;&nbsp;&nbsp;&nbsp;&nbsp;&nbsp;&nbsp;&nbsp;&nbsp;&nbsp;&nbsp;&nbsp;&nbsp;&nbsp; 1:1&nbsp;&nbsp;&nbsp;&nbsp;&nbsp;&nbsp; Benny Schiebel&nbsp;&nbsp;&nbsp;&nbsp;SVM \u2013 TSV Kiebingen&nbsp;&nbsp;&nbsp;&nbsp;&nbsp;&nbsp;&nbsp;&nbsp;&nbsp;&nbsp;&nbsp;&nbsp;&nbsp;&nbsp;&nbsp;&nbsp;&nbsp;&nbsp;&nbsp;&nbsp;\" \/>\n<meta property=\"og:url\" content=\"https:\/\/www.sv-moetzingen.de\/svm\/ah-berichte2025\/\" \/>\n<meta property=\"og:site_name\" content=\"SV M\u00f6tzingen\" \/>\n<meta property=\"article:publisher\" content=\"https:\/\/www.facebook.com\/SV-M%c3%b6tzingen-1925-eV-1475445622769203\" \/>\n<meta property=\"article:modified_time\" content=\"2026-01-03T06:42:36+00:00\" \/>\n<meta property=\"og:image\" content=\"https:\/\/www.sv-moetzingen.de\/svm\/wp-content\/uploads\/2025\/06\/Bild2.jpg\" \/>\n\t<meta property=\"og:image:width\" content=\"643\" \/>\n\t<meta property=\"og:image:height\" content=\"428\" \/>\n\t<meta property=\"og:image:type\" content=\"image\/jpeg\" \/>\n<meta name=\"twitter:card\" content=\"summary_large_image\" \/>\n<meta name=\"twitter:label1\" content=\"Gesch\u00e4tzte Lesezeit\" \/>\n\t<meta name=\"twitter:data1\" content=\"4\u00a0Minuten\" \/>\n<script type=\"application\/ld+json\" class=\"yoast-schema-graph\">{\"@context\":\"https:\\\/\\\/schema.org\",\"@graph\":[{\"@type\":\"WebPage\",\"@id\":\"https:\\\/\\\/www.sv-moetzingen.de\\\/svm\\\/ah-berichte2025\\\/\",\"url\":\"https:\\\/\\\/www.sv-moetzingen.de\\\/svm\\\/ah-berichte2025\\\/\",\"name\":\"AH-Berichte2025 &#8211; SV M\u00f6tzingen\",\"isPartOf\":{\"@id\":\"https:\\\/\\\/www.sv-moetzingen.de\\\/svm\\\/#website\"},\"primaryImageOfPage\":{\"@id\":\"https:\\\/\\\/www.sv-moetzingen.de\\\/svm\\\/ah-berichte2025\\\/#primaryimage\"},\"image\":{\"@id\":\"https:\\\/\\\/www.sv-moetzingen.de\\\/svm\\\/ah-berichte2025\\\/#primaryimage\"},\"thumbnailUrl\":\"https:\\\/\\\/www.sv-moetzingen.de\\\/svm\\\/wp-content\\\/uploads\\\/2025\\\/06\\\/Bild2.jpg\",\"datePublished\":\"2025-06-06T11:48:54+00:00\",\"dateModified\":\"2026-01-03T06:42:36+00:00\",\"breadcrumb\":{\"@id\":\"https:\\\/\\\/www.sv-moetzingen.de\\\/svm\\\/ah-berichte2025\\\/#breadcrumb\"},\"inLanguage\":\"de\",\"potentialAction\":[{\"@type\":\"ReadAction\",\"target\":[\"https:\\\/\\\/www.sv-moetzingen.de\\\/svm\\\/ah-berichte2025\\\/\"]}]},{\"@type\":\"ImageObject\",\"inLanguage\":\"de\",\"@id\":\"https:\\\/\\\/www.sv-moetzingen.de\\\/svm\\\/ah-berichte2025\\\/#primaryimage\",\"url\":\"https:\\\/\\\/www.sv-moetzingen.de\\\/svm\\\/wp-content\\\/uploads\\\/2025\\\/06\\\/Bild2.jpg\",\"contentUrl\":\"https:\\\/\\\/www.sv-moetzingen.de\\\/svm\\\/wp-content\\\/uploads\\\/2025\\\/06\\\/Bild2.jpg\",\"width\":643,\"height\":428},{\"@type\":\"BreadcrumbList\",\"@id\":\"https:\\\/\\\/www.sv-moetzingen.de\\\/svm\\\/ah-berichte2025\\\/#breadcrumb\",\"itemListElement\":[{\"@type\":\"ListItem\",\"position\":1,\"name\":\"Startseite\",\"item\":\"https:\\\/\\\/www.sv-moetzingen.de\\\/svm\\\/\"},{\"@type\":\"ListItem\",\"position\":2,\"name\":\"AH-Berichte2025\"}]},{\"@type\":\"WebSite\",\"@id\":\"https:\\\/\\\/www.sv-moetzingen.de\\\/svm\\\/#website\",\"url\":\"https:\\\/\\\/www.sv-moetzingen.de\\\/svm\\\/\",\"name\":\"SV M\u00f6tzingen 1925 e.V.\",\"description\":\"\",\"publisher\":{\"@id\":\"https:\\\/\\\/www.sv-moetzingen.de\\\/svm\\\/#organization\"},\"potentialAction\":[{\"@type\":\"SearchAction\",\"target\":{\"@type\":\"EntryPoint\",\"urlTemplate\":\"https:\\\/\\\/www.sv-moetzingen.de\\\/svm\\\/?s={search_term_string}\"},\"query-input\":{\"@type\":\"PropertyValueSpecification\",\"valueRequired\":true,\"valueName\":\"search_term_string\"}}],\"inLanguage\":\"de\"},{\"@type\":\"Organization\",\"@id\":\"https:\\\/\\\/www.sv-moetzingen.de\\\/svm\\\/#organization\",\"name\":\"SV M\u00f6tzingen 1925 e.V.\",\"url\":\"https:\\\/\\\/www.sv-moetzingen.de\\\/svm\\\/\",\"logo\":{\"@type\":\"ImageObject\",\"inLanguage\":\"de\",\"@id\":\"https:\\\/\\\/www.sv-moetzingen.de\\\/svm\\\/#\\\/schema\\\/logo\\\/image\\\/\",\"url\":\"\",\"contentUrl\":\"\",\"caption\":\"SV M\u00f6tzingen 1925 e.V.\"},\"image\":{\"@id\":\"https:\\\/\\\/www.sv-moetzingen.de\\\/svm\\\/#\\\/schema\\\/logo\\\/image\\\/\"},\"sameAs\":[\"https:\\\/\\\/www.facebook.com\\\/SV-M\u00f6tzingen-1925-eV-1475445622769203\"]}]}<\/script>\n<!-- \/ Yoast SEO plugin. -->","yoast_head_json":{"title":"AH-Berichte2025 &#8211; SV M\u00f6tzingen","robots":{"index":"index","follow":"follow","max-snippet":"max-snippet:-1","max-image-preview":"max-image-preview:large","max-video-preview":"max-video-preview:-1"},"canonical":"https:\/\/www.sv-moetzingen.de\/svm\/ah-berichte2025\/","og_locale":"de_DE","og_type":"article","og_title":"AH-Berichte2025 &#8211; SV M\u00f6tzingen","og_description":"AH Turnier in Weitingen am 18.05.2025 &#8211;&nbsp;&nbsp; 4.Platz SVM \u2013 SV Dettensee &nbsp;&nbsp;&nbsp;&nbsp;&nbsp;&nbsp;&nbsp;&nbsp;&nbsp;&nbsp;&nbsp; &nbsp;&nbsp;&nbsp;&nbsp;&nbsp;&nbsp;&nbsp;&nbsp;&nbsp;&nbsp;&nbsp;1:2&nbsp;&nbsp;&nbsp;&nbsp;&nbsp;&nbsp; Marc Wagner&nbsp;&nbsp;&nbsp;&nbsp;SVM \u2013 FC Tailfingen&nbsp;&nbsp;&nbsp;&nbsp;&nbsp;&nbsp;&nbsp;&nbsp;&nbsp;&nbsp;&nbsp;&nbsp; &nbsp;&nbsp;&nbsp;&nbsp; &nbsp;&nbsp;&nbsp;&nbsp;&nbsp;&nbsp;0:0SVM \u2013 SV Eutingen&nbsp; &nbsp;&nbsp;&nbsp;&nbsp;&nbsp;&nbsp;&nbsp;&nbsp;&nbsp;&nbsp;&nbsp; &nbsp;&nbsp;&nbsp;&nbsp;&nbsp;&nbsp;&nbsp;&nbsp;&nbsp;&nbsp;&nbsp;1:0&nbsp;&nbsp;&nbsp;&nbsp;&nbsp;&nbsp; Frank Babenst\u00fcberSVM \u2013 SV Weitingen&nbsp;&nbsp;&nbsp;&nbsp;&nbsp;&nbsp;&nbsp;&nbsp;&nbsp;&nbsp;&nbsp;&nbsp;&nbsp;&nbsp;&nbsp;&nbsp;&nbsp;&nbsp;&nbsp;&nbsp;&nbsp;&nbsp;&nbsp;0:1&nbsp;&nbsp;&nbsp;&nbsp;SVM \u2013 TV Altdorf&nbsp;&nbsp;&nbsp;&nbsp;&nbsp;&nbsp;&nbsp;&nbsp;&nbsp;&nbsp;&nbsp;&nbsp;&nbsp;&nbsp;&nbsp;&nbsp;&nbsp;&nbsp;&nbsp;&nbsp;&nbsp;&nbsp;&nbsp;&nbsp;&nbsp;&nbsp;&nbsp; 1:1&nbsp;&nbsp;&nbsp;&nbsp;&nbsp;&nbsp; Benny Schiebel&nbsp;&nbsp;&nbsp;&nbsp;SVM \u2013 TSV Kiebingen&nbsp;&nbsp;&nbsp;&nbsp;&nbsp;&nbsp;&nbsp;&nbsp;&nbsp;&nbsp;&nbsp;&nbsp;&nbsp;&nbsp;&nbsp;&nbsp;&nbsp;&nbsp;&nbsp;&nbsp;","og_url":"https:\/\/www.sv-moetzingen.de\/svm\/ah-berichte2025\/","og_site_name":"SV M\u00f6tzingen","article_publisher":"https:\/\/www.facebook.com\/SV-M%c3%b6tzingen-1925-eV-1475445622769203","article_modified_time":"2026-01-03T06:42:36+00:00","og_image":[{"width":643,"height":428,"url":"https:\/\/www.sv-moetzingen.de\/svm\/wp-content\/uploads\/2025\/06\/Bild2.jpg","type":"image\/jpeg"}],"twitter_card":"summary_large_image","twitter_misc":{"Gesch\u00e4tzte Lesezeit":"4\u00a0Minuten"},"schema":{"@context":"https:\/\/schema.org","@graph":[{"@type":"WebPage","@id":"https:\/\/www.sv-moetzingen.de\/svm\/ah-berichte2025\/","url":"https:\/\/www.sv-moetzingen.de\/svm\/ah-berichte2025\/","name":"AH-Berichte2025 &#8211; SV M\u00f6tzingen","isPartOf":{"@id":"https:\/\/www.sv-moetzingen.de\/svm\/#website"},"primaryImageOfPage":{"@id":"https:\/\/www.sv-moetzingen.de\/svm\/ah-berichte2025\/#primaryimage"},"image":{"@id":"https:\/\/www.sv-moetzingen.de\/svm\/ah-berichte2025\/#primaryimage"},"thumbnailUrl":"https:\/\/www.sv-moetzingen.de\/svm\/wp-content\/uploads\/2025\/06\/Bild2.jpg","datePublished":"2025-06-06T11:48:54+00:00","dateModified":"2026-01-03T06:42:36+00:00","breadcrumb":{"@id":"https:\/\/www.sv-moetzingen.de\/svm\/ah-berichte2025\/#breadcrumb"},"inLanguage":"de","potentialAction":[{"@type":"ReadAction","target":["https:\/\/www.sv-moetzingen.de\/svm\/ah-berichte2025\/"]}]},{"@type":"ImageObject","inLanguage":"de","@id":"https:\/\/www.sv-moetzingen.de\/svm\/ah-berichte2025\/#primaryimage","url":"https:\/\/www.sv-moetzingen.de\/svm\/wp-content\/uploads\/2025\/06\/Bild2.jpg","contentUrl":"https:\/\/www.sv-moetzingen.de\/svm\/wp-content\/uploads\/2025\/06\/Bild2.jpg","width":643,"height":428},{"@type":"BreadcrumbList","@id":"https:\/\/www.sv-moetzingen.de\/svm\/ah-berichte2025\/#breadcrumb","itemListElement":[{"@type":"ListItem","position":1,"name":"Startseite","item":"https:\/\/www.sv-moetzingen.de\/svm\/"},{"@type":"ListItem","position":2,"name":"AH-Berichte2025"}]},{"@type":"WebSite","@id":"https:\/\/www.sv-moetzingen.de\/svm\/#website","url":"https:\/\/www.sv-moetzingen.de\/svm\/","name":"SV M\u00f6tzingen 1925 e.V.","description":"","publisher":{"@id":"https:\/\/www.sv-moetzingen.de\/svm\/#organization"},"potentialAction":[{"@type":"SearchAction","target":{"@type":"EntryPoint","urlTemplate":"https:\/\/www.sv-moetzingen.de\/svm\/?s={search_term_string}"},"query-input":{"@type":"PropertyValueSpecification","valueRequired":true,"valueName":"search_term_string"}}],"inLanguage":"de"},{"@type":"Organization","@id":"https:\/\/www.sv-moetzingen.de\/svm\/#organization","name":"SV M\u00f6tzingen 1925 e.V.","url":"https:\/\/www.sv-moetzingen.de\/svm\/","logo":{"@type":"ImageObject","inLanguage":"de","@id":"https:\/\/www.sv-moetzingen.de\/svm\/#\/schema\/logo\/image\/","url":"","contentUrl":"","caption":"SV M\u00f6tzingen 1925 e.V."},"image":{"@id":"https:\/\/www.sv-moetzingen.de\/svm\/#\/schema\/logo\/image\/"},"sameAs":["https:\/\/www.facebook.com\/SV-M\u00f6tzingen-1925-eV-1475445622769203"]}]}},"rttpg_featured_image_url":null,"rttpg_author":{"display_name":"sira","author_link":"https:\/\/www.sv-moetzingen.de\/svm\/author\/sira\/"},"rttpg_comment":0,"rttpg_category":null,"rttpg_excerpt":"AH Turnier in Weitingen am 18.05.2025 &#8211;&nbsp;&nbsp; 4.Platz SVM \u2013 SV Dettensee &nbsp;&nbsp;&nbsp;&nbsp;&nbsp;&nbsp;&nbsp;&nbsp;&nbsp;&nbsp;&nbsp; &nbsp;&nbsp;&nbsp;&nbsp;&nbsp;&nbsp;&nbsp;&nbsp;&nbsp;&nbsp;&nbsp;1:2&nbsp;&nbsp;&nbsp;&nbsp;&nbsp;&nbsp; Marc Wagner&nbsp;&nbsp;&nbsp;&nbsp;SVM \u2013 FC Tailfingen&nbsp;&nbsp;&nbsp;&nbsp;&nbsp;&nbsp;&nbsp;&nbsp;&nbsp;&nbsp;&nbsp;&nbsp; &nbsp;&nbsp;&nbsp;&nbsp; &nbsp;&nbsp;&nbsp;&nbsp;&nbsp;&nbsp;0:0SVM \u2013 SV Eutingen&nbsp; &nbsp;&nbsp;&nbsp;&nbsp;&nbsp;&nbsp;&nbsp;&nbsp;&nbsp;&nbsp;&nbsp; &nbsp;&nbsp;&nbsp;&nbsp;&nbsp;&nbsp;&nbsp;&nbsp;&nbsp;&nbsp;&nbsp;1:0&nbsp;&nbsp;&nbsp;&nbsp;&nbsp;&nbsp; Frank Babenst\u00fcberSVM \u2013 SV Weitingen&nbsp;&nbsp;&nbsp;&nbsp;&nbsp;&nbsp;&nbsp;&nbsp;&nbsp;&nbsp;&nbsp;&nbsp;&nbsp;&nbsp;&nbsp;&nbsp;&nbsp;&nbsp;&nbsp;&nbsp;&nbsp;&nbsp;&nbsp;0:1&nbsp;&nbsp;&nbsp;&nbsp;SVM \u2013 TV Altdorf&nbsp;&nbsp;&nbsp;&nbsp;&nbsp;&nbsp;&nbsp;&nbsp;&nbsp;&nbsp;&nbsp;&nbsp;&nbsp;&nbsp;&nbsp;&nbsp;&nbsp;&nbsp;&nbsp;&nbsp;&nbsp;&nbsp;&nbsp;&nbsp;&nbsp;&nbsp;&nbsp; 1:1&nbsp;&nbsp;&nbsp;&nbsp;&nbsp;&nbsp; Benny Schiebel&nbsp;&nbsp;&nbsp;&nbsp;SVM \u2013 TSV Kiebingen&nbsp;&nbsp;&nbsp;&nbsp;&nbsp;&nbsp;&nbsp;&nbsp;&nbsp;&nbsp;&nbsp;&nbsp;&nbsp;&nbsp;&nbsp;&nbsp;&nbsp;&nbsp;&nbsp;&nbsp;","_links":{"self":[{"href":"https:\/\/www.sv-moetzingen.de\/svm\/wp-json\/wp\/v2\/pages\/2600","targetHints":{"allow":["GET"]}}],"collection":[{"href":"https:\/\/www.sv-moetzingen.de\/svm\/wp-json\/wp\/v2\/pages"}],"about":[{"href":"https:\/\/www.sv-moetzingen.de\/svm\/wp-json\/wp\/v2\/types\/page"}],"author":[{"embeddable":true,"href":"https:\/\/www.sv-moetzingen.de\/svm\/wp-json\/wp\/v2\/users\/1"}],"replies":[{"embeddable":true,"href":"https:\/\/www.sv-moetzingen.de\/svm\/wp-json\/wp\/v2\/comments?post=2600"}],"version-history":[{"count":3,"href":"https:\/\/www.sv-moetzingen.de\/svm\/wp-json\/wp\/v2\/pages\/2600\/revisions"}],"predecessor-version":[{"id":2754,"href":"https:\/\/www.sv-moetzingen.de\/svm\/wp-json\/wp\/v2\/pages\/2600\/revisions\/2754"}],"wp:attachment":[{"href":"https:\/\/www.sv-moetzingen.de\/svm\/wp-json\/wp\/v2\/media?parent=2600"}],"curies":[{"name":"wp","href":"https:\/\/api.w.org\/{rel}","templated":true}]}}