{"id":2781,"date":"2026-03-24T17:50:26","date_gmt":"2026-03-24T16:50:26","guid":{"rendered":"https:\/\/www.sv-moetzingen.de\/svm\/?page_id=2781"},"modified":"2026-03-24T17:54:25","modified_gmt":"2026-03-24T16:54:25","slug":"jugendturnier","status":"publish","type":"page","link":"https:\/\/www.sv-moetzingen.de\/svm\/jugendturnier\/","title":{"rendered":"Jugendturnier"},"content":{"rendered":"\n<h2 class=\"wp-block-heading\"><strong>15. Gerhard-Roll-Jugendvorbereitungsturnier des SV M\u00f6tzingen 1925 e.V.<\/strong><\/h2>\n\n\n\n<figure class=\"wp-block-image alignfull size-large\"><img loading=\"lazy\" decoding=\"async\" width=\"1024\" height=\"683\" src=\"https:\/\/www.sv-moetzingen.de\/svm\/wp-content\/uploads\/2022\/09\/kenny-eliason-otYC4eoGJGg-unsplash-1024x683.jpg\" alt=\"\" class=\"wp-image-1520\" srcset=\"https:\/\/www.sv-moetzingen.de\/svm\/wp-content\/uploads\/2022\/09\/kenny-eliason-otYC4eoGJGg-unsplash-1024x683.jpg 1024w, https:\/\/www.sv-moetzingen.de\/svm\/wp-content\/uploads\/2022\/09\/kenny-eliason-otYC4eoGJGg-unsplash-300x200.jpg 300w, https:\/\/www.sv-moetzingen.de\/svm\/wp-content\/uploads\/2022\/09\/kenny-eliason-otYC4eoGJGg-unsplash-768x512.jpg 768w, https:\/\/www.sv-moetzingen.de\/svm\/wp-content\/uploads\/2022\/09\/kenny-eliason-otYC4eoGJGg-unsplash-1536x1024.jpg 1536w, https:\/\/www.sv-moetzingen.de\/svm\/wp-content\/uploads\/2022\/09\/kenny-eliason-otYC4eoGJGg-unsplash-2048x1365.jpg 2048w, https:\/\/www.sv-moetzingen.de\/svm\/wp-content\/uploads\/2022\/09\/kenny-eliason-otYC4eoGJGg-unsplash-360x240.jpg 360w\" sizes=\"auto, (max-width: 1024px) 100vw, 1024px\" \/><\/figure>\n\n\n\n<p><strong>Termin: Samstag 12. und Sonntag 13. September 2026<\/strong><br><br><strong>Samstag, 12.09.2026 <\/strong><br>C-Junioren (St\u00e4rke: 11 (11 vs. 11) Jahrgang 2012\/2013<br>E-Junioren (St\u00e4rke: 7 (7 vs. 7) Jahrgang 2016\/2017<br><br><strong>Sonntag, 13.09.2026 <\/strong><br>D-Junioren (St\u00e4rke: 9 (9 vs. 9) Jahrgang 2014\/2015<br>F1-Junioren (St\u00e4rke: 8 (4 vs. 4 + 3 vs. 3) Jahrgang 2018<br>F2-Junioren (St\u00e4rke: 8 (4 vs. 4 + 3 vs. 3) Jahrgang 2019<br><br>Die Anmeldung zum Turnier erfolgt ausschlie\u00dflich \u00fcber das <strong>Anmeldeformular<\/strong> (Mehrfachauswahl m\u00f6glich)<br>welches ihr \u00fcber nachfolgenden Link erreicht:<br><a href=\"https:\/\/sv-moetzingen.de\/jugendturniermanagement\/anmeldung.php\" target=\"_blank\" rel=\"noreferrer noopener\">https:\/\/sv-moetzingen.de\/jugendturniermanagement\/anmeldung.php<\/a><\/p>\n\n\n\n<p>Hier nochmal alle Infos und die <strong>TURNIERBESTIMMUNGEN<\/strong> als <strong>PDF<\/strong> zum <a href=\"https:\/\/www.sv-moetzingen.de\/svm\/wp-content\/uploads\/2026\/03\/Ausschreibung_2026_SV_Moetzingen.pdf\" target=\"_blank\" rel=\"noreferrer noopener\"><strong>DOWNLOAD<\/strong><\/a><\/p>\n\n\n\n<p><\/p>\n","protected":false},"excerpt":{"rendered":"<p>15. Gerhard-Roll-Jugendvorbereitungsturnier des SV M\u00f6tzingen 1925 e.V. Termin: Samstag 12. und Sonntag 13. September 2026 Samstag, 12.09.2026 C-Junioren (St\u00e4rke: 11 (11 vs. 11) Jahrgang 2012\/2013E-Junioren (St\u00e4rke: 7 (7 vs. 7) Jahrgang 2016\/2017 Sonntag, 13.09.2026 D-Junioren (St\u00e4rke: 9 (9 vs. 9)<\/p>\n","protected":false},"author":1,"featured_media":0,"parent":0,"menu_order":0,"comment_status":"closed","ping_status":"closed","template":"","meta":{"footnotes":""},"class_list":["post-2781","page","type-page","status-publish","hentry"],"yoast_head":"<!-- This site is optimized with the Yoast SEO plugin v27.4 - https:\/\/yoast.com\/product\/yoast-seo-wordpress\/ -->\n<title>Jugendturnier &#8211; SV M\u00f6tzingen<\/title>\n<meta name=\"robots\" content=\"index, follow, max-snippet:-1, max-image-preview:large, max-video-preview:-1\" \/>\n<link rel=\"canonical\" href=\"https:\/\/www.sv-moetzingen.de\/svm\/jugendturnier\/\" \/>\n<meta property=\"og:locale\" content=\"de_DE\" \/>\n<meta property=\"og:type\" content=\"article\" \/>\n<meta property=\"og:title\" content=\"Jugendturnier &#8211; SV M\u00f6tzingen\" \/>\n<meta property=\"og:description\" content=\"15. Gerhard-Roll-Jugendvorbereitungsturnier des SV M\u00f6tzingen 1925 e.V. Termin: Samstag 12. und Sonntag 13. September 2026 Samstag, 12.09.2026 C-Junioren (St\u00e4rke: 11 (11 vs. 11) Jahrgang 2012\/2013E-Junioren (St\u00e4rke: 7 (7 vs. 7) Jahrgang 2016\/2017 Sonntag, 13.09.2026 D-Junioren (St\u00e4rke: 9 (9 vs. 9)\" \/>\n<meta property=\"og:url\" content=\"https:\/\/www.sv-moetzingen.de\/svm\/jugendturnier\/\" \/>\n<meta property=\"og:site_name\" content=\"SV M\u00f6tzingen\" \/>\n<meta property=\"article:publisher\" content=\"https:\/\/www.facebook.com\/SV-M%c3%b6tzingen-1925-eV-1475445622769203\" \/>\n<meta property=\"article:modified_time\" content=\"2026-03-24T16:54:25+00:00\" \/>\n<meta property=\"og:image\" content=\"https:\/\/www.sv-moetzingen.de\/svm\/wp-content\/uploads\/2022\/09\/kenny-eliason-otYC4eoGJGg-unsplash-scaled.jpg\" \/>\n\t<meta property=\"og:image:width\" content=\"2560\" \/>\n\t<meta property=\"og:image:height\" content=\"1706\" \/>\n\t<meta property=\"og:image:type\" content=\"image\/jpeg\" \/>\n<meta name=\"twitter:card\" content=\"summary_large_image\" \/>\n<meta name=\"twitter:label1\" content=\"Gesch\u00e4tzte Lesezeit\" \/>\n\t<meta name=\"twitter:data1\" content=\"1\u00a0Minute\" \/>\n<script type=\"application\/ld+json\" class=\"yoast-schema-graph\">{\"@context\":\"https:\\\/\\\/schema.org\",\"@graph\":[{\"@type\":\"WebPage\",\"@id\":\"https:\\\/\\\/www.sv-moetzingen.de\\\/svm\\\/jugendturnier\\\/\",\"url\":\"https:\\\/\\\/www.sv-moetzingen.de\\\/svm\\\/jugendturnier\\\/\",\"name\":\"Jugendturnier &#8211; SV M\u00f6tzingen\",\"isPartOf\":{\"@id\":\"https:\\\/\\\/www.sv-moetzingen.de\\\/svm\\\/#website\"},\"primaryImageOfPage\":{\"@id\":\"https:\\\/\\\/www.sv-moetzingen.de\\\/svm\\\/jugendturnier\\\/#primaryimage\"},\"image\":{\"@id\":\"https:\\\/\\\/www.sv-moetzingen.de\\\/svm\\\/jugendturnier\\\/#primaryimage\"},\"thumbnailUrl\":\"https:\\\/\\\/www.sv-moetzingen.de\\\/svm\\\/wp-content\\\/uploads\\\/2022\\\/09\\\/kenny-eliason-otYC4eoGJGg-unsplash-1024x683.jpg\",\"datePublished\":\"2026-03-24T16:50:26+00:00\",\"dateModified\":\"2026-03-24T16:54:25+00:00\",\"breadcrumb\":{\"@id\":\"https:\\\/\\\/www.sv-moetzingen.de\\\/svm\\\/jugendturnier\\\/#breadcrumb\"},\"inLanguage\":\"de\",\"potentialAction\":[{\"@type\":\"ReadAction\",\"target\":[\"https:\\\/\\\/www.sv-moetzingen.de\\\/svm\\\/jugendturnier\\\/\"]}]},{\"@type\":\"ImageObject\",\"inLanguage\":\"de\",\"@id\":\"https:\\\/\\\/www.sv-moetzingen.de\\\/svm\\\/jugendturnier\\\/#primaryimage\",\"url\":\"https:\\\/\\\/www.sv-moetzingen.de\\\/svm\\\/wp-content\\\/uploads\\\/2022\\\/09\\\/kenny-eliason-otYC4eoGJGg-unsplash-scaled.jpg\",\"contentUrl\":\"https:\\\/\\\/www.sv-moetzingen.de\\\/svm\\\/wp-content\\\/uploads\\\/2022\\\/09\\\/kenny-eliason-otYC4eoGJGg-unsplash-scaled.jpg\",\"width\":2560,\"height\":1706},{\"@type\":\"BreadcrumbList\",\"@id\":\"https:\\\/\\\/www.sv-moetzingen.de\\\/svm\\\/jugendturnier\\\/#breadcrumb\",\"itemListElement\":[{\"@type\":\"ListItem\",\"position\":1,\"name\":\"Startseite\",\"item\":\"https:\\\/\\\/www.sv-moetzingen.de\\\/svm\\\/\"},{\"@type\":\"ListItem\",\"position\":2,\"name\":\"Jugendturnier\"}]},{\"@type\":\"WebSite\",\"@id\":\"https:\\\/\\\/www.sv-moetzingen.de\\\/svm\\\/#website\",\"url\":\"https:\\\/\\\/www.sv-moetzingen.de\\\/svm\\\/\",\"name\":\"SV M\u00f6tzingen 1925 e.V.\",\"description\":\"\",\"publisher\":{\"@id\":\"https:\\\/\\\/www.sv-moetzingen.de\\\/svm\\\/#organization\"},\"potentialAction\":[{\"@type\":\"SearchAction\",\"target\":{\"@type\":\"EntryPoint\",\"urlTemplate\":\"https:\\\/\\\/www.sv-moetzingen.de\\\/svm\\\/?s={search_term_string}\"},\"query-input\":{\"@type\":\"PropertyValueSpecification\",\"valueRequired\":true,\"valueName\":\"search_term_string\"}}],\"inLanguage\":\"de\"},{\"@type\":\"Organization\",\"@id\":\"https:\\\/\\\/www.sv-moetzingen.de\\\/svm\\\/#organization\",\"name\":\"SV M\u00f6tzingen 1925 e.V.\",\"url\":\"https:\\\/\\\/www.sv-moetzingen.de\\\/svm\\\/\",\"logo\":{\"@type\":\"ImageObject\",\"inLanguage\":\"de\",\"@id\":\"https:\\\/\\\/www.sv-moetzingen.de\\\/svm\\\/#\\\/schema\\\/logo\\\/image\\\/\",\"url\":\"\",\"contentUrl\":\"\",\"caption\":\"SV M\u00f6tzingen 1925 e.V.\"},\"image\":{\"@id\":\"https:\\\/\\\/www.sv-moetzingen.de\\\/svm\\\/#\\\/schema\\\/logo\\\/image\\\/\"},\"sameAs\":[\"https:\\\/\\\/www.facebook.com\\\/SV-M\u00f6tzingen-1925-eV-1475445622769203\"]}]}<\/script>\n<!-- \/ Yoast SEO plugin. -->","yoast_head_json":{"title":"Jugendturnier &#8211; SV M\u00f6tzingen","robots":{"index":"index","follow":"follow","max-snippet":"max-snippet:-1","max-image-preview":"max-image-preview:large","max-video-preview":"max-video-preview:-1"},"canonical":"https:\/\/www.sv-moetzingen.de\/svm\/jugendturnier\/","og_locale":"de_DE","og_type":"article","og_title":"Jugendturnier &#8211; SV M\u00f6tzingen","og_description":"15. Gerhard-Roll-Jugendvorbereitungsturnier des SV M\u00f6tzingen 1925 e.V. Termin: Samstag 12. und Sonntag 13. September 2026 Samstag, 12.09.2026 C-Junioren (St\u00e4rke: 11 (11 vs. 11) Jahrgang 2012\/2013E-Junioren (St\u00e4rke: 7 (7 vs. 7) Jahrgang 2016\/2017 Sonntag, 13.09.2026 D-Junioren (St\u00e4rke: 9 (9 vs. 9)","og_url":"https:\/\/www.sv-moetzingen.de\/svm\/jugendturnier\/","og_site_name":"SV M\u00f6tzingen","article_publisher":"https:\/\/www.facebook.com\/SV-M%c3%b6tzingen-1925-eV-1475445622769203","article_modified_time":"2026-03-24T16:54:25+00:00","og_image":[{"width":2560,"height":1706,"url":"https:\/\/www.sv-moetzingen.de\/svm\/wp-content\/uploads\/2022\/09\/kenny-eliason-otYC4eoGJGg-unsplash-scaled.jpg","type":"image\/jpeg"}],"twitter_card":"summary_large_image","twitter_misc":{"Gesch\u00e4tzte Lesezeit":"1\u00a0Minute"},"schema":{"@context":"https:\/\/schema.org","@graph":[{"@type":"WebPage","@id":"https:\/\/www.sv-moetzingen.de\/svm\/jugendturnier\/","url":"https:\/\/www.sv-moetzingen.de\/svm\/jugendturnier\/","name":"Jugendturnier &#8211; SV M\u00f6tzingen","isPartOf":{"@id":"https:\/\/www.sv-moetzingen.de\/svm\/#website"},"primaryImageOfPage":{"@id":"https:\/\/www.sv-moetzingen.de\/svm\/jugendturnier\/#primaryimage"},"image":{"@id":"https:\/\/www.sv-moetzingen.de\/svm\/jugendturnier\/#primaryimage"},"thumbnailUrl":"https:\/\/www.sv-moetzingen.de\/svm\/wp-content\/uploads\/2022\/09\/kenny-eliason-otYC4eoGJGg-unsplash-1024x683.jpg","datePublished":"2026-03-24T16:50:26+00:00","dateModified":"2026-03-24T16:54:25+00:00","breadcrumb":{"@id":"https:\/\/www.sv-moetzingen.de\/svm\/jugendturnier\/#breadcrumb"},"inLanguage":"de","potentialAction":[{"@type":"ReadAction","target":["https:\/\/www.sv-moetzingen.de\/svm\/jugendturnier\/"]}]},{"@type":"ImageObject","inLanguage":"de","@id":"https:\/\/www.sv-moetzingen.de\/svm\/jugendturnier\/#primaryimage","url":"https:\/\/www.sv-moetzingen.de\/svm\/wp-content\/uploads\/2022\/09\/kenny-eliason-otYC4eoGJGg-unsplash-scaled.jpg","contentUrl":"https:\/\/www.sv-moetzingen.de\/svm\/wp-content\/uploads\/2022\/09\/kenny-eliason-otYC4eoGJGg-unsplash-scaled.jpg","width":2560,"height":1706},{"@type":"BreadcrumbList","@id":"https:\/\/www.sv-moetzingen.de\/svm\/jugendturnier\/#breadcrumb","itemListElement":[{"@type":"ListItem","position":1,"name":"Startseite","item":"https:\/\/www.sv-moetzingen.de\/svm\/"},{"@type":"ListItem","position":2,"name":"Jugendturnier"}]},{"@type":"WebSite","@id":"https:\/\/www.sv-moetzingen.de\/svm\/#website","url":"https:\/\/www.sv-moetzingen.de\/svm\/","name":"SV M\u00f6tzingen 1925 e.V.","description":"","publisher":{"@id":"https:\/\/www.sv-moetzingen.de\/svm\/#organization"},"potentialAction":[{"@type":"SearchAction","target":{"@type":"EntryPoint","urlTemplate":"https:\/\/www.sv-moetzingen.de\/svm\/?s={search_term_string}"},"query-input":{"@type":"PropertyValueSpecification","valueRequired":true,"valueName":"search_term_string"}}],"inLanguage":"de"},{"@type":"Organization","@id":"https:\/\/www.sv-moetzingen.de\/svm\/#organization","name":"SV M\u00f6tzingen 1925 e.V.","url":"https:\/\/www.sv-moetzingen.de\/svm\/","logo":{"@type":"ImageObject","inLanguage":"de","@id":"https:\/\/www.sv-moetzingen.de\/svm\/#\/schema\/logo\/image\/","url":"","contentUrl":"","caption":"SV M\u00f6tzingen 1925 e.V."},"image":{"@id":"https:\/\/www.sv-moetzingen.de\/svm\/#\/schema\/logo\/image\/"},"sameAs":["https:\/\/www.facebook.com\/SV-M\u00f6tzingen-1925-eV-1475445622769203"]}]}},"rttpg_featured_image_url":null,"rttpg_author":{"display_name":"sira","author_link":"https:\/\/www.sv-moetzingen.de\/svm\/author\/sira\/"},"rttpg_comment":0,"rttpg_category":null,"rttpg_excerpt":"15. Gerhard-Roll-Jugendvorbereitungsturnier des SV M\u00f6tzingen 1925 e.V. Termin: Samstag 12. und Sonntag 13. September 2026 Samstag, 12.09.2026 C-Junioren (St\u00e4rke: 11 (11 vs. 11) Jahrgang 2012\/2013E-Junioren (St\u00e4rke: 7 (7 vs. 7) Jahrgang 2016\/2017 Sonntag, 13.09.2026 D-Junioren (St\u00e4rke: 9 (9 vs. 9)","_links":{"self":[{"href":"https:\/\/www.sv-moetzingen.de\/svm\/wp-json\/wp\/v2\/pages\/2781","targetHints":{"allow":["GET"]}}],"collection":[{"href":"https:\/\/www.sv-moetzingen.de\/svm\/wp-json\/wp\/v2\/pages"}],"about":[{"href":"https:\/\/www.sv-moetzingen.de\/svm\/wp-json\/wp\/v2\/types\/page"}],"author":[{"embeddable":true,"href":"https:\/\/www.sv-moetzingen.de\/svm\/wp-json\/wp\/v2\/users\/1"}],"replies":[{"embeddable":true,"href":"https:\/\/www.sv-moetzingen.de\/svm\/wp-json\/wp\/v2\/comments?post=2781"}],"version-history":[{"count":6,"href":"https:\/\/www.sv-moetzingen.de\/svm\/wp-json\/wp\/v2\/pages\/2781\/revisions"}],"predecessor-version":[{"id":2790,"href":"https:\/\/www.sv-moetzingen.de\/svm\/wp-json\/wp\/v2\/pages\/2781\/revisions\/2790"}],"wp:attachment":[{"href":"https:\/\/www.sv-moetzingen.de\/svm\/wp-json\/wp\/v2\/media?parent=2781"}],"curies":[{"name":"wp","href":"https:\/\/api.w.org\/{rel}","templated":true}]}}