{"id":650,"date":"2021-01-02T12:04:16","date_gmt":"2021-01-02T11:04:16","guid":{"rendered":"https:\/\/www.sv-moetzingen.de\/svm\/?page_id=650"},"modified":"2021-01-02T14:23:43","modified_gmt":"2021-01-02T13:23:43","slug":"ah-berichte2020","status":"publish","type":"page","link":"https:\/\/www.sv-moetzingen.de\/svm\/ah-berichte2020\/","title":{"rendered":"AH-Berichte2020"},"content":{"rendered":"\n<p>Hier die \u00dcbersicht f\u00fcr 2020:<\/p>\n\n\n\n<ul class=\"wp-block-list\"><li><a href=\"#bericht1\">AH Turnier in Deckenpfronn am 04.01.2020 &#8211; 2.Platz<\/a><\/li><li><a href=\"#bericht2\">AH Turnier in Gechingen am 24.01.2020 &#8211; 2.Platz<\/a><\/li><\/ul>\n\n\n\n<h3 class=\"wp-block-heading\" id=\"bericht1\">AH Turnier in Deckenpfronn am 04.01.2020 &#8211; 2.Platz<\/h3>\n\n\n\n<p><br>SVM \u2013 TSV Benzingen                   2:1 Heinz Ku\u00dfmaul, Eigentor TSV Benzingen<br>SVM \u2013 SV Deckenpfronn II            4:3 Michael Manhalter (4x)<br>SVM \u2013 TV G\u00fcltstein                       1:4 Michael Manhalter<br>SVM \u2013 SV Deckenpfronn               3:2 Heinz Ku\u00dfmaul; Michael Manhalter (2x)<br>SVM \u2013 FSV Deufringen\/Aidlingen 4:2 Frank Dettling, Michael Manhalter , Nico Charalambus (2x)<br>SVM \u2013 TV Darmsheim                   3:1 Michael Manhalter (3x), Nico Charalambus<\/p>\n\n\n\n<p>Im Spiel gegen TSV Benzingen fanden wir nicht in Spiel und hatten Gl\u00fcck, dass wir nicht in\u00a0R\u00fcckstand gerieten. Unser Torwart Andy M\u00e4hler war heute sehr gut drauf und verhinderte die eine\u00a0oder andere Gro\u00dfchance. Durch eine Fernschuss von Heinz Ku\u00dfmaul gingen wir in F\u00fchrung,\u00a0bekamen aber kurz danach durch eine Unachtsamkeit den Ausgleich. Kurz vor Schluss hatten wir<br>Gl\u00fcck und erzielten durch ein Eigentor (scharf gespielte Ecke) das 2:1.<br>Im 2. Spiel waren wir total \u00fcberlegen und lagen schnell mit 4:0 in F\u00fchrung. Alle Tore schoss unser<br>Goalgetter Michael Manhalter. Die letzten 2 Minuten machten wir es nochmals spannend als wir<br>noch 3 Gegentore bekamen.<br>Im 3. Spiel gegen G\u00fcltstein hielten wir Anfangs gut dagegen und gingen sogar mit 1:0 in F\u00fchrung.<br>Danach lie\u00dfen ein wenig die Kr\u00e4fte nach, die G\u00fcltsteiner waren viel spritziger und wir verloren die<br>Ordnung im Spiel. Das nutze der Gegner geschickt aus und erzielte in kurzer Zeit 4 Tore. Das<br>Ergebnis viel aber mit einem Tor zu hoch aus.<br>Im 4 Spiel gegen den SV Deckenpfronn hatten wir uns wieder gut erholt und erzielten durch einen<br>sch\u00f6nen Fernschuss durch Heinz Ku\u00dfmaul das 1:0. Mit 2 weiteren Tor erh\u00f6hten Michael Manhalter<br>schnell auf 3:0. Danach waren wir zu passiv und bauten den Gegner wieder auf, der dann mit 2<br>Treffern wieder herankam. Die knappe F\u00fchrung retteten wir dann geschickt \u00fcber die Zeit.<br>Im vorletzten Spiel erzielte Nico Charalambus durch einen sch\u00f6nen Fernschuss das 1:0. Michael<br>Manhalter erh\u00f6hte auf 2:0. Der TV Darmsheim lie\u00df sich aber nicht unterkriegen und erzielten durch<br>2 sch\u00f6n herausgespielte Tore den Ausgleich. Danach spielten wir ruhig weiter und hatten mehrere<br>100 Prozentige Torchancen die ungenutzt blieben. Es blieb spannen bis zum Schluss. Frank<br>Dettling nahm sich ein Herz erzielte durch einen Flachschuss in Eck das 3:2. Nico Charalambus<br>sorgte f\u00fcr die Entscheidung durch Vorlage von Andy M\u00e4hler.<br><\/p>\n\n\n\n<p>Fazit: Es war ein sch\u00f6nes Turnier. Es hat allen Spass gemacht. Durch eine tolle Torwarleitung und einen<br>gut aufgelegten Michael Manhalter geht der 2. Platz voll in Ordnung.<br><\/p>\n\n\n\n<p>Aufstellung: Frank Babenst\u00fcber, Michael Manhalter, Frank Dettling, Andreas M\u00e4hler, Heinz Ku\u00dfmaul,\u00a0Nico<br>Charalambus, Martin R\u00f6hm, Ayman Ghazi<\/p>\n\n\n\n<h3 class=\"wp-block-heading\" id=\"bericht2\">AH Turnier in Gechingen am 24.01.2020 &#8211; 2.Platz<\/h3>\n\n\n\n<p>SVM \u2013 SV Gechingen                       2:2 Steffen Gloger, Harald Sie\u00dfer<br>SVM \u2013 Spvgg Berneck\/Zwerenberg 2:0 Michael Manhalter, Ayman Ghazi<br>SVM \u2013 VFL Ostelsheim                    2:1 Michael Manhalter, Matthias Adis<br>SVM \u2013 VFR Hirsau                           2:2 Harald Sie\u00dfer, Andy M\u00e4hler<br><\/p>\n\n\n\n<p>Halbfinale<br>SVM \u2013 GSV Maichingen 1:0 Michael Manhalter<br><\/p>\n\n\n\n<p>Finale<br>SVM \u2013 TV G\u00fcltstein 0:1 Eigentor<br><\/p>\n\n\n\n<p>Fazit:\u00a0Tolle Leistung \u2013 leider durch ein Eigentor im Finale mit 1:0 verloren.<br>Aufstellung: Mario Klauss, Martin R\u00f6hm, Matthias Adis, Ayman Ghazi, Frank Dettling,Steffen Gloger, Harald Sie\u00dfer, Andy M\u00e4hler, Nico Charalambus, Michael Manhalter<\/p>\n\n\n\n<p><\/p>\n","protected":false},"excerpt":{"rendered":"<p>Hier die \u00dcbersicht f\u00fcr 2020: AH Turnier in Deckenpfronn am 04.01.2020 &#8211; 2.Platz AH Turnier in Gechingen am 24.01.2020 &#8211; 2.Platz AH Turnier in Deckenpfronn am 04.01.2020 &#8211; 2.Platz SVM \u2013 TSV Benzingen 2:1 Heinz Ku\u00dfmaul, Eigentor TSV BenzingenSVM \u2013<\/p>\n","protected":false},"author":1,"featured_media":0,"parent":0,"menu_order":0,"comment_status":"closed","ping_status":"closed","template":"","meta":{"footnotes":""},"class_list":["post-650","page","type-page","status-publish","hentry"],"yoast_head":"<!-- This site is optimized with the Yoast SEO plugin v27.4 - https:\/\/yoast.com\/product\/yoast-seo-wordpress\/ -->\n<title>AH-Berichte2020 &#8211; SV M\u00f6tzingen<\/title>\n<meta name=\"robots\" content=\"index, follow, max-snippet:-1, max-image-preview:large, max-video-preview:-1\" \/>\n<link rel=\"canonical\" href=\"https:\/\/www.sv-moetzingen.de\/svm\/ah-berichte2020\/\" \/>\n<meta property=\"og:locale\" content=\"de_DE\" \/>\n<meta property=\"og:type\" content=\"article\" \/>\n<meta property=\"og:title\" content=\"AH-Berichte2020 &#8211; SV M\u00f6tzingen\" \/>\n<meta property=\"og:description\" content=\"Hier die \u00dcbersicht f\u00fcr 2020: AH Turnier in Deckenpfronn am 04.01.2020 &#8211; 2.Platz AH Turnier in Gechingen am 24.01.2020 &#8211; 2.Platz AH Turnier in Deckenpfronn am 04.01.2020 &#8211; 2.Platz SVM \u2013 TSV Benzingen 2:1 Heinz Ku\u00dfmaul, Eigentor TSV BenzingenSVM \u2013\" \/>\n<meta property=\"og:url\" content=\"https:\/\/www.sv-moetzingen.de\/svm\/ah-berichte2020\/\" \/>\n<meta property=\"og:site_name\" content=\"SV M\u00f6tzingen\" \/>\n<meta property=\"article:publisher\" content=\"https:\/\/www.facebook.com\/SV-M%c3%b6tzingen-1925-eV-1475445622769203\" \/>\n<meta property=\"article:modified_time\" content=\"2021-01-02T13:23:43+00:00\" \/>\n<meta name=\"twitter:card\" content=\"summary_large_image\" \/>\n<meta name=\"twitter:label1\" content=\"Gesch\u00e4tzte Lesezeit\" \/>\n\t<meta name=\"twitter:data1\" content=\"3\u00a0Minuten\" \/>\n<script type=\"application\/ld+json\" class=\"yoast-schema-graph\">{\"@context\":\"https:\\\/\\\/schema.org\",\"@graph\":[{\"@type\":\"WebPage\",\"@id\":\"https:\\\/\\\/www.sv-moetzingen.de\\\/svm\\\/ah-berichte2020\\\/\",\"url\":\"https:\\\/\\\/www.sv-moetzingen.de\\\/svm\\\/ah-berichte2020\\\/\",\"name\":\"AH-Berichte2020 &#8211; SV M\u00f6tzingen\",\"isPartOf\":{\"@id\":\"https:\\\/\\\/www.sv-moetzingen.de\\\/svm\\\/#website\"},\"datePublished\":\"2021-01-02T11:04:16+00:00\",\"dateModified\":\"2021-01-02T13:23:43+00:00\",\"breadcrumb\":{\"@id\":\"https:\\\/\\\/www.sv-moetzingen.de\\\/svm\\\/ah-berichte2020\\\/#breadcrumb\"},\"inLanguage\":\"de\",\"potentialAction\":[{\"@type\":\"ReadAction\",\"target\":[\"https:\\\/\\\/www.sv-moetzingen.de\\\/svm\\\/ah-berichte2020\\\/\"]}]},{\"@type\":\"BreadcrumbList\",\"@id\":\"https:\\\/\\\/www.sv-moetzingen.de\\\/svm\\\/ah-berichte2020\\\/#breadcrumb\",\"itemListElement\":[{\"@type\":\"ListItem\",\"position\":1,\"name\":\"Startseite\",\"item\":\"https:\\\/\\\/www.sv-moetzingen.de\\\/svm\\\/\"},{\"@type\":\"ListItem\",\"position\":2,\"name\":\"AH-Berichte2020\"}]},{\"@type\":\"WebSite\",\"@id\":\"https:\\\/\\\/www.sv-moetzingen.de\\\/svm\\\/#website\",\"url\":\"https:\\\/\\\/www.sv-moetzingen.de\\\/svm\\\/\",\"name\":\"SV M\u00f6tzingen 1925 e.V.\",\"description\":\"\",\"publisher\":{\"@id\":\"https:\\\/\\\/www.sv-moetzingen.de\\\/svm\\\/#organization\"},\"potentialAction\":[{\"@type\":\"SearchAction\",\"target\":{\"@type\":\"EntryPoint\",\"urlTemplate\":\"https:\\\/\\\/www.sv-moetzingen.de\\\/svm\\\/?s={search_term_string}\"},\"query-input\":{\"@type\":\"PropertyValueSpecification\",\"valueRequired\":true,\"valueName\":\"search_term_string\"}}],\"inLanguage\":\"de\"},{\"@type\":\"Organization\",\"@id\":\"https:\\\/\\\/www.sv-moetzingen.de\\\/svm\\\/#organization\",\"name\":\"SV M\u00f6tzingen 1925 e.V.\",\"url\":\"https:\\\/\\\/www.sv-moetzingen.de\\\/svm\\\/\",\"logo\":{\"@type\":\"ImageObject\",\"inLanguage\":\"de\",\"@id\":\"https:\\\/\\\/www.sv-moetzingen.de\\\/svm\\\/#\\\/schema\\\/logo\\\/image\\\/\",\"url\":\"\",\"contentUrl\":\"\",\"caption\":\"SV M\u00f6tzingen 1925 e.V.\"},\"image\":{\"@id\":\"https:\\\/\\\/www.sv-moetzingen.de\\\/svm\\\/#\\\/schema\\\/logo\\\/image\\\/\"},\"sameAs\":[\"https:\\\/\\\/www.facebook.com\\\/SV-M\u00f6tzingen-1925-eV-1475445622769203\"]}]}<\/script>\n<!-- \/ Yoast SEO plugin. -->","yoast_head_json":{"title":"AH-Berichte2020 &#8211; SV M\u00f6tzingen","robots":{"index":"index","follow":"follow","max-snippet":"max-snippet:-1","max-image-preview":"max-image-preview:large","max-video-preview":"max-video-preview:-1"},"canonical":"https:\/\/www.sv-moetzingen.de\/svm\/ah-berichte2020\/","og_locale":"de_DE","og_type":"article","og_title":"AH-Berichte2020 &#8211; SV M\u00f6tzingen","og_description":"Hier die \u00dcbersicht f\u00fcr 2020: AH Turnier in Deckenpfronn am 04.01.2020 &#8211; 2.Platz AH Turnier in Gechingen am 24.01.2020 &#8211; 2.Platz AH Turnier in Deckenpfronn am 04.01.2020 &#8211; 2.Platz SVM \u2013 TSV Benzingen 2:1 Heinz Ku\u00dfmaul, Eigentor TSV BenzingenSVM \u2013","og_url":"https:\/\/www.sv-moetzingen.de\/svm\/ah-berichte2020\/","og_site_name":"SV M\u00f6tzingen","article_publisher":"https:\/\/www.facebook.com\/SV-M%c3%b6tzingen-1925-eV-1475445622769203","article_modified_time":"2021-01-02T13:23:43+00:00","twitter_card":"summary_large_image","twitter_misc":{"Gesch\u00e4tzte Lesezeit":"3\u00a0Minuten"},"schema":{"@context":"https:\/\/schema.org","@graph":[{"@type":"WebPage","@id":"https:\/\/www.sv-moetzingen.de\/svm\/ah-berichte2020\/","url":"https:\/\/www.sv-moetzingen.de\/svm\/ah-berichte2020\/","name":"AH-Berichte2020 &#8211; SV M\u00f6tzingen","isPartOf":{"@id":"https:\/\/www.sv-moetzingen.de\/svm\/#website"},"datePublished":"2021-01-02T11:04:16+00:00","dateModified":"2021-01-02T13:23:43+00:00","breadcrumb":{"@id":"https:\/\/www.sv-moetzingen.de\/svm\/ah-berichte2020\/#breadcrumb"},"inLanguage":"de","potentialAction":[{"@type":"ReadAction","target":["https:\/\/www.sv-moetzingen.de\/svm\/ah-berichte2020\/"]}]},{"@type":"BreadcrumbList","@id":"https:\/\/www.sv-moetzingen.de\/svm\/ah-berichte2020\/#breadcrumb","itemListElement":[{"@type":"ListItem","position":1,"name":"Startseite","item":"https:\/\/www.sv-moetzingen.de\/svm\/"},{"@type":"ListItem","position":2,"name":"AH-Berichte2020"}]},{"@type":"WebSite","@id":"https:\/\/www.sv-moetzingen.de\/svm\/#website","url":"https:\/\/www.sv-moetzingen.de\/svm\/","name":"SV M\u00f6tzingen 1925 e.V.","description":"","publisher":{"@id":"https:\/\/www.sv-moetzingen.de\/svm\/#organization"},"potentialAction":[{"@type":"SearchAction","target":{"@type":"EntryPoint","urlTemplate":"https:\/\/www.sv-moetzingen.de\/svm\/?s={search_term_string}"},"query-input":{"@type":"PropertyValueSpecification","valueRequired":true,"valueName":"search_term_string"}}],"inLanguage":"de"},{"@type":"Organization","@id":"https:\/\/www.sv-moetzingen.de\/svm\/#organization","name":"SV M\u00f6tzingen 1925 e.V.","url":"https:\/\/www.sv-moetzingen.de\/svm\/","logo":{"@type":"ImageObject","inLanguage":"de","@id":"https:\/\/www.sv-moetzingen.de\/svm\/#\/schema\/logo\/image\/","url":"","contentUrl":"","caption":"SV M\u00f6tzingen 1925 e.V."},"image":{"@id":"https:\/\/www.sv-moetzingen.de\/svm\/#\/schema\/logo\/image\/"},"sameAs":["https:\/\/www.facebook.com\/SV-M\u00f6tzingen-1925-eV-1475445622769203"]}]}},"rttpg_featured_image_url":null,"rttpg_author":{"display_name":"sira","author_link":"https:\/\/www.sv-moetzingen.de\/svm\/author\/sira\/"},"rttpg_comment":0,"rttpg_category":null,"rttpg_excerpt":"Hier die \u00dcbersicht f\u00fcr 2020: AH Turnier in Deckenpfronn am 04.01.2020 &#8211; 2.Platz AH Turnier in Gechingen am 24.01.2020 &#8211; 2.Platz AH Turnier in Deckenpfronn am 04.01.2020 &#8211; 2.Platz SVM \u2013 TSV Benzingen 2:1 Heinz Ku\u00dfmaul, Eigentor TSV BenzingenSVM \u2013","_links":{"self":[{"href":"https:\/\/www.sv-moetzingen.de\/svm\/wp-json\/wp\/v2\/pages\/650","targetHints":{"allow":["GET"]}}],"collection":[{"href":"https:\/\/www.sv-moetzingen.de\/svm\/wp-json\/wp\/v2\/pages"}],"about":[{"href":"https:\/\/www.sv-moetzingen.de\/svm\/wp-json\/wp\/v2\/types\/page"}],"author":[{"embeddable":true,"href":"https:\/\/www.sv-moetzingen.de\/svm\/wp-json\/wp\/v2\/users\/1"}],"replies":[{"embeddable":true,"href":"https:\/\/www.sv-moetzingen.de\/svm\/wp-json\/wp\/v2\/comments?post=650"}],"version-history":[{"count":3,"href":"https:\/\/www.sv-moetzingen.de\/svm\/wp-json\/wp\/v2\/pages\/650\/revisions"}],"predecessor-version":[{"id":702,"href":"https:\/\/www.sv-moetzingen.de\/svm\/wp-json\/wp\/v2\/pages\/650\/revisions\/702"}],"wp:attachment":[{"href":"https:\/\/www.sv-moetzingen.de\/svm\/wp-json\/wp\/v2\/media?parent=650"}],"curies":[{"name":"wp","href":"https:\/\/api.w.org\/{rel}","templated":true}]}}