{"id":657,"date":"2021-01-02T12:07:20","date_gmt":"2021-01-02T11:07:20","guid":{"rendered":"https:\/\/www.sv-moetzingen.de\/svm\/?page_id=657"},"modified":"2021-01-10T14:18:32","modified_gmt":"2021-01-10T13:18:32","slug":"ah-berichte2019","status":"publish","type":"page","link":"https:\/\/www.sv-moetzingen.de\/svm\/ah-berichte2019\/","title":{"rendered":"AH-Berichte2019"},"content":{"rendered":"\n<p>Hier die \u00dcbersicht f\u00fcr 2019:<\/p>\n\n\n\n<ul class=\"wp-block-list\"><li><a href=\"#bericht2\">\u00dc50 AH Turnier in Kuppingen am 04.01.2019 &#8211; 2.Platz<\/a><\/li><li><a href=\"#bericht3\">\u00dc40 AH Turnier in Bad Wildbad am 12.01.2019 &#8211; Vorrunde ausgeschieden<\/a><\/li><li><a href=\"#bericht4\">\u00dc40 Kleinfeldturnier am 18.05.2019 in Weitingen<\/a><\/li><li><a href=\"#bericht5\">WFV-\u00dc50-Cup Kleinfeldturnier in M\u00f6tzingen<\/a><\/li><li><a href=\"#bericht6\">Oldie Turnier \u00dc40 am 02.11.19 in Calmbach<\/a><\/li><\/ul>\n\n\n\n<h3 class=\"wp-block-heading\" id=\"bericht2\"><a href=\"https:\/\/www.sv-moetzingen.de\/svm\/wp-admin\/post.php?post=657&amp;action=edit#bericht2\">\u00dc50 AH Turnier in Kuppingen am 04.01.2019 &#8211; 2.Platz<\/a><\/h3>\n\n\n\n<p>SVM \u2013 FV M\u00f6nchberg      2:1&nbsp;&nbsp;&nbsp;&nbsp;Andy M\u00e4hler, Rainer Bertsch<br>SVM \u2013 TSV Wildberg&nbsp;&nbsp;&nbsp;    2:0&nbsp;&nbsp;&nbsp;&nbsp;Frank Babenst\u00fcber, Vasilios Aslanidis<br>SVM \u2013 TSV Kuppingen    0:1&nbsp;&nbsp;&nbsp;&nbsp;Michael Manhalter (3x), Nico Charalambus &nbsp;&nbsp;&nbsp;&nbsp;&nbsp;&nbsp;&nbsp;&nbsp;&nbsp;&nbsp;&nbsp;&nbsp;&nbsp;&nbsp;&nbsp;&nbsp;&nbsp;&nbsp;<\/p>\n\n\n\n<p>Im ersten Spiel gegen FV M\u00f6nchberg fanden wir nicht in Spiel und gerieten relativ fr\u00fch durch einen gezielten Fernschuss durch Charly Mayer mit 1:0 in R\u00fcckstand. Danach zeigten wir eine gute Reaktion und spielten besser nach vorne. Durch einen sch\u00f6nen Doppelpass mit Rainer Bertsch erzielt Andy M\u00e4hler den Ausgleichstreffer. Beide Mannschaften hatten noch mehrere Chancen zum Sieg. Durch einen sch\u00f6nen Konter, eingeleitet durch Vasi, erzielte Rainer Bertsch 5 Sekunden vor Schluss den gl\u00fccklichen Siegtreffer.<\/p>\n\n\n\n<p>Im 2.Spiel gegen TSV Wildberg standen wir von Anfang an hinten besser und kontrollierten Ball und Gegner. Rainer Bertsch setzte sich an der Au\u00dfenlinie durch, bediente Frank Babenst\u00fcber in der Mitte und der musste nur noch einschieben. Wenig sp\u00e4ter erzielte dann Vasilios Aslanidis durch einen sch\u00f6nen vorgetragenen Konter durch Zuspiel von Andy M\u00e4hler das 2:0. Somit war das Spiel entschieden.<\/p>\n\n\n\n<p>Im 3.Spiel gegen Kuppingen ging es um den Turniersieg. Wir standen am Anfang hinten gut und hatten auch 2 gute Chancen durch Gilbert Hoffmann und Vasilios Aslanidis (Pfosten und Lattenteffer) zum 1:0. Die vergebenen Torchancen sollten sich aber sp\u00e4ter r\u00e4chen. Durch einen Wechselfehler war Kuppingen in \u00dcberzahl und nutzte dies geschickt zur F\u00fchrung aus. Danach spielten wir offensiver und hatten Pech \u2013 als der Schiedsrichter einen f\u00e4lligen 9 Meter nicht gepfiffen hat.&nbsp;&nbsp;Eine klare Fehlentscheidung vom schlechten Schiedsrichter. In der Folge hatten die&nbsp;&nbsp;Kuppinger noch mehrere Gro\u00dfchancen um das Ergebnis zu erh\u00f6hen. Wir selbst konnten uns keine&nbsp;&nbsp;weiteren Torchancen herausspielen.<\/p>\n\n\n\n<p>Fazit: Im Finale fehlte uns ein wenig Gl\u00fcck um gegen Kuppingen zu gewinnen.<\/p>\n\n\n\n<p>Aufstellung:Steffen Hinzke, Frank Babenst\u00fcber, Rainer Bertsch, Holger Frank, Vasilios Aslanidis,&nbsp;Evangelis Archontoglou, Gilbert Hofmann, Andreas M\u00e4hler<\/p>\n\n\n\n<h3 class=\"wp-block-heading\" id=\"bericht3\"><a href=\"https:\/\/www.sv-moetzingen.de\/svm\/wp-admin\/post.php?post=657&amp;action=edit#bericht3\">\u00dc40 AH Turnier in Bad Wildbad am 12.01.2019 &#8211; Vorrunde ausgeschieden<\/a><\/h3>\n\n\n\n<p>SVM \u2013 NK Posavina Pforzheim&nbsp;&nbsp;&nbsp;&nbsp;&nbsp;&nbsp;&nbsp;0:3<br>SVM \u2013 TSV Schwarzenberg&nbsp;&nbsp;&nbsp;&nbsp;&nbsp;&nbsp;&nbsp;&nbsp;&nbsp;&nbsp;&nbsp;&nbsp; 2:0&nbsp;&nbsp;&nbsp;&nbsp;Gilbert Hofmann, Nico Charalambus<br>SVM \u2013 1.FC Calmbach&nbsp;&nbsp;&nbsp;&nbsp;&nbsp;&nbsp;&nbsp;&nbsp;&nbsp;&nbsp;&nbsp;&nbsp;&nbsp;&nbsp;&nbsp;&nbsp;&nbsp;&nbsp;&nbsp;&nbsp;&nbsp;3:5&nbsp;&nbsp;&nbsp;&nbsp;Michael Manhalter , Nico Charalambus (2x) &nbsp;&nbsp;&nbsp;&nbsp;&nbsp;&nbsp;&nbsp;&nbsp;&nbsp;&nbsp;&nbsp;&nbsp;&nbsp;&nbsp;&nbsp;&nbsp;&nbsp;&nbsp;<\/p>\n\n\n\n<p>Aufstellung: Steffen Hinzke, Frank Babenst\u00fcber, Nico Charalambus, Gilbert Hofmann, Andreas M\u00e4hler, Heinz Ku\u00dfmaul, Frank Dettling, Michael Manhalter<\/p>\n\n\n\n<h3 class=\"wp-block-heading\" id=\"bericht4\">\u00dc40 Kleinfeldturnier am 18.05.2019 in Weitingen<\/h3>\n\n\n\n<p>SVM \u2013 SG Weildorf\/Bittelbronn&nbsp;&nbsp;&nbsp;&nbsp;&nbsp;&nbsp; 0:1<br>SVM \u2013 SG Empfingen&nbsp;&nbsp;&nbsp;&nbsp;&nbsp;&nbsp;&nbsp;&nbsp;&nbsp;&nbsp;&nbsp;&nbsp;&nbsp;&nbsp;&nbsp;&nbsp;&nbsp;&nbsp;&nbsp;&nbsp;&nbsp;&nbsp; 0:0<br>SVM \u2013 SV Baisingen&nbsp;&nbsp;&nbsp;&nbsp;&nbsp;&nbsp;&nbsp;&nbsp;&nbsp;&nbsp;&nbsp;&nbsp;&nbsp;&nbsp;&nbsp;&nbsp;&nbsp;&nbsp;&nbsp;&nbsp;&nbsp;&nbsp;&nbsp;&nbsp; 1:0&nbsp;&nbsp;&nbsp;&nbsp;&nbsp;&nbsp;&nbsp;&nbsp;&nbsp;&nbsp;&nbsp;&nbsp;&nbsp;&nbsp;&nbsp;&nbsp;&nbsp;&nbsp; Ayman Ghazi<br>SVM \u2013 TSV Dagersheim&nbsp;&nbsp;&nbsp;&nbsp;&nbsp;&nbsp;&nbsp;&nbsp;&nbsp;&nbsp;&nbsp;&nbsp;&nbsp;&nbsp;&nbsp;&nbsp;&nbsp;&nbsp; 0:1<\/p>\n\n\n\n<p>Im ersten Spiel gegen den sp\u00e4teren Turniersieger haben wir verdient verloren, da wir zu hektisch vor dem Tor waren und unsere Chancen nicht genutzt haben (Pfostenschuss durch Rainer Bertsch). Wir standen nicht kompakt genug und hatte somit weite Laufwege und viele L\u00f6cher im Mittelfeld. Andy M\u00e4hler im Tor konnte am Gegentor nichts ausrichten.<\/p>\n\n\n\n<p>Im 2. Spiel haben wir dann die Ordnung gefunden und standen viel kompakter in der Abwehr. Wir lie\u00dfen keine Torchancen vom Gegner zu. Allerdings war das Spiel nach vorne zu harmlos, sodass das Unentschieden am Ende gerecht war.<\/p>\n\n\n\n<p>Im 3 Spiel gegen den st\u00e4rksten Gegner SV Baisingen stand die Abwehr sehr gut und lie\u00df dem Gegner nur wenig Raum zu. Die Baisinger konnten ihre \u00dcberlegenheit und ihre Torchancen nicht ausnutzen. Durch einen geschickten Konter eingeleitet durch Nico Charalambus und abgeschlossen durch Ayman Ghazi gingen wir mit gl\u00fccklich mit 1:0 in F\u00fchrung.<\/p>\n\n\n\n<p>Im letzten Spiel gegen TSV Dagersheim mussten wir unbedingt gewinnen um noch die Chance aufs weiterkommen zu haben. Wir begannen sehr konzentriert und spielten uns gute Torchancen heraus. Leider hatten wir heute Pech und Rainer Bertsch traf zum 2. Mal am heutigen Tag den Pfosten. Kurz vor dem Ende versuchte unser Torwart Andy M\u00e4hler einen Alleingang. Er scheiterte aber ungl\u00fccklich am Torwart. Im Gegenzug bekamen wir dann den Gegentreffer.<\/p>\n\n\n\n<p>Fazit: Durch eine bessere Chancenverwertung w\u00e4re ein Weiterkommen m\u00f6glich gewesen.<\/p>\n\n\n\n<p>Aufstellung: Andreas M\u00e4hler, Frank Dettling, Michael Hiller, Heinz Ku\u00dfmaul, Mario Klauss, Niko Charalambus, Rainer Bertsch, Ayman<\/p>\n\n\n\n<figure class=\"wp-block-image size-large is-resized\"><img loading=\"lazy\" decoding=\"async\" src=\"https:\/\/www.sv-moetzingen.de\/svm\/wp-content\/uploads\/2021\/01\/20190518_AH_Weitingen_Ue40_1.jpg\" alt=\"\" class=\"wp-image-1218\" width=\"669\" height=\"446\" srcset=\"https:\/\/www.sv-moetzingen.de\/svm\/wp-content\/uploads\/2021\/01\/20190518_AH_Weitingen_Ue40_1.jpg 1024w, https:\/\/www.sv-moetzingen.de\/svm\/wp-content\/uploads\/2021\/01\/20190518_AH_Weitingen_Ue40_1-300x200.jpg 300w, https:\/\/www.sv-moetzingen.de\/svm\/wp-content\/uploads\/2021\/01\/20190518_AH_Weitingen_Ue40_1-768x512.jpg 768w, https:\/\/www.sv-moetzingen.de\/svm\/wp-content\/uploads\/2021\/01\/20190518_AH_Weitingen_Ue40_1-360x240.jpg 360w\" sizes=\"auto, (max-width: 669px) 100vw, 669px\" \/><\/figure>\n\n\n\n<figure class=\"wp-block-image size-large is-resized\"><img loading=\"lazy\" decoding=\"async\" src=\"https:\/\/www.sv-moetzingen.de\/svm\/wp-content\/uploads\/2021\/01\/20190518_AH_Weitingen_Ue40_2.jpg\" alt=\"\" class=\"wp-image-1219\" width=\"668\" height=\"407\" srcset=\"https:\/\/www.sv-moetzingen.de\/svm\/wp-content\/uploads\/2021\/01\/20190518_AH_Weitingen_Ue40_2.jpg 1024w, https:\/\/www.sv-moetzingen.de\/svm\/wp-content\/uploads\/2021\/01\/20190518_AH_Weitingen_Ue40_2-300x183.jpg 300w, https:\/\/www.sv-moetzingen.de\/svm\/wp-content\/uploads\/2021\/01\/20190518_AH_Weitingen_Ue40_2-768x468.jpg 768w\" sizes=\"auto, (max-width: 668px) 100vw, 668px\" \/><\/figure>\n\n\n\n<h3 class=\"wp-block-heading\" id=\"bericht5\">WFV-\u00dc50-Cup Kleinfeldturnier in M\u00f6tzingen<\/h3>\n\n\n\n<p>Gruppenspiele:<\/p>\n\n\n\n<p>SVM \u2013 Zrinski-Wailbingen&nbsp;&nbsp;&nbsp;&nbsp;&nbsp;&nbsp;&nbsp;&nbsp;&nbsp;&nbsp;&nbsp;&nbsp;1:1&nbsp;&nbsp;&nbsp;&nbsp;&nbsp;&nbsp;Ingo Lang<br>SVM \u2013 TSV Ehningen&nbsp;&nbsp;&nbsp;&nbsp;&nbsp;&nbsp;&nbsp;&nbsp;&nbsp;&nbsp;&nbsp;&nbsp;&nbsp;&nbsp;&nbsp;&nbsp;&nbsp;&nbsp;&nbsp;0:0<br>SVM \u2013 SPFR B\u00fchlerzell&nbsp;&nbsp;&nbsp;&nbsp;&nbsp;&nbsp;&nbsp;&nbsp;&nbsp;&nbsp;&nbsp;&nbsp;&nbsp;&nbsp;&nbsp; 1:0&nbsp;&nbsp;&nbsp;&nbsp;&nbsp;&nbsp;Rainer Bertsch<br>SVM \u2013 SV Leingarten&nbsp;&nbsp;&nbsp;&nbsp;&nbsp;&nbsp;&nbsp;&nbsp;&nbsp;&nbsp;&nbsp;&nbsp;&nbsp;&nbsp;&nbsp;&nbsp;&nbsp;&nbsp;&nbsp;2:1&nbsp;&nbsp;&nbsp;&nbsp;&nbsp;&nbsp;Andy M\u00e4hler<br>SVM \u2013 SPVGG Oberndorf&nbsp;&nbsp;&nbsp;&nbsp;&nbsp;&nbsp;&nbsp;&nbsp;&nbsp;&nbsp;&nbsp;&nbsp; 2:1&nbsp;&nbsp;&nbsp;&nbsp;&nbsp;&nbsp;Ingo Lang, Andy M\u00e4hler<\/p>\n\n\n\n<p>Man ging mit einem Elf-Mann-Kader in das Turnier. Somit waren wir gut aufgestellt. Da wir zu viel Offensivspieler hatten musste improvisiert werden. Andy spielte die ersten 2 Spiele von hinten heraus um die Abwehr zu verst\u00e4rken. Aber man hat bald gesehen, dass er sich da hinten nicht so wohlf\u00fchlte. In den ersten beiden Spielen kam man noch nicht so richtig in Fahrt. Nach Umstellungen ging man die letzten 3 Spiele als Sieger vom Platz. Die Mannschaft hatte sich besser gefunden und erzielte dabei sch\u00f6n heraus gespielte Tore. Unser Torwart Diddi Sch\u00fchle hielt mit seinen tollen Paraden uns immer wieder im Spiel. Somit standen wir, ohne eine Niederlage, im Halbfinale.<\/p>\n\n\n\n<p>Halbfinale:<br>SVM \u2013 Kuppingen&nbsp;&nbsp;&nbsp;&nbsp;&nbsp;&nbsp;&nbsp;&nbsp;&nbsp;&nbsp;&nbsp;&nbsp;&nbsp;&nbsp;&nbsp;&nbsp;&nbsp;&nbsp;&nbsp;&nbsp;&nbsp;&nbsp;&nbsp;&nbsp;&nbsp;&nbsp;0:4<\/p>\n\n\n\n<p>Gegen Kuppingen war eine klare Marschroute angesagt, aber der Eine oder andere hatte nicht richtig zugeh\u00f6rt. Ruck zuck lagen wir gleich zu Beginn der Partie 2:0 zur\u00fcck, da unsere Abwehr zu weit aufger\u00fcckt war. Und durch unn\u00f6tige Ballverluste konnte der Gegner alleine, von der Mittellinie aus, auf unseren Torwart zulaufen und vollstrecken. Das gab nat\u00fcrlich einen Knacks in der Mannschaft. Man hatte sich viel mehr vorgenommen. Man muss aber auch sagen, dass die Kuppinger kompakt standen und l\u00e4uferisch gut unterwegs waren. Laut Zeitungsbericht hatten die Kuppinger ein Traumspiel gesehen, aber Tatsache war, dass wir sie durch unn\u00f6tige Fehler in der Vorw\u00e4rtsbewegung zum Tore schie\u00dfen einluden.<\/p>\n\n\n\n<p>Platz 3 und 4:<br>SVM \u2013 SPFR B\u00fchlerzell&nbsp;&nbsp;&nbsp;&nbsp;&nbsp;&nbsp;&nbsp;&nbsp;&nbsp;&nbsp;&nbsp;&nbsp;&nbsp;&nbsp;&nbsp;0:2<\/p>\n\n\n\n<p>Zu Beginn des Turniers hatten wir 5 Auswechselspieler. Durch Verletzungen und anderweitige Verpflichtungen hatten wir am Schluss nur noch einen Ersatzspieler. Das nutzte der Gegner sofort aus. Man versuchte aber trotzdem noch ein gutes Ergebnis zu erzielen. Aber man hat gemerkt die Luft war raus, obwohl man immer wieder versuchte nach vorne zu spielen blieb der letzte Pass zum Tor aus.<\/p>\n\n\n\n<p>Fazit: Da wir einige neue Spieler dabei hatten kam man nur schleppend in das Turnier rein, aber mit der Zeit und den Umstellungen wurde es dann besser. Die Spieler lie\u00dfen sich nicht h\u00e4ngen und holten das Bestm\u00f6gliche aus sich heraus wenn man bedenkt, dass sie gegen ehemalige Landesligaspieler spielen mussten.<\/p>\n\n\n\n<p>Danke an die Aushilfsspieler: Ali Cakmak, Ayman&nbsp;Ghazi, Gilbert Hofmann, Ingo Lang, Diddi Sch\u00fcle f\u00fcr ihr Mitwirken. Nat\u00fcrlich geht auch ein Dank an die komplette Mannschaft.<\/p>\n\n\n\n<p>Ein gro\u00dfer Dank geht an die Verantwortlichen des SV M\u00f6tzingen f\u00fcr das Ausrichten des WFV-Turnier. Nur durch ihren Einsatz konnte es zu einem tollen Turnier werden.<\/p>\n\n\n\n<p>Aufsstellung: Evangelis Archontoglu Frank Babenst\u00fcber, Rainer Bertsch, Steffen Hinzke, Andy M\u00e4hler, Martin R\u00f6hm, Ingo Lang, Dietmar Sch\u00fcle, Ayman Ghazi, Gilbert Hofmann, Ali Cakmak<\/p>\n\n\n\n<figure class=\"wp-block-image size-large is-resized\"><img loading=\"lazy\" decoding=\"async\" src=\"https:\/\/www.sv-moetzingen.de\/svm\/wp-content\/uploads\/2021\/01\/20190607_AH_WFV_Ue50_2.jpg\" alt=\"\" class=\"wp-image-1221\" width=\"669\" height=\"331\" srcset=\"https:\/\/www.sv-moetzingen.de\/svm\/wp-content\/uploads\/2021\/01\/20190607_AH_WFV_Ue50_2.jpg 1024w, https:\/\/www.sv-moetzingen.de\/svm\/wp-content\/uploads\/2021\/01\/20190607_AH_WFV_Ue50_2-300x149.jpg 300w, https:\/\/www.sv-moetzingen.de\/svm\/wp-content\/uploads\/2021\/01\/20190607_AH_WFV_Ue50_2-768x380.jpg 768w\" sizes=\"auto, (max-width: 669px) 100vw, 669px\" \/><\/figure>\n\n\n\n<figure class=\"wp-block-image size-large is-resized\"><img loading=\"lazy\" decoding=\"async\" src=\"https:\/\/www.sv-moetzingen.de\/svm\/wp-content\/uploads\/2021\/01\/20190607_AH_WFV_Ue50_1.jpg\" alt=\"\" class=\"wp-image-1223\" width=\"675\" height=\"379\" srcset=\"https:\/\/www.sv-moetzingen.de\/svm\/wp-content\/uploads\/2021\/01\/20190607_AH_WFV_Ue50_1.jpg 1024w, https:\/\/www.sv-moetzingen.de\/svm\/wp-content\/uploads\/2021\/01\/20190607_AH_WFV_Ue50_1-300x168.jpg 300w, https:\/\/www.sv-moetzingen.de\/svm\/wp-content\/uploads\/2021\/01\/20190607_AH_WFV_Ue50_1-768x431.jpg 768w\" sizes=\"auto, (max-width: 675px) 100vw, 675px\" \/><\/figure>\n\n\n\n<h3 class=\"wp-block-heading\" id=\"bericht6\">Oldie Turnier \u00dc40 am 02.11.19 in Calmbach<\/h3>\n\n\n\n<p>SVM \u2013 1.FC 08 Birkenfeld  1:1 Michael Manhalter<br>SVM \u2013 Slavia Pforzheim    1:2 Michael Manhalter<br>SVM \u2013 VFL H\u00f6fen              2:1 Frank Dettling, Heinz Ku\u00dfmaul<\/p>\n\n\n\n<p>Im ersten Spiel gegen Birkenfeld kamen wir gut ins Spiel und gingen schnell durch MichaelManhalter in F\u00fchrung. Nach der F\u00fchrung verloren wir die Ordnung und bekamen 40 Sekunden vorSchluss noch den Ausgleichtreffer.Im 2. Spiel gegen Pforzheim erzielten wir schnell das 1:0. Daniel G\u00e4rtner erk\u00e4mpfte sich den Ballim Mittelfeld, bediente Michael Manhalter und der verwandelte eiskalt zum 1:0. Danach hattenwir das Spiel im Griff und hatten noch mehrere Torchancen die allesamt ungenutzt blieben. Diessollte sich sp\u00e4ter r\u00e4chen. Nach einer sch\u00f6nen Einzelleistung vom Pforzheimer St\u00fcrmer bekamenwir prompt den Ausgleich. Durch eine Ecke gerieten wir in einen Konter und Torwart Andy M\u00e4hlerkonnte den Siegtreffer von Pforzheim nicht verhindern.Im letzten Spiel gegen H\u00f6fen mussten wir unbedingt gewinnen um noch eine Chance aufsWeiterkommen zu haben. Wir lagen schnell mit 2:0 in F\u00fchrung durch die sch\u00f6n herausgespieltenTreffer von Frank Dettling und Heinz Ku\u00dfmaul. Wie in allen 3 Spielen bekamen wir auch in diesemSpiel in den letzten Minuten noch einen Gegentreffer und somit wurde es nochmals spannend.<\/p>\n\n\n\n<p>Fazit: Wir haben alle Gegner dominiert, bekamen aber immer in den letzten 3 Minuten die Gegentore.<\/p>\n\n\n\n<p>Aufstellung: Andy M\u00e4hler, Frank Dettling, Heinz Ku\u00dfmaul, Rainer Bertsch, Michael Manhalter, Daniel G\u00e4rtner, Harald Sie\u00dfer<\/p>\n","protected":false},"excerpt":{"rendered":"<p>Hier die \u00dcbersicht f\u00fcr 2019: \u00dc50 AH Turnier in Kuppingen am 04.01.2019 &#8211; 2.Platz \u00dc40 AH Turnier in Bad Wildbad am 12.01.2019 &#8211; Vorrunde ausgeschieden \u00dc40 Kleinfeldturnier am 18.05.2019 in Weitingen WFV-\u00dc50-Cup Kleinfeldturnier in M\u00f6tzingen Oldie Turnier \u00dc40 am 02.11.19<\/p>\n","protected":false},"author":1,"featured_media":0,"parent":0,"menu_order":0,"comment_status":"closed","ping_status":"closed","template":"","meta":{"footnotes":""},"class_list":["post-657","page","type-page","status-publish","hentry"],"yoast_head":"<!-- This site is optimized with the Yoast SEO plugin v27.4 - https:\/\/yoast.com\/product\/yoast-seo-wordpress\/ -->\n<title>AH-Berichte2019 &#8211; SV M\u00f6tzingen<\/title>\n<meta name=\"robots\" content=\"index, follow, max-snippet:-1, max-image-preview:large, max-video-preview:-1\" \/>\n<link rel=\"canonical\" href=\"https:\/\/www.sv-moetzingen.de\/svm\/ah-berichte2019\/\" \/>\n<meta property=\"og:locale\" content=\"de_DE\" \/>\n<meta property=\"og:type\" content=\"article\" \/>\n<meta property=\"og:title\" content=\"AH-Berichte2019 &#8211; SV M\u00f6tzingen\" \/>\n<meta property=\"og:description\" content=\"Hier die \u00dcbersicht f\u00fcr 2019: \u00dc50 AH Turnier in Kuppingen am 04.01.2019 &#8211; 2.Platz \u00dc40 AH Turnier in Bad Wildbad am 12.01.2019 &#8211; Vorrunde ausgeschieden \u00dc40 Kleinfeldturnier am 18.05.2019 in Weitingen WFV-\u00dc50-Cup Kleinfeldturnier in M\u00f6tzingen Oldie Turnier \u00dc40 am 02.11.19\" \/>\n<meta property=\"og:url\" content=\"https:\/\/www.sv-moetzingen.de\/svm\/ah-berichte2019\/\" \/>\n<meta property=\"og:site_name\" content=\"SV M\u00f6tzingen\" \/>\n<meta property=\"article:publisher\" content=\"https:\/\/www.facebook.com\/SV-M%c3%b6tzingen-1925-eV-1475445622769203\" \/>\n<meta property=\"article:modified_time\" content=\"2021-01-10T13:18:32+00:00\" \/>\n<meta property=\"og:image\" content=\"https:\/\/www.sv-moetzingen.de\/svm\/wp-content\/uploads\/2021\/01\/20190518_AH_Weitingen_Ue40_1.jpg\" \/>\n<meta name=\"twitter:card\" content=\"summary_large_image\" \/>\n<meta name=\"twitter:label1\" content=\"Gesch\u00e4tzte Lesezeit\" \/>\n\t<meta name=\"twitter:data1\" content=\"8\u00a0Minuten\" \/>\n<script type=\"application\/ld+json\" class=\"yoast-schema-graph\">{\"@context\":\"https:\\\/\\\/schema.org\",\"@graph\":[{\"@type\":\"WebPage\",\"@id\":\"https:\\\/\\\/www.sv-moetzingen.de\\\/svm\\\/ah-berichte2019\\\/\",\"url\":\"https:\\\/\\\/www.sv-moetzingen.de\\\/svm\\\/ah-berichte2019\\\/\",\"name\":\"AH-Berichte2019 &#8211; SV M\u00f6tzingen\",\"isPartOf\":{\"@id\":\"https:\\\/\\\/www.sv-moetzingen.de\\\/svm\\\/#website\"},\"primaryImageOfPage\":{\"@id\":\"https:\\\/\\\/www.sv-moetzingen.de\\\/svm\\\/ah-berichte2019\\\/#primaryimage\"},\"image\":{\"@id\":\"https:\\\/\\\/www.sv-moetzingen.de\\\/svm\\\/ah-berichte2019\\\/#primaryimage\"},\"thumbnailUrl\":\"https:\\\/\\\/www.sv-moetzingen.de\\\/svm\\\/wp-content\\\/uploads\\\/2021\\\/01\\\/20190518_AH_Weitingen_Ue40_1.jpg\",\"datePublished\":\"2021-01-02T11:07:20+00:00\",\"dateModified\":\"2021-01-10T13:18:32+00:00\",\"breadcrumb\":{\"@id\":\"https:\\\/\\\/www.sv-moetzingen.de\\\/svm\\\/ah-berichte2019\\\/#breadcrumb\"},\"inLanguage\":\"de\",\"potentialAction\":[{\"@type\":\"ReadAction\",\"target\":[\"https:\\\/\\\/www.sv-moetzingen.de\\\/svm\\\/ah-berichte2019\\\/\"]}]},{\"@type\":\"ImageObject\",\"inLanguage\":\"de\",\"@id\":\"https:\\\/\\\/www.sv-moetzingen.de\\\/svm\\\/ah-berichte2019\\\/#primaryimage\",\"url\":\"https:\\\/\\\/www.sv-moetzingen.de\\\/svm\\\/wp-content\\\/uploads\\\/2021\\\/01\\\/20190518_AH_Weitingen_Ue40_1.jpg\",\"contentUrl\":\"https:\\\/\\\/www.sv-moetzingen.de\\\/svm\\\/wp-content\\\/uploads\\\/2021\\\/01\\\/20190518_AH_Weitingen_Ue40_1.jpg\",\"width\":1024,\"height\":683},{\"@type\":\"BreadcrumbList\",\"@id\":\"https:\\\/\\\/www.sv-moetzingen.de\\\/svm\\\/ah-berichte2019\\\/#breadcrumb\",\"itemListElement\":[{\"@type\":\"ListItem\",\"position\":1,\"name\":\"Startseite\",\"item\":\"https:\\\/\\\/www.sv-moetzingen.de\\\/svm\\\/\"},{\"@type\":\"ListItem\",\"position\":2,\"name\":\"AH-Berichte2019\"}]},{\"@type\":\"WebSite\",\"@id\":\"https:\\\/\\\/www.sv-moetzingen.de\\\/svm\\\/#website\",\"url\":\"https:\\\/\\\/www.sv-moetzingen.de\\\/svm\\\/\",\"name\":\"SV M\u00f6tzingen 1925 e.V.\",\"description\":\"\",\"publisher\":{\"@id\":\"https:\\\/\\\/www.sv-moetzingen.de\\\/svm\\\/#organization\"},\"potentialAction\":[{\"@type\":\"SearchAction\",\"target\":{\"@type\":\"EntryPoint\",\"urlTemplate\":\"https:\\\/\\\/www.sv-moetzingen.de\\\/svm\\\/?s={search_term_string}\"},\"query-input\":{\"@type\":\"PropertyValueSpecification\",\"valueRequired\":true,\"valueName\":\"search_term_string\"}}],\"inLanguage\":\"de\"},{\"@type\":\"Organization\",\"@id\":\"https:\\\/\\\/www.sv-moetzingen.de\\\/svm\\\/#organization\",\"name\":\"SV M\u00f6tzingen 1925 e.V.\",\"url\":\"https:\\\/\\\/www.sv-moetzingen.de\\\/svm\\\/\",\"logo\":{\"@type\":\"ImageObject\",\"inLanguage\":\"de\",\"@id\":\"https:\\\/\\\/www.sv-moetzingen.de\\\/svm\\\/#\\\/schema\\\/logo\\\/image\\\/\",\"url\":\"\",\"contentUrl\":\"\",\"caption\":\"SV M\u00f6tzingen 1925 e.V.\"},\"image\":{\"@id\":\"https:\\\/\\\/www.sv-moetzingen.de\\\/svm\\\/#\\\/schema\\\/logo\\\/image\\\/\"},\"sameAs\":[\"https:\\\/\\\/www.facebook.com\\\/SV-M\u00f6tzingen-1925-eV-1475445622769203\"]}]}<\/script>\n<!-- \/ Yoast SEO plugin. -->","yoast_head_json":{"title":"AH-Berichte2019 &#8211; SV M\u00f6tzingen","robots":{"index":"index","follow":"follow","max-snippet":"max-snippet:-1","max-image-preview":"max-image-preview:large","max-video-preview":"max-video-preview:-1"},"canonical":"https:\/\/www.sv-moetzingen.de\/svm\/ah-berichte2019\/","og_locale":"de_DE","og_type":"article","og_title":"AH-Berichte2019 &#8211; SV M\u00f6tzingen","og_description":"Hier die \u00dcbersicht f\u00fcr 2019: \u00dc50 AH Turnier in Kuppingen am 04.01.2019 &#8211; 2.Platz \u00dc40 AH Turnier in Bad Wildbad am 12.01.2019 &#8211; Vorrunde ausgeschieden \u00dc40 Kleinfeldturnier am 18.05.2019 in Weitingen WFV-\u00dc50-Cup Kleinfeldturnier in M\u00f6tzingen Oldie Turnier \u00dc40 am 02.11.19","og_url":"https:\/\/www.sv-moetzingen.de\/svm\/ah-berichte2019\/","og_site_name":"SV M\u00f6tzingen","article_publisher":"https:\/\/www.facebook.com\/SV-M%c3%b6tzingen-1925-eV-1475445622769203","article_modified_time":"2021-01-10T13:18:32+00:00","og_image":[{"url":"https:\/\/www.sv-moetzingen.de\/svm\/wp-content\/uploads\/2021\/01\/20190518_AH_Weitingen_Ue40_1.jpg","type":"","width":"","height":""}],"twitter_card":"summary_large_image","twitter_misc":{"Gesch\u00e4tzte Lesezeit":"8\u00a0Minuten"},"schema":{"@context":"https:\/\/schema.org","@graph":[{"@type":"WebPage","@id":"https:\/\/www.sv-moetzingen.de\/svm\/ah-berichte2019\/","url":"https:\/\/www.sv-moetzingen.de\/svm\/ah-berichte2019\/","name":"AH-Berichte2019 &#8211; SV M\u00f6tzingen","isPartOf":{"@id":"https:\/\/www.sv-moetzingen.de\/svm\/#website"},"primaryImageOfPage":{"@id":"https:\/\/www.sv-moetzingen.de\/svm\/ah-berichte2019\/#primaryimage"},"image":{"@id":"https:\/\/www.sv-moetzingen.de\/svm\/ah-berichte2019\/#primaryimage"},"thumbnailUrl":"https:\/\/www.sv-moetzingen.de\/svm\/wp-content\/uploads\/2021\/01\/20190518_AH_Weitingen_Ue40_1.jpg","datePublished":"2021-01-02T11:07:20+00:00","dateModified":"2021-01-10T13:18:32+00:00","breadcrumb":{"@id":"https:\/\/www.sv-moetzingen.de\/svm\/ah-berichte2019\/#breadcrumb"},"inLanguage":"de","potentialAction":[{"@type":"ReadAction","target":["https:\/\/www.sv-moetzingen.de\/svm\/ah-berichte2019\/"]}]},{"@type":"ImageObject","inLanguage":"de","@id":"https:\/\/www.sv-moetzingen.de\/svm\/ah-berichte2019\/#primaryimage","url":"https:\/\/www.sv-moetzingen.de\/svm\/wp-content\/uploads\/2021\/01\/20190518_AH_Weitingen_Ue40_1.jpg","contentUrl":"https:\/\/www.sv-moetzingen.de\/svm\/wp-content\/uploads\/2021\/01\/20190518_AH_Weitingen_Ue40_1.jpg","width":1024,"height":683},{"@type":"BreadcrumbList","@id":"https:\/\/www.sv-moetzingen.de\/svm\/ah-berichte2019\/#breadcrumb","itemListElement":[{"@type":"ListItem","position":1,"name":"Startseite","item":"https:\/\/www.sv-moetzingen.de\/svm\/"},{"@type":"ListItem","position":2,"name":"AH-Berichte2019"}]},{"@type":"WebSite","@id":"https:\/\/www.sv-moetzingen.de\/svm\/#website","url":"https:\/\/www.sv-moetzingen.de\/svm\/","name":"SV M\u00f6tzingen 1925 e.V.","description":"","publisher":{"@id":"https:\/\/www.sv-moetzingen.de\/svm\/#organization"},"potentialAction":[{"@type":"SearchAction","target":{"@type":"EntryPoint","urlTemplate":"https:\/\/www.sv-moetzingen.de\/svm\/?s={search_term_string}"},"query-input":{"@type":"PropertyValueSpecification","valueRequired":true,"valueName":"search_term_string"}}],"inLanguage":"de"},{"@type":"Organization","@id":"https:\/\/www.sv-moetzingen.de\/svm\/#organization","name":"SV M\u00f6tzingen 1925 e.V.","url":"https:\/\/www.sv-moetzingen.de\/svm\/","logo":{"@type":"ImageObject","inLanguage":"de","@id":"https:\/\/www.sv-moetzingen.de\/svm\/#\/schema\/logo\/image\/","url":"","contentUrl":"","caption":"SV M\u00f6tzingen 1925 e.V."},"image":{"@id":"https:\/\/www.sv-moetzingen.de\/svm\/#\/schema\/logo\/image\/"},"sameAs":["https:\/\/www.facebook.com\/SV-M\u00f6tzingen-1925-eV-1475445622769203"]}]}},"rttpg_featured_image_url":null,"rttpg_author":{"display_name":"sira","author_link":"https:\/\/www.sv-moetzingen.de\/svm\/author\/sira\/"},"rttpg_comment":0,"rttpg_category":null,"rttpg_excerpt":"Hier die \u00dcbersicht f\u00fcr 2019: \u00dc50 AH Turnier in Kuppingen am 04.01.2019 &#8211; 2.Platz \u00dc40 AH Turnier in Bad Wildbad am 12.01.2019 &#8211; Vorrunde ausgeschieden \u00dc40 Kleinfeldturnier am 18.05.2019 in Weitingen WFV-\u00dc50-Cup Kleinfeldturnier in M\u00f6tzingen Oldie Turnier \u00dc40 am 02.11.19","_links":{"self":[{"href":"https:\/\/www.sv-moetzingen.de\/svm\/wp-json\/wp\/v2\/pages\/657","targetHints":{"allow":["GET"]}}],"collection":[{"href":"https:\/\/www.sv-moetzingen.de\/svm\/wp-json\/wp\/v2\/pages"}],"about":[{"href":"https:\/\/www.sv-moetzingen.de\/svm\/wp-json\/wp\/v2\/types\/page"}],"author":[{"embeddable":true,"href":"https:\/\/www.sv-moetzingen.de\/svm\/wp-json\/wp\/v2\/users\/1"}],"replies":[{"embeddable":true,"href":"https:\/\/www.sv-moetzingen.de\/svm\/wp-json\/wp\/v2\/comments?post=657"}],"version-history":[{"count":24,"href":"https:\/\/www.sv-moetzingen.de\/svm\/wp-json\/wp\/v2\/pages\/657\/revisions"}],"predecessor-version":[{"id":1224,"href":"https:\/\/www.sv-moetzingen.de\/svm\/wp-json\/wp\/v2\/pages\/657\/revisions\/1224"}],"wp:attachment":[{"href":"https:\/\/www.sv-moetzingen.de\/svm\/wp-json\/wp\/v2\/media?parent=657"}],"curies":[{"name":"wp","href":"https:\/\/api.w.org\/{rel}","templated":true}]}}